{"id":1042,"date":"2024-10-27T12:32:15","date_gmt":"2024-10-27T12:32:15","guid":{"rendered":"https:\/\/compartiendoondas.com\/?page_id=1042"},"modified":"2025-05-26T17:29:54","modified_gmt":"2025-05-26T17:29:54","slug":"compacompartiendo-ondas-15","status":"publish","type":"page","link":"https:\/\/compartiendoondas.com\/?page_id=1042","title":{"rendered":"COMPARTIENDO ONDAS 15"},"content":{"rendered":"\n<p class=\"has-text-align-center has-vivid-cyan-blue-color has-text-color has-link-color has-x-large-font-size wp-elements-7a28193ecfb93a368cb3a3fb5714fe25\"><strong>COMPARTIENDO ONDAS 15<\/strong><\/p>\n\n\n\n<div style=\"height:30px\" aria-hidden=\"true\" class=\"wp-block-spacer\"><\/div>\n\n\n\n<p class=\"has-text-align-center has-medium-font-size\"><strong>EL CUENTO \u00bfC\u00f3mo es tu mundo feliz?<\/strong><br><\/p>\n\n\n\n<div style=\"height:30px\" aria-hidden=\"true\" class=\"wp-block-spacer\"><\/div>\n\n\n\n<p class=\"has-vivid-cyan-blue-color has-text-color has-link-color has-medium-font-size wp-elements-be865e703d9f441d174ac1f05d710483\"><strong>PARTICIPANTES<\/strong><\/p>\n\n\n\n<p class=\"has-medium-font-size\"><strong>Mujeres y ni\u00f1as de la Federaci\u00f3 de Dones Progressistes de la Comunitat Valenciana.<\/strong><br><\/p>\n\n\n\n<div style=\"height:30px\" aria-hidden=\"true\" class=\"wp-block-spacer\"><\/div>\n\n\n\n<p>Hoy en Valencia estamos un grupo de chicas con una gran amistad. Somos de Bolivia y de Venezuela, y os queremos contar una historia.<\/p>\n\n\n\n<figure class=\"wp-block-image size-large\"><img loading=\"lazy\" decoding=\"async\" width=\"1024\" height=\"683\" src=\"https:\/\/compartiendoondas.com\/wp-content\/uploads\/2024\/10\/CO15-02-1024x683.jpg\" alt=\"\" class=\"wp-image-1049\" srcset=\"https:\/\/compartiendoondas.com\/wp-content\/uploads\/2024\/10\/CO15-02-1024x683.jpg 1024w, https:\/\/compartiendoondas.com\/wp-content\/uploads\/2024\/10\/CO15-02-300x200.jpg 300w, https:\/\/compartiendoondas.com\/wp-content\/uploads\/2024\/10\/CO15-02-768x512.jpg 768w, https:\/\/compartiendoondas.com\/wp-content\/uploads\/2024\/10\/CO15-02.jpg 1323w\" sizes=\"auto, (max-width: 1024px) 100vw, 1024px\" \/><\/figure>\n\n\n\n<div style=\"height:30px\" aria-hidden=\"true\" class=\"wp-block-spacer\"><\/div>\n\n\n\n<figure class=\"wp-block-audio\"><audio controls src=\"https:\/\/compartiendoondas.com\/wp-content\/uploads\/2024\/10\/CUENTO-FEDERACION.mp3\"><\/audio><figcaption class=\"wp-element-caption\"><strong>Dale al play y escucha el cuento.<\/strong><\/figcaption><\/figure>\n\n\n\n<div style=\"height:30px\" aria-hidden=\"true\" class=\"wp-block-spacer\"><\/div>\n\n\n\n<p>Una hermosa ma\u00f1ana de verano, Valentina jugaba sola en el parque, y pens\u00f3 \u201c\u00a1qu\u00e9 aburrida estoy!\u201d,&nbsp; y Valentina quiso hacer amigas.<\/p>\n\n\n\n<p>Fue caminando por el parque para ver a qui\u00e9n encontraba, y all\u00ed estaba otra ni\u00f1a.&nbsp;<\/p>\n\n\n\n<ul class=\"wp-block-list\">\n<li><em>Hola \u00bfc\u00f3mo te llamas?<\/em><\/li>\n\n\n\n<li><em>\u00c1ngeles, y me gusta jugar.<\/em><\/li>\n\n\n\n<li><em>Yo soy Valentina y me gusta bailar.<\/em><\/li>\n\n\n\n<li><em>\u00bfQuieres ser mi amiga?<\/em><\/li>\n\n\n\n<li><em>S\u00ed!!!!<\/em><\/li>\n<\/ul>\n\n\n\n<p>\u00c1ngeles y Valentina se han conocido, y a las dos les gusta hacer cosas diferentes. Entre las dos har\u00e1n una linda amistad.<\/p>\n\n\n\n<p>Continuaron caminando por el parque, agarradas de las mano, cantando y jugando, cuando se encuentran a otra ni\u00f1a.<\/p>\n\n\n\n<ul class=\"wp-block-list\">\n<li><em>Hola somos \u00c1ngeles y Valentina, \u00bfC\u00f3mo te llamas?&nbsp;<\/em><\/li>\n\n\n\n<li><em>Soy Alison.<\/em><\/li>\n\n\n\n<li><em>\u00bfQu\u00e9 es lo que m\u00e1s te gusta hacer, Alison?<\/em><\/li>\n\n\n\n<li><em>Me gusta mucho cantar.<\/em><\/li>\n\n\n\n<li><em>\u00bfNos cantas una canci\u00f3n?<\/em><\/li>\n<\/ul>\n\n\n\n<figure class=\"wp-block-image size-large\"><img loading=\"lazy\" decoding=\"async\" width=\"1024\" height=\"682\" src=\"https:\/\/compartiendoondas.com\/wp-content\/uploads\/2024\/10\/CO15-03-1024x682.jpg\" alt=\"\" class=\"wp-image-1050\" srcset=\"https:\/\/compartiendoondas.com\/wp-content\/uploads\/2024\/10\/CO15-03-1024x682.jpg 1024w, https:\/\/compartiendoondas.com\/wp-content\/uploads\/2024\/10\/CO15-03-300x200.jpg 300w, https:\/\/compartiendoondas.com\/wp-content\/uploads\/2024\/10\/CO15-03-768x512.jpg 768w, https:\/\/compartiendoondas.com\/wp-content\/uploads\/2024\/10\/CO15-03.jpg 1438w\" sizes=\"auto, (max-width: 1024px) 100vw, 1024px\" \/><\/figure>\n\n\n\n<p>Y Alison les cant\u00f3 una canci\u00f3n del valor de la amistad, que les gust\u00f3 mucho!!!<\/p>\n\n\n\n<p>Qu\u00e9 hemosa melod\u00eda, las tres han cantado maravillosamente.<\/p>\n\n\n\n<p>Siguen caminando por el parque, en este d\u00eda maravilloso de verano. \u00a1 Pero qu\u00e9 sorpresa !. Se han encontrado a una nueva amiguita, \u00bfC\u00f3mo se llamar\u00e1?<\/p>\n\n\n\n<ul class=\"wp-block-list\">\n<li><em>Hola , \u00bfC\u00f3mo te llamas?<\/em><\/li>\n\n\n\n<li><em>Hola, me llamo Luc\u00eda Fernanda.<\/em><\/li>\n\n\n\n<li><em>Nosotras somos Valentina, Alison y \u00c1ngeles. \u00bfQuieres ser nuestra amiga?.<\/em><\/li>\n\n\n\n<li><em>Claro que s\u00ed !!!<\/em><\/li>\n\n\n\n<li><em>\u00bfQu\u00e9 te gusta hacer?&nbsp;<\/em><\/li>\n\n\n\n<li><em>Me gusta pintar mandalas, de muchos colores. El rosa es el que m\u00e1s me gusta y tambi\u00e9n todos los colores del arco\u00edris.<\/em><\/li>\n<\/ul>\n\n\n\n<div class=\"wp-block-columns is-layout-flex wp-container-core-columns-is-layout-28f84493 wp-block-columns-is-layout-flex\">\n<div class=\"wp-block-column is-layout-flow wp-block-column-is-layout-flow\">\n<figure class=\"wp-block-image size-large\"><img loading=\"lazy\" decoding=\"async\" width=\"1024\" height=\"683\" src=\"https:\/\/compartiendoondas.com\/wp-content\/uploads\/2024\/10\/CO15-04-1024x683.jpg\" alt=\"\" class=\"wp-image-1054\" srcset=\"https:\/\/compartiendoondas.com\/wp-content\/uploads\/2024\/10\/CO15-04-1024x683.jpg 1024w, https:\/\/compartiendoondas.com\/wp-content\/uploads\/2024\/10\/CO15-04-300x200.jpg 300w, https:\/\/compartiendoondas.com\/wp-content\/uploads\/2024\/10\/CO15-04-768x512.jpg 768w, https:\/\/compartiendoondas.com\/wp-content\/uploads\/2024\/10\/CO15-04.jpg 1416w\" sizes=\"auto, (max-width: 1024px) 100vw, 1024px\" \/><\/figure>\n\n\n\n<figure class=\"wp-block-image size-large\"><img loading=\"lazy\" decoding=\"async\" width=\"1024\" height=\"682\" src=\"https:\/\/compartiendoondas.com\/wp-content\/uploads\/2024\/10\/CO15-06-1024x682.jpg\" alt=\"\" class=\"wp-image-1055\" srcset=\"https:\/\/compartiendoondas.com\/wp-content\/uploads\/2024\/10\/CO15-06-1024x682.jpg 1024w, https:\/\/compartiendoondas.com\/wp-content\/uploads\/2024\/10\/CO15-06-300x200.jpg 300w, https:\/\/compartiendoondas.com\/wp-content\/uploads\/2024\/10\/CO15-06-768x512.jpg 768w, https:\/\/compartiendoondas.com\/wp-content\/uploads\/2024\/10\/CO15-06-1536x1023.jpg 1536w, https:\/\/compartiendoondas.com\/wp-content\/uploads\/2024\/10\/CO15-06.jpg 1600w\" sizes=\"auto, (max-width: 1024px) 100vw, 1024px\" \/><\/figure>\n<\/div>\n\n\n\n<div class=\"wp-block-column is-layout-flow wp-block-column-is-layout-flow\">\n<figure class=\"wp-block-image size-large\"><img loading=\"lazy\" decoding=\"async\" width=\"1024\" height=\"682\" src=\"https:\/\/compartiendoondas.com\/wp-content\/uploads\/2024\/10\/CO15-05-1024x682.jpg\" alt=\"\" class=\"wp-image-1052\" srcset=\"https:\/\/compartiendoondas.com\/wp-content\/uploads\/2024\/10\/CO15-05-1024x682.jpg 1024w, https:\/\/compartiendoondas.com\/wp-content\/uploads\/2024\/10\/CO15-05-300x200.jpg 300w, https:\/\/compartiendoondas.com\/wp-content\/uploads\/2024\/10\/CO15-05-768x512.jpg 768w, https:\/\/compartiendoondas.com\/wp-content\/uploads\/2024\/10\/CO15-05-1536x1023.jpg 1536w, https:\/\/compartiendoondas.com\/wp-content\/uploads\/2024\/10\/CO15-05.jpg 1540w\" sizes=\"auto, (max-width: 1024px) 100vw, 1024px\" \/><\/figure>\n\n\n\n<figure class=\"wp-block-image size-large\"><img loading=\"lazy\" decoding=\"async\" width=\"1024\" height=\"682\" src=\"https:\/\/compartiendoondas.com\/wp-content\/uploads\/2024\/10\/CO15-07-1024x682.jpg\" alt=\"\" class=\"wp-image-1053\" srcset=\"https:\/\/compartiendoondas.com\/wp-content\/uploads\/2024\/10\/CO15-07-1024x682.jpg 1024w, https:\/\/compartiendoondas.com\/wp-content\/uploads\/2024\/10\/CO15-07-300x200.jpg 300w, https:\/\/compartiendoondas.com\/wp-content\/uploads\/2024\/10\/CO15-07-768x512.jpg 768w, https:\/\/compartiendoondas.com\/wp-content\/uploads\/2024\/10\/CO15-07-1536x1023.jpg 1536w, https:\/\/compartiendoondas.com\/wp-content\/uploads\/2024\/10\/CO15-07.jpg 1600w\" sizes=\"auto, (max-width: 1024px) 100vw, 1024px\" \/><\/figure>\n<\/div>\n<\/div>\n\n\n\n<p>Las tres ni\u00f1as han jugado y se han divertido mucho, cantaron, pintaron y bailaron, y se encontraron a unas mujeres, a las que les preguntaron: <strong>\u00bfC\u00f3mo es tu mundo feliz?<\/strong><\/p>\n\n\n\n<p class=\"has-vivid-purple-color has-text-color has-link-color wp-elements-6b635ca61917dc51d5f39872b613e3cd\"><em><strong>Hola Lecna, \u00bf C\u00f3mo es tu mundo feliz?.<\/strong><\/em><\/p>\n\n\n\n<p><em>Mi mundo feliz es un mundo de baile. Me gusta mucho bailar, porque me anima la vida. Si tengo alguna pena o preocupaci\u00f3n se me quita bailando.<\/em><\/p>\n\n\n\n<p class=\"has-vivid-purple-color has-text-color has-link-color wp-elements-8b0a921093b5e7ba4f461e12330a684b\"><em><strong>\u00bfTe da energ\u00eda el baile?<\/strong><\/em><\/p>\n\n\n\n<p><em>S\u00ed, mucha energ\u00eda.<\/em><\/p>\n\n\n\n<p class=\"has-vivid-green-cyan-color has-text-color has-link-color wp-elements-1de49b5bee67bc1ec5530e60d729e87a\"><em><strong>Hola Ire Valentina \u00bfC\u00f3mo es tu mundo feliz?.<\/strong><\/em><\/p>\n\n\n\n<p><em>Me gusta con respeto.<\/em><\/p>\n\n\n\n<p class=\"has-vivid-green-cyan-color has-text-color has-link-color wp-elements-25b9af96499a78accdf2d602a8a7db51\"><em><strong>\u00bfQu\u00e9 es el respeto?<\/strong><\/em><\/p>\n\n\n\n<p><em>Pues es consideraci\u00f3n y valoraci\u00f3n con las personas de alrededor. Saludarles, decir buenos d\u00edas, buenas noches, tener consideraci\u00f3n y atender sus diferencias.<\/em><\/p>\n\n\n\n<p class=\"has-vivid-cyan-blue-color has-text-color has-link-color wp-elements-fe536df6f3f615c349e85a07a6cfbf48\"><em><strong>Hola Guadalupe, \u00bfC\u00f3mo es tu mundo feliz?<\/strong><\/em><\/p>\n\n\n\n<p><em>Me gusta con paz y con tranquilidad, hacer amistades y tener y proteger una bonita naturaleza. Ayudar a las dem\u00e1s personas, y respetar y cuidar.<\/em><\/p>\n\n\n\n<p><em>Es importante ense\u00f1ar el valor del Amor, de la Amistad, la Amabilidad y valorar la uni\u00f3n familiar.<\/em><\/p>\n\n\n\n<p class=\"has-light-green-cyan-color has-text-color has-link-color wp-elements-e5561d837700b161806d8c6c4955b76b\"><em><strong>Hola Mar\u00eda Fernanda, \u00bfC\u00f3mo es tu mundo feliz?<\/strong><\/em><\/p>\n\n\n\n<p><em>Es cuando las ni\u00f1as y los ni\u00f1os est\u00e1n en Paz.<\/em><\/p>\n\n\n\n<p class=\"has-light-green-cyan-color has-text-color has-link-color wp-elements-3258c5544d1bb213410c4d4de34ac1a6\"><em><strong>\u00bfQu\u00e9 es la Paz?&nbsp;<\/strong><\/em><\/p>\n\n\n\n<p><em>La Paz es tratar bien a las personas, tal y como nos gustar\u00eda que nos trataran, aceptar las diferencias y aceptar las opiniones, aunque sean diferentes a las nuestras.<\/em><\/p>\n\n\n\n<p>Y estas mujeres maravillosas, entre ni\u00f1as y adultas, compartieron momentos hermosos creando un mundo feliz, donde reina la Paz, el Amor, el Respeto, el Cari\u00f1o y la Amistad.<\/p>\n\n\n\n<p>Bailaron, cantaron, pintaron y jugaron compartiendo, y ense\u00f1aron al mundo sus valores, y fueron muy felices para siempre.<\/p>\n\n\n\n<p>XIPI, XAPA, DUBI, DABA, M\u00c1GICO CON MI DUBI, DUBI, BUM BUM<\/p>\n\n\n\n<div style=\"height:30px\" aria-hidden=\"true\" class=\"wp-block-spacer\"><\/div>\n\n\n\n<figure class=\"wp-block-image aligncenter size-full is-resized\"><img loading=\"lazy\" decoding=\"async\" width=\"6912\" height=\"3456\" src=\"https:\/\/compartiendoondas.com\/wp-content\/uploads\/2025\/05\/LOGO-FEDERACIO.png\" alt=\"\" class=\"wp-image-1773\" style=\"width:450px\" srcset=\"https:\/\/compartiendoondas.com\/wp-content\/uploads\/2025\/05\/LOGO-FEDERACIO.png 6912w, https:\/\/compartiendoondas.com\/wp-content\/uploads\/2025\/05\/LOGO-FEDERACIO-300x150.png 300w, https:\/\/compartiendoondas.com\/wp-content\/uploads\/2025\/05\/LOGO-FEDERACIO-1024x512.png 1024w, https:\/\/compartiendoondas.com\/wp-content\/uploads\/2025\/05\/LOGO-FEDERACIO-2000x1000.png 2000w\" sizes=\"auto, (max-width: 6912px) 100vw, 6912px\" \/><\/figure>\n\n\n\n<div style=\"height:30px\" aria-hidden=\"true\" class=\"wp-block-spacer\"><\/div>\n\n\n\n<p><\/p>\n","protected":false},"excerpt":{"rendered":"<p>COMPARTIENDO ONDAS 15 EL CUENTO \u00bfC\u00f3mo es tu mundo feliz? PARTICIPANTES Mujeres y ni\u00f1as de la Federaci\u00f3 de Dones Progressistes de la Comunitat Valenciana. Hoy en Valencia estamos un grupo de chicas con una gran amistad. Somos de Bolivia y de Venezuela, y os queremos contar una historia. Una hermosa ma\u00f1ana de verano, Valentina jugaba &hellip; <\/p>\n<p class=\"link-more\"><a href=\"https:\/\/compartiendoondas.com\/?page_id=1042\" class=\"more-link\">Leer m\u00e1s<span class=\"screen-reader-text\"> \u00abCOMPARTIENDO ONDAS 15\u00bb<\/span><\/a><\/p>\n","protected":false},"author":2,"featured_media":0,"parent":2,"menu_order":15,"comment_status":"closed","ping_status":"closed","template":"","meta":{"om_disable_all_campaigns":false,"_monsterinsights_skip_tracking":false,"_monsterinsights_sitenote_active":false,"_monsterinsights_sitenote_note":"","_monsterinsights_sitenote_category":0,"footnotes":""},"class_list":["post-1042","page","type-page","status-publish","hentry"],"aioseo_notices":[],"_links":{"self":[{"href":"https:\/\/compartiendoondas.com\/index.php?rest_route=\/wp\/v2\/pages\/1042","targetHints":{"allow":["GET"]}}],"collection":[{"href":"https:\/\/compartiendoondas.com\/index.php?rest_route=\/wp\/v2\/pages"}],"about":[{"href":"https:\/\/compartiendoondas.com\/index.php?rest_route=\/wp\/v2\/types\/page"}],"author":[{"embeddable":true,"href":"https:\/\/compartiendoondas.com\/index.php?rest_route=\/wp\/v2\/users\/2"}],"replies":[{"embeddable":true,"href":"https:\/\/compartiendoondas.com\/index.php?rest_route=%2Fwp%2Fv2%2Fcomments&post=1042"}],"version-history":[{"count":8,"href":"https:\/\/compartiendoondas.com\/index.php?rest_route=\/wp\/v2\/pages\/1042\/revisions"}],"predecessor-version":[{"id":1775,"href":"https:\/\/compartiendoondas.com\/index.php?rest_route=\/wp\/v2\/pages\/1042\/revisions\/1775"}],"up":[{"embeddable":true,"href":"https:\/\/compartiendoondas.com\/index.php?rest_route=\/wp\/v2\/pages\/2"}],"wp:attachment":[{"href":"https:\/\/compartiendoondas.com\/index.php?rest_route=%2Fwp%2Fv2%2Fmedia&parent=1042"}],"curies":[{"name":"wp","href":"https:\/\/api.w.org\/{rel}","templated":true}]}}