{"id":1084,"date":"2024-11-18T07:24:41","date_gmt":"2024-11-18T07:24:41","guid":{"rendered":"https:\/\/compartiendoondas.com\/?page_id=1084"},"modified":"2024-11-19T07:28:23","modified_gmt":"2024-11-19T07:28:23","slug":"aviso-legal","status":"publish","type":"page","link":"https:\/\/compartiendoondas.com\/?page_id=1084","title":{"rendered":"Aviso Legal"},"content":{"rendered":"\n<ol class=\"wp-block-list\">\n<li><strong>RECOMENDACI\u00d3N PREVIA:<\/strong><\/li>\n<\/ol>\n\n\n\n<p><strong>P<\/strong>or favor, lea todos los apartados del presente aviso legal y nuestra pol\u00edtica de privacidad antes de utilizar este website. Las siguientes condiciones son vinculantes para cualquier usuario.&nbsp;<strong>D<\/strong><strong>ocumento revisado el 11\/09\/2020.<\/strong><\/p>\n\n\n\n<p>En cumplimiento del deber de informaci\u00f3n dispuesto en la Ley 34\/2002 de Servicios de la Sociedad de la Informaci\u00f3n y el Comercio Electr\u00f3nico (LSSI-CE) de 11 de julio, se facilitan a continuaci\u00f3n los siguientes datos de informaci\u00f3n general de este sitio web.<\/p>\n\n\n\n<ol class=\"wp-block-list\">\n<li><strong>INTRODUCCI\u00d3N, DATOS IDENTIFICATIVOS Y USUARIOS:<\/strong><\/li>\n<\/ol>\n\n\n\n<p>El presente aviso legal y nuestra pol\u00edtica de privacidad regulan el uso del servicio del PORTAL de Internet, inform\u00e1ndole en cumplimiento de la Ley 34\/2002, de 11 de julio lo siguiente:<\/p>\n\n\n\n<ul class=\"wp-block-list\">\n<li>Denominaci\u00f3n social: MOVIMIENTO POR LA PAZ, EL DESARME Y LA LIBERTAD &#8211; MPDL<\/li>\n\n\n\n<li>NIF: G28828001<\/li>\n\n\n\n<li>Correo electr\u00f3nico\u00a0<a href=\"mailto:mpdl@mpdl.org\">mpdl@mpdl.org<\/a>\u00a0\u00a0Tel\u00e9fono: 91429 76 44\u00a0\u00a0 Fax 91 429 73 73<\/li>\n\n\n\n<li>Delegado de Protecci\u00f3n de Datos:\u00a0<a href=\"mailto:dpo@mpdl.org\">dpo@mpdl.org<\/a><\/li>\n\n\n\n<li>Domicilio: C\/ Martos, 15-Local 28053-Madrid<\/li>\n\n\n\n<li>Actividad:<\/li>\n\n\n\n<li>Finalidad de la p\u00e1gina web: contactar, consultar o solicitarnos un presupuesto, dar a conocer nuestra actividad.<\/li>\n<\/ul>\n\n\n\n<p>El presente documento tiene por objeto establecer los t\u00e9rminos y condiciones generales de uso del PORTAL que son de obligada aceptaci\u00f3n y cumplimiento por parte de todos las personas, profesionales y empresas (en adelante el USUARIO), que deseen hacer uso de estos (actuales o nuevos servicios que MPDLpreste en el futuro a trav\u00e9s del PORTAL).<\/p>\n\n\n\n<ol start=\"2\" class=\"wp-block-list\">\n<li><strong>OBLIGACIONES USUARIOS, USO DEL SITIO WEB, SUS SERVICIOS Y CONTENIDOS;<\/strong><\/li>\n<\/ol>\n\n\n\n<p>El usuario se compromete a utilizar el portal, el contenido y servicios, sin contravenir la legislaci\u00f3n vigente, los usos generalmente aceptados y el orden p\u00fablico. Queda prohibido, el uso del Web con fines il\u00edcitos o lesivos contra MPDLo un tercero, que, de cualquier forma, puedan causar perjuicio o impedir el normal uso del PORTAL.<\/p>\n\n\n\n<p>MPDL garantiza que los contenidos y servicios que ofrece el portal respetan el principio de dignidad de la persona, de protecci\u00f3n de la juventud y la infancia, de no-discriminaci\u00f3n por motivos de raza, sexo, religi\u00f3n, opini\u00f3n, nacionalidad, discapacidad o cualquier otro aspecto personal y social. MPDL se reserva el derecho de retirar todos aquellos comentarios y aportaciones que vulneren la ley o no respetan los principios se\u00f1alados.<\/p>\n\n\n\n<p>Las presentes Condiciones Generales de Uso del PORTAL no confieren al USUARIO ning\u00fan otro derecho de uso, alteraci\u00f3n, explotaci\u00f3n, reproducci\u00f3n, distribuci\u00f3n o comunicaci\u00f3n p\u00fablica del Portal y\/o de sus Contenidos distintos de los aqu\u00ed expresamente previstos. Los contenidos (informaci\u00f3n, archivos de sonido y\/o imagen, fotograf\u00edas, dise\u00f1os, etc.) recogidos en el portal, son propiedad de MPDL o se encuentra debidamente autorizada para su difusi\u00f3n por sus leg\u00edtimos titulares. MPDL se compromete a no realizar publicidad enga\u00f1osa y, por tanto, queda prohibido:<\/p>\n\n\n\n<ul class=\"wp-block-list\">\n<li>El uso para todo tipo de fines comerciales o publicitarios, distintos de los estrictamente permitidos.<\/li>\n\n\n\n<li>Su reproducci\u00f3n, publicaci\u00f3n, distribuci\u00f3n o modificaci\u00f3n, total o parcial a menos que se cuente con la autorizaci\u00f3n previa y por escrito de sus leg\u00edtimos titulares o resulte legalmente permitido.<\/li>\n\n\n\n<li>Cualquier vulneraci\u00f3n de los derechos de MPDL o de sus leg\u00edtimos titulares sobre los mismos.<\/li>\n<\/ul>\n\n\n\n<ol start=\"3\" class=\"wp-block-list\">\n<li><strong>PROPIEDAD INTELECTUAL E INDUSTRIAL;<\/strong><\/li>\n<\/ol>\n\n\n\n<p>En todo caso, el USUARIO reconoce y acepta que todos los derechos de propiedad industrial e intelectual sobre los contenidos y\/o cualesquiera otros elementos insertados en el portal pertenecen a MPDL o se encuentra debidamente autorizada para su difusi\u00f3n en el presente PORTAL. En el caso de que un usuario o un tercero consideren que se ha producido una violaci\u00f3n de sus leg\u00edtimos derechos de propiedad intelectual por la introducci\u00f3n de un determinado contenido en la Web, deber\u00e1 notificar dicha circunstancia a MPDL indicando:<\/p>\n\n\n\n<ul class=\"wp-block-list\">\n<li>Datos personales del interesado titular de los derechos presuntamente infringidos, o indicar la representaci\u00f3n con la que act\u00faa en caso de que la reclamaci\u00f3n la presente un tercero distinto del interesado.<\/li>\n\n\n\n<li>Se\u00f1alar los contenidos protegidos por los derechos de propiedad intelectual y su ubicaci\u00f3n en el Web, la acreditaci\u00f3n de los derechos de propiedad intelectual se\u00f1alados y declaraci\u00f3n expresa en la que el interesado se responsabiliza de la veracidad de las informaciones facilitadas en la notificaci\u00f3n.<\/li>\n<\/ul>\n\n\n\n<ol start=\"4\" class=\"wp-block-list\">\n<li><strong>ENLACES<\/strong><\/li>\n<\/ol>\n\n\n\n<p>El PORTAL proporciona enlaces a otros sitios web y contenidos que son propiedad de terceros. El \u00fanico objeto de los enlaces es proporcionar al usuario la posibilidad de acceder a dichos enlaces. MPDL no se responsabiliza en ning\u00fan caso de los resultados que puedan derivarse al usuario por acceso a dichos enlaces.<\/p>\n\n\n\n<p>El usuario que se proponga establecer cualquier dispositivo t\u00e9cnico de enlace desde su sitio web al portal&nbsp;<a href=\"http:\/\/www.mpdl.org\/\">www.mpdl.org<\/a>&nbsp;&nbsp;&nbsp;deber\u00e1 obtener la autorizaci\u00f3n previa y escrita de RESPONSABLE. El establecimiento del enlace no implica en ning\u00fan caso la existencia de relaciones entre el PORTAL y el propietario del sitio en el que se establezca el enlace, ni la aceptaci\u00f3n o aprobaci\u00f3n por parte de&nbsp;<a href=\"http:\/\/www.mpd.org\/\">www.mpdl.org<\/a>&nbsp;de sus contenidos o servicios.<\/p>\n\n\n\n<ol start=\"5\" class=\"wp-block-list\">\n<li><strong>MODIFICACI\u00d3N UNILATERAL Y DURACI\u00d3N;<\/strong><\/li>\n<\/ol>\n\n\n\n<p>MPDL se reserva el derecho de modificar, en cualquier momento y sin necesidad de previo aviso, la presentaci\u00f3n y configuraci\u00f3n del PORTAL web&nbsp;<a href=\"http:\/\/www.mpdl.org\/\">www.mpdl.org<\/a>&nbsp;como el presente aviso legal.<\/p>\n\n\n\n<ol start=\"6\" class=\"wp-block-list\">\n<li><strong>EXCLUSI\u00d3N DE GARANT\u00cdAS Y RESPONSABILIDAD;<\/strong><\/li>\n<\/ol>\n\n\n\n<p>MPDL no otorga ninguna garant\u00eda ni se hace responsable, en ning\u00fan caso, de los da\u00f1os y perjuicios de cualquier naturaleza que pudieran acarrear a causa de:<\/p>\n\n\n\n<ul class=\"wp-block-list\">\n<li>La falta disponibilidad, mantenimiento y efectivo funcionamiento de la Web y\/o de sus servicios o contenidos.<\/li>\n\n\n\n<li>La existencia de virus, programas maliciosos o lesivos en los contenidos.<\/li>\n\n\n\n<li>El uso il\u00edcito, negligente, fraudulento, contrario a las presentes Condiciones Generales, a la buena fe, a los usos generalmente aceptados o al orden p\u00fablico, del sitio Web, sus servicios o contenidos, por parte de los usuarios.<\/li>\n<\/ul>\n\n\n\n<ol start=\"7\" class=\"wp-block-list\">\n<li><strong>TRATAMIENTO DE DATOS PERSONALES<\/strong><\/li>\n<\/ol>\n\n\n\n<p><strong>MOVIMIENTO POR LA PAZ, EL DESARME Y LA LIBERTAD &#8211; MPDL, tal y como recoge en su \u201cPOLITICA DE PRIVACIDAD\u201d, que puede consultar en nuestra web,<\/strong>&nbsp;ha adoptado los niveles de seguridad adecuados a los datos que trata y gestiona, incorporando todos los medios y medidas t\u00e9cnicas a su alcance para garantizar su confidencialidad, evitar su mal uso, p\u00e9rdida, alteraci\u00f3n, acceso no autorizado y robo.<\/p>\n\n\n\n<ol start=\"8\" class=\"wp-block-list\">\n<li><strong>LEGISLACI\u00d3N APLICABLE Y JURISDICCI\u00d3N;<\/strong><\/li>\n<\/ol>\n\n\n\n<p>Las presentes Condiciones Generales se regir\u00e1n por la legislaci\u00f3n espa\u00f1ola, sometidas a los juzgados y tribunales de la ciudad de Madrid (Espa\u00f1a) ante cualquier controversia derivada del acceso al PORTAL.<\/p>\n\n\n\n<ol start=\"9\" class=\"wp-block-list\">\n<li><strong>CONTACTO<\/strong><\/li>\n<\/ol>\n\n\n\n<p>En caso de que cualquier Usuario tuviese alguna duda acerca de este aviso legal o cualquier comentario sobre la web puede dirigirse a&nbsp;<a href=\"mailto:mpdl@mpdl.org\">mpdl@mpdl.org<\/a><\/p>\n","protected":false},"excerpt":{"rendered":"<p>Por favor, lea todos los apartados del presente aviso legal y nuestra pol\u00edtica de privacidad antes de utilizar este website. Las siguientes condiciones son vinculantes para cualquier usuario.&nbsp;Documento revisado el 11\/09\/2020. En cumplimiento del deber de informaci\u00f3n dispuesto en la Ley 34\/2002 de Servicios de la Sociedad de la Informaci\u00f3n y el Comercio Electr\u00f3nico (LSSI-CE) &hellip; <\/p>\n<p class=\"link-more\"><a href=\"https:\/\/compartiendoondas.com\/?page_id=1084\" class=\"more-link\">Leer m\u00e1s<span class=\"screen-reader-text\"> \u00abAviso Legal\u00bb<\/span><\/a><\/p>\n","protected":false},"author":1,"featured_media":0,"parent":0,"menu_order":0,"comment_status":"closed","ping_status":"closed","template":"","meta":{"om_disable_all_campaigns":false,"_monsterinsights_skip_tracking":false,"_monsterinsights_sitenote_active":false,"_monsterinsights_sitenote_note":"","_monsterinsights_sitenote_category":0,"footnotes":""},"class_list":["post-1084","page","type-page","status-publish","hentry"],"aioseo_notices":[],"_links":{"self":[{"href":"https:\/\/compartiendoondas.com\/index.php?rest_route=\/wp\/v2\/pages\/1084","targetHints":{"allow":["GET"]}}],"collection":[{"href":"https:\/\/compartiendoondas.com\/index.php?rest_route=\/wp\/v2\/pages"}],"about":[{"href":"https:\/\/compartiendoondas.com\/index.php?rest_route=\/wp\/v2\/types\/page"}],"author":[{"embeddable":true,"href":"https:\/\/compartiendoondas.com\/index.php?rest_route=\/wp\/v2\/users\/1"}],"replies":[{"embeddable":true,"href":"https:\/\/compartiendoondas.com\/index.php?rest_route=%2Fwp%2Fv2%2Fcomments&post=1084"}],"version-history":[{"count":2,"href":"https:\/\/compartiendoondas.com\/index.php?rest_route=\/wp\/v2\/pages\/1084\/revisions"}],"predecessor-version":[{"id":1141,"href":"https:\/\/compartiendoondas.com\/index.php?rest_route=\/wp\/v2\/pages\/1084\/revisions\/1141"}],"wp:attachment":[{"href":"https:\/\/compartiendoondas.com\/index.php?rest_route=%2Fwp%2Fv2%2Fmedia&parent=1084"}],"curies":[{"name":"wp","href":"https:\/\/api.w.org\/{rel}","templated":true}]}}