{"id":1086,"date":"2024-11-19T07:29:08","date_gmt":"2024-11-19T07:29:08","guid":{"rendered":"https:\/\/compartiendoondas.com\/?page_id=1086"},"modified":"2024-11-19T07:29:08","modified_gmt":"2024-11-19T07:29:08","slug":"politica-de-cookies","status":"publish","type":"page","link":"https:\/\/compartiendoondas.com\/?page_id=1086","title":{"rendered":"Pol\u00edtica de Cookies"},"content":{"rendered":"\n<h4 class=\"wp-block-heading\">Pol\u00edtica de&nbsp;<strong>Cookies<\/strong><\/h4>\n\n\n\n<p>Cookie&nbsp;es un&nbsp;<strong>fichero que se descarga en tu ordenador al acceder a determinadas p\u00e1ginas web<\/strong>. Las cookies permiten a una p\u00e1gina web, entre otras cosas, almacenar y recuperar informaci\u00f3n sobre los h\u00e1bitos de navegaci\u00f3n de un usuario o de su equipo y, dependiendo de la informaci\u00f3n que contengan y de la forma en que utilices tu equipo, pueden utilizarse para reconocer al usuario.&nbsp;<strong>El navegador del usuario memoriza cookies en el disco duro solamente durante la sesi\u00f3n actual ocupando un espacio de memoria m\u00ednimo<\/strong>&nbsp;y no perjudicando al ordenador. Las cookies no contienen ninguna clase de informaci\u00f3n personal espec\u00edfica, y la mayor\u00eda de las mismas se borran del disco duro al finalizar la sesi\u00f3n de navegador (las denominadas cookies de sesi\u00f3n).<\/p>\n\n\n\n<p>La&nbsp;<strong>mayor\u00eda de los navegadores aceptan como est\u00e1ndar a las cookies<\/strong>&nbsp;y, con independencia de las mismas, permiten o impiden en los ajustes de seguridad las cookies temporales o memorizadas. Sin tu expreso consentimiento \u2013mediante la activaci\u00f3n de las cookies en tu navegador\u2013&nbsp;<a href=\"http:\/\/www.mpdl.org\/\">www.mpdl.org<\/a>&nbsp;no enlazar\u00e1 en las cookies los datos memorizados con sus datos personales proporcionados en el momento del registro.<\/p>\n\n\n\n<h4 class=\"wp-block-heading\">\u00bfQu\u00e9&nbsp;<strong>tipos de Cookies<\/strong>&nbsp;utiliza esta p\u00e1gina web?<\/h4>\n\n\n\n<ul class=\"wp-block-list\">\n<li><strong>Cookies\u00a0t\u00e9cnicas:<\/strong>\u00a0Son aqu\u00e9llas que\u00a0<strong>permiten al usuario la navegaci\u00f3n a trav\u00e9s de una p\u00e1gina web, plataforma o aplicaci\u00f3n<\/strong>\u00a0y la utilizaci\u00f3n de las diferentes opciones o servicios que en ella existan como, por ejemplo, controlar el tr\u00e1fico y la comunicaci\u00f3n de datos, identificar la sesi\u00f3n, acceder a partes de acceso restringido, recordar los elementos que integran un pedido, realizar el proceso de compra de un pedido,\u00a0<strong>realizar la solicitud de inscripci\u00f3n o participaci\u00f3n en un event<\/strong>o, utilizar elementos de seguridad durante la navegaci\u00f3n, almacenar contenidos para la difusi\u00f3n de videos o sonido o compartir contenidos a trav\u00e9s de redes sociales.<\/li>\n\n\n\n<li><strong>Cookies\u00a0de personalizaci\u00f3n<\/strong>: Son aqu\u00e9llas que permiten al usuario acceder al servicio con algunas\u00a0<strong>caracter\u00edsticas de car\u00e1cter general predefinidas en funci\u00f3n de una serie de criterios en el terminal del usuario<\/strong>\u00a0como por ejemplo ser\u00edan el idioma, el tipo de navegador a trav\u00e9s del cual accede al servicio, la configuraci\u00f3n regional desde donde accede al servicio, etc.<\/li>\n\n\n\n<li><strong>Cookies de an\u00e1lisis<\/strong>: Son aqu\u00e9llas que bien tratadas por nosotros o por terceros, nos permiten\u00a0<strong>cuantificar el n\u00famero de usuarios<\/strong>\u00a0y as\u00ed realizar la medici\u00f3n y an\u00e1lisis estad\u00edstico de la utilizaci\u00f3n que hacen los usuarios del servicio ofertado. Para ello se analiza su navegaci\u00f3n en nuestra p\u00e1gina web con el fin de mejorar la oferta de productos o servicios que le ofrecemos.<\/li>\n<\/ul>\n\n\n\n<h4 class=\"wp-block-heading\">Cookies de&nbsp;<strong>terceros<\/strong><\/h4>\n\n\n\n<p>La Web de&nbsp;<a href=\"http:\/\/www.mpdl.org\/\">www.mpdl.org<\/a><a href=\"https:\/\/www.mpdl.org\/www.arysoft.es\"><\/a>&nbsp;puede utilizar&nbsp;servicios de terceros que, por cuenta de&nbsp;<a href=\"http:\/\/www.mpdl.org\/\">www.mpdl.org<\/a>, recopilar\u00e1n informaci\u00f3n con fines estad\u00edsticos, de uso del site por parte del usuario y para la prestacion de otros servicios relacionados con la actividad del Website y otros servicios de Internet.<\/p>\n\n\n\n<p>En particular, este sitio Web utiliza&nbsp;<a href=\"https:\/\/www.google.es\/intl\/es\/analytics\/\" target=\"_blank\" rel=\"noreferrer noopener\">Google Analytics<\/a>, un servicio anal\u00edtico de web prestado por Google, Inc. con domicilio en los Estados Unidos con sede central en 1600 Amphitheatre Parkway, Mountain View, California 94043.&nbsp; Para la prestaci\u00f3n de estos servicios, estos&nbsp;utilizan cookies que recopilan la informaci\u00f3n, incluida la&nbsp;<strong>direcci\u00f3n IP del usuario, que ser\u00e1&nbsp;transmitida, tratada y almacenada por&nbsp;Google&nbsp;en los t\u00e9rminos fijados en la Web Google.com<\/strong>. Incluyendo la posible&nbsp;transmisi\u00f3n de dicha informaci\u00f3n a terceros por razones de exigencia legal o cuando dichos terceros&nbsp;procesen la informaci\u00f3n por cuenta de Google.<\/p>\n\n\n\n<p><strong>El usuario acepta expresamente, por la utilizaci\u00f3n de este Site,&nbsp;el tratamiento de la informaci\u00f3n&nbsp;recabada en la forma y con los fines anteriormente mencionados.<\/strong>&nbsp;Y asimismo reconoce conocer la posibilidad de rechazar el tratamiento de&nbsp;tales datos o informaci\u00f3n&nbsp;rechazando el uso de Cookies mediante la selecci\u00f3n de la configuraci\u00f3n apropiada a tal fin en su navegador. Si bien esta opci\u00f3n de bloqueo de Cookies en tu navegador puede no permitirte el uso pleno de todas las funcionalidades del Website.<\/p>\n\n\n\n<h4 class=\"wp-block-heading\">Gesti\u00f3n de&nbsp;<strong>Cookies<\/strong><\/h4>\n\n\n\n<p>Puedes&nbsp;&nbsp;<strong>permitir, bloquear o eliminar las cookies instaladas en tu equipo<\/strong>&nbsp;mediante la configuraci\u00f3n de las opciones del navegador instalado en tu ordenador:<\/p>\n\n\n\n<ul class=\"wp-block-list\">\n<li><a href=\"http:\/\/support.google.com\/chrome\/bin\/answer.py?hl=es&amp;answer=95647\" target=\"_blank\" rel=\"noreferrer noopener\">Chrome<\/a><\/li>\n\n\n\n<li><a href=\"http:\/\/windows.microsoft.com\/es-es\/windows7\/how-to-manage-cookies-in-internet-explorer-9\" target=\"_blank\" rel=\"noreferrer noopener\">Explorer<\/a><\/li>\n\n\n\n<li><a href=\"http:\/\/support.mozilla.org\/es\/kb\/habilitar-y-deshabilitar-cookies-que-los-sitios-we\" target=\"_blank\" rel=\"noreferrer noopener\">Firefox<\/a><\/li>\n\n\n\n<li><a href=\"http:\/\/support.apple.com\/kb\/ph5042\" target=\"_blank\" rel=\"noreferrer noopener\">Safari<\/a><\/li>\n<\/ul>\n\n\n\n<p>Si tienes dudas sobre esta pol\u00edtica de cookies, puedes contactar con&nbsp;<a href=\"http:\/\/www.mpdl.org\/\">www.mpdl.org<\/a>&nbsp;mediante el correo&nbsp;<a href=\"mailto:webmaster@mpdl.org\" target=\"_blank\" rel=\"noreferrer noopener\">webmaster@mpdl.org<\/a>.<\/p>\n","protected":false},"excerpt":{"rendered":"<p>Pol\u00edtica de&nbsp;Cookies Cookie&nbsp;es un&nbsp;fichero que se descarga en tu ordenador al acceder a determinadas p\u00e1ginas web. Las cookies permiten a una p\u00e1gina web, entre otras cosas, almacenar y recuperar informaci\u00f3n sobre los h\u00e1bitos de navegaci\u00f3n de un usuario o de su equipo y, dependiendo de la informaci\u00f3n que contengan y de la forma en que &hellip; <\/p>\n<p class=\"link-more\"><a href=\"https:\/\/compartiendoondas.com\/?page_id=1086\" class=\"more-link\">Leer m\u00e1s<span class=\"screen-reader-text\"> \u00abPol\u00edtica de Cookies\u00bb<\/span><\/a><\/p>\n","protected":false},"author":1,"featured_media":0,"parent":0,"menu_order":0,"comment_status":"closed","ping_status":"closed","template":"","meta":{"om_disable_all_campaigns":false,"_monsterinsights_skip_tracking":false,"_monsterinsights_sitenote_active":false,"_monsterinsights_sitenote_note":"","_monsterinsights_sitenote_category":0,"footnotes":""},"class_list":["post-1086","page","type-page","status-publish","hentry"],"aioseo_notices":[],"_links":{"self":[{"href":"https:\/\/compartiendoondas.com\/index.php?rest_route=\/wp\/v2\/pages\/1086","targetHints":{"allow":["GET"]}}],"collection":[{"href":"https:\/\/compartiendoondas.com\/index.php?rest_route=\/wp\/v2\/pages"}],"about":[{"href":"https:\/\/compartiendoondas.com\/index.php?rest_route=\/wp\/v2\/types\/page"}],"author":[{"embeddable":true,"href":"https:\/\/compartiendoondas.com\/index.php?rest_route=\/wp\/v2\/users\/1"}],"replies":[{"embeddable":true,"href":"https:\/\/compartiendoondas.com\/index.php?rest_route=%2Fwp%2Fv2%2Fcomments&post=1086"}],"version-history":[{"count":2,"href":"https:\/\/compartiendoondas.com\/index.php?rest_route=\/wp\/v2\/pages\/1086\/revisions"}],"predecessor-version":[{"id":1142,"href":"https:\/\/compartiendoondas.com\/index.php?rest_route=\/wp\/v2\/pages\/1086\/revisions\/1142"}],"wp:attachment":[{"href":"https:\/\/compartiendoondas.com\/index.php?rest_route=%2Fwp%2Fv2%2Fmedia&parent=1086"}],"curies":[{"name":"wp","href":"https:\/\/api.w.org\/{rel}","templated":true}]}}