{"id":1088,"date":"2024-11-18T08:35:07","date_gmt":"2024-11-18T08:35:07","guid":{"rendered":"https:\/\/compartiendoondas.com\/?page_id=1088"},"modified":"2025-05-26T18:13:21","modified_gmt":"2025-05-26T18:13:21","slug":"compartiendo-ondas-17","status":"publish","type":"page","link":"https:\/\/compartiendoondas.com\/?page_id=1088","title":{"rendered":"COMPARTIENDO ONDAS 17"},"content":{"rendered":"\n<p class=\"has-text-align-center has-vivid-cyan-blue-color has-text-color has-link-color has-x-large-font-size wp-elements-5eecfce9b577bee05389d8d464d68a0e\"><strong>COMPARTIENDO ONDAS 17<\/strong><\/p>\n\n\n\n<div style=\"height:30px\" aria-hidden=\"true\" class=\"wp-block-spacer\"><\/div>\n\n\n\n<p class=\"has-text-align-center has-medium-font-size\"><strong>D\u00cdA DEL ORGULLO 2024<\/strong><\/p>\n\n\n\n<div style=\"height:30px\" aria-hidden=\"true\" class=\"wp-block-spacer\"><\/div>\n\n\n\n<p class=\"has-vivid-cyan-blue-color has-text-color has-link-color has-medium-font-size wp-elements-be865e703d9f441d174ac1f05d710483\"><strong>PARTICIPANTES<\/strong><\/p>\n\n\n\n<p class=\"has-medium-font-size\"><strong>Nikita, Ninel y Alex.<br><\/strong><\/p>\n\n\n\n<p class=\"has-vivid-cyan-blue-color has-text-color has-link-color has-medium-font-size wp-elements-37c050ba6ad69c7bee93a8504b0b4a30\"><strong>COLABORACI\u00d3N<\/strong><\/p>\n\n\n\n<p class=\"has-medium-font-size\"><strong>Programa de Protecci\u00f3n Internacional MDPL Valencia.<\/strong><\/p>\n\n\n\n<div style=\"height:30px\" aria-hidden=\"true\" class=\"wp-block-spacer\"><\/div>\n\n\n\n<p><strong>1969<\/strong>. Las redadas policiales en los bares gays de Manhattan segu\u00edan un modelo: los agentes entraban amenazando y golpeando al personal y a la clientela. Los clientes sal\u00edan haciendo cola en la calle para que la polic\u00eda pudiera detenerlos.&nbsp;<\/p>\n\n\n\n<p>Pero cuando la polic\u00eda irrumpi\u00f3 en el Stonewall Inn en la madrugada del 28 de junio de 1969, las cosas no fueron como se esperaba. Los clientes y las personas se defendieron y los disturbios se produjeron durante varios d\u00edas. Calificados entonces como mot\u00edn, y conocidos ahora como la rebeli\u00f3n de Stonewall, que contribuyeron a desencadenar el movimiento moderno por los derechos civiles LGTBIQ+.<\/p>\n\n\n\n<p>As\u00ed, cada mes de junio, el mes del orgullo rinde homenaje a esta historia del Stonewall con diferentes actos y desfiles.&nbsp;<\/p>\n\n\n\n<p>En los distintos lugares del mundo, se ha ido consiguiendo estos Derechos Humanos de forma irregular.&nbsp;<\/p>\n\n\n\n<p>Por ejemplo, en Espa\u00f1a, la primera manifestaci\u00f3n celebrada en las Ramblas de Barcelona tuvo lugar el 26 de junio de 1977. Era la primera manifestaci\u00f3n por los Derechos Humanos para las personas LGTBI en Espa\u00f1a.&nbsp;<\/p>\n\n\n\n<p>Y por ello, en <em>Compartiendo Ondas<\/em> hemos querido poner en valor toda esta defensa de derechos humanos, comparti\u00e9ndolo con tres personas, que han sido las personas l\u00edderes de una actividad realizada el pasado 28 de junio aqu\u00ed en Valencia, en el Centro Municipal de Juventud de Orriols: &nbsp; Nikita, Ninel y Alex.<\/p>\n\n\n\n<div style=\"height:30px\" aria-hidden=\"true\" class=\"wp-block-spacer\"><\/div>\n\n\n\n<figure class=\"wp-block-audio aligncenter\"><audio controls src=\"https:\/\/compartiendoondas.com\/wp-content\/uploads\/2024\/11\/C017-Podcast-0rgullo-24-1.mp3\"><\/audio><figcaption class=\"wp-element-caption\"><strong>Dale al Play y escucha para defender los Derechos Humanos.<\/strong><\/figcaption><\/figure>\n\n\n\n<div style=\"height:30px\" aria-hidden=\"true\" class=\"wp-block-spacer\"><\/div>\n\n\n\n<p>El pasado 28 de junio, aqu\u00ed en Valencia, en el Centro Municipal de Juventud de Orriols, celebrasteis el D\u00eda del Orgullo con una actividad muy concreta. Y tambi\u00e9n, desde aqu\u00ed, agradecer a Quique y a Merc\u00e9, del programa de Protecci\u00f3n Internacional de Movimiento por la Paz, que estuvieron apoyando la realizaci\u00f3n de todo el evento.&nbsp;<\/p>\n\n\n\n<p class=\"has-vivid-cyan-blue-color has-text-color has-link-color wp-elements-e13044f552986619f390c28796d8b888\"><strong>\u00bfC\u00f3mo record\u00e1is este d\u00eda 28 de Junio?<\/strong><\/p>\n\n\n\n<figure class=\"wp-block-image size-large wp-duotone-unset-1\"><img loading=\"lazy\" decoding=\"async\" width=\"1024\" height=\"683\" src=\"https:\/\/compartiendoondas.com\/wp-content\/uploads\/2024\/11\/tempImageOroUUj-1024x683.jpg\" alt=\"\" class=\"wp-image-1096\" srcset=\"https:\/\/compartiendoondas.com\/wp-content\/uploads\/2024\/11\/tempImageOroUUj-1024x683.jpg 1024w, https:\/\/compartiendoondas.com\/wp-content\/uploads\/2024\/11\/tempImageOroUUj-300x200.jpg 300w, https:\/\/compartiendoondas.com\/wp-content\/uploads\/2024\/11\/tempImageOroUUj-768x512.jpg 768w, https:\/\/compartiendoondas.com\/wp-content\/uploads\/2024\/11\/tempImageOroUUj.jpg 1500w\" sizes=\"auto, (max-width: 1024px) 100vw, 1024px\" \/><\/figure>\n\n\n\n<p><strong>Nikita<\/strong>: El d\u00eda 28 hemos organizado una actividad dedicada al D\u00eda del Orgullo. Hemos hecho como tres actividades dentro de una: mi exhibici\u00f3n, una terapia de arte de Ninel, y un taller de maquillaje sobre maquillaje masculino de Alex.<\/p>\n\n\n\n<p class=\"has-vivid-cyan-blue-color has-text-color has-link-color wp-elements-c94a645c5491b4039d7ec49fd19a30dc\"><strong>Realizasteis tres grandes acciones. \u00bfVinieron muchas personas?<\/strong><\/p>\n\n\n\n<p><strong>Nikita: <\/strong>Creo que para la primera vez es mucho, como 15 o 20 personas. Est\u00e1 muy bien, era la primera vez.<\/p>\n\n\n\n<div style=\"height:30px\" aria-hidden=\"true\" class=\"wp-block-spacer\"><\/div>\n\n\n\n<p class=\"has-text-align-center has-vivid-cyan-blue-color has-text-color has-link-color has-medium-font-size wp-elements-4745ba43b609f74c76430a03318c382b\"><strong>El taller de Ninel<\/strong><\/p>\n\n\n\n<div style=\"height:30px\" aria-hidden=\"true\" class=\"wp-block-spacer\"><\/div>\n\n\n\n<div class=\"wp-block-columns are-vertically-aligned-center is-layout-flex wp-container-core-columns-is-layout-28f84493 wp-block-columns-is-layout-flex\">\n<div class=\"wp-block-column is-vertically-aligned-center is-layout-flow wp-block-column-is-layout-flow\">\n<p>El 28 de junio llev\u00e9 a cabo una sesi\u00f3n de arteterapia para todos los visitantes interesados. Hab\u00eda tres opciones para elegir.&nbsp;<\/p>\n\n\n\n<p>La primera, a trav\u00e9s del lienzo y las pinturas, dejar ir las emociones, energ\u00edas, pensamientos, dolores negativos y opresivos acumulados.<\/p>\n\n\n\n<p>La segunda, dibujar algo que motive, ya sea un s\u00edmbolo, una frase o incluso un punto en medio del lienzo o trazos de pintura que, en el futuro, sirvan como un recordatorio de tus objetivos. La motivaci\u00f3n visual es muy productiva para todos.&nbsp;<\/p>\n<\/div>\n\n\n\n<div class=\"wp-block-column is-vertically-aligned-center is-layout-flow wp-block-column-is-layout-flow\">\n<figure class=\"wp-block-image size-full\"><img loading=\"lazy\" decoding=\"async\" width=\"1000\" height=\"1000\" src=\"https:\/\/compartiendoondas.com\/wp-content\/uploads\/2024\/11\/tempImage0EiP7V.jpg\" alt=\"\" class=\"wp-image-1100\" srcset=\"https:\/\/compartiendoondas.com\/wp-content\/uploads\/2024\/11\/tempImage0EiP7V.jpg 1000w, https:\/\/compartiendoondas.com\/wp-content\/uploads\/2024\/11\/tempImage0EiP7V-300x300.jpg 300w, https:\/\/compartiendoondas.com\/wp-content\/uploads\/2024\/11\/tempImage0EiP7V-150x150.jpg 150w, https:\/\/compartiendoondas.com\/wp-content\/uploads\/2024\/11\/tempImage0EiP7V-768x768.jpg 768w\" sizes=\"auto, (max-width: 1000px) 100vw, 1000px\" \/><\/figure>\n<\/div>\n<\/div>\n\n\n\n<div class=\"wp-block-columns are-vertically-aligned-center is-layout-flex wp-container-core-columns-is-layout-28f84493 wp-block-columns-is-layout-flex\">\n<div class=\"wp-block-column is-vertically-aligned-center is-layout-flow wp-block-column-is-layout-flow\">\n<figure class=\"wp-block-image size-full\"><img loading=\"lazy\" decoding=\"async\" width=\"1000\" height=\"1000\" src=\"https:\/\/compartiendoondas.com\/wp-content\/uploads\/2024\/11\/tempImageorMTEE.jpg\" alt=\"\" class=\"wp-image-1101\" srcset=\"https:\/\/compartiendoondas.com\/wp-content\/uploads\/2024\/11\/tempImageorMTEE.jpg 1000w, https:\/\/compartiendoondas.com\/wp-content\/uploads\/2024\/11\/tempImageorMTEE-300x300.jpg 300w, https:\/\/compartiendoondas.com\/wp-content\/uploads\/2024\/11\/tempImageorMTEE-150x150.jpg 150w, https:\/\/compartiendoondas.com\/wp-content\/uploads\/2024\/11\/tempImageorMTEE-768x768.jpg 768w\" sizes=\"auto, (max-width: 1000px) 100vw, 1000px\" \/><\/figure>\n<\/div>\n\n\n\n<div class=\"wp-block-column is-vertically-aligned-center is-layout-flow wp-block-column-is-layout-flow\">\n<p>La tercera opci\u00f3n, que result\u00f3 ser la m\u00e1s popular: intercambio de lienzos. Una pr\u00e1ctica para desarrollar la creatividad. Las personas se divid\u00edan en parejas y cada cinco minutos intercambiaban sus lienzos. Esta pr\u00e1ctica ayuda a liberar emociones y, al mismo tiempo, a desarrollar la creatividad.<\/p>\n\n\n\n<p>Esta \u00faltima, la de intercambiar los dibujos, las pinturas, fue la que m\u00e1s gust\u00f3. Gust\u00f3 mucho. Porque <strong>cuando dos personas tienen alguna energ\u00eda, se cambian, y esto me ayuda a m\u00ed y te ayuda a ti.<\/strong><\/p>\n<\/div>\n<\/div>\n\n\n\n<div style=\"height:30px\" aria-hidden=\"true\" class=\"wp-block-spacer\"><\/div>\n\n\n\n<p class=\"has-text-align-center has-vivid-cyan-blue-color has-text-color has-link-color has-medium-font-size wp-elements-f683e7ac3f242925c92a5af0ab4c76d1\"><strong>La exposici\u00f3n de Nikita<\/strong><\/p>\n\n\n\n<div style=\"height:30px\" aria-hidden=\"true\" class=\"wp-block-spacer\"><\/div>\n\n\n\n<p>La exposici\u00f3n son mis pinturas que he hecho aqu\u00ed, en Valencia.&nbsp;<\/p>\n\n\n\n<p>Son pinturas sobre mi experiencia como persona trans, como gay y como migrante tambi\u00e9n, que no es tan f\u00e1cil.<\/p>\n\n\n\n<p><\/p>\n\n\n\n<div class=\"wp-block-columns are-vertically-aligned-center is-layout-flex wp-container-core-columns-is-layout-28f84493 wp-block-columns-is-layout-flex\">\n<div class=\"wp-block-column is-vertically-aligned-center is-layout-flow wp-block-column-is-layout-flow\">\n<figure class=\"wp-block-image size-large\"><img loading=\"lazy\" decoding=\"async\" width=\"819\" height=\"1024\" src=\"https:\/\/compartiendoondas.com\/wp-content\/uploads\/2024\/11\/tempImageEu9jOZ-819x1024.jpg\" alt=\"\" class=\"wp-image-1111\" srcset=\"https:\/\/compartiendoondas.com\/wp-content\/uploads\/2024\/11\/tempImageEu9jOZ-819x1024.jpg 819w, https:\/\/compartiendoondas.com\/wp-content\/uploads\/2024\/11\/tempImageEu9jOZ-240x300.jpg 240w, https:\/\/compartiendoondas.com\/wp-content\/uploads\/2024\/11\/tempImageEu9jOZ-768x960.jpg 768w, https:\/\/compartiendoondas.com\/wp-content\/uploads\/2024\/11\/tempImageEu9jOZ.jpg 1200w\" sizes=\"auto, (max-width: 819px) 100vw, 819px\" \/><\/figure>\n<\/div>\n\n\n\n<div class=\"wp-block-column is-vertically-aligned-center is-layout-flow wp-block-column-is-layout-flow\">\n<p>La pintura me ayuda a sentirme mejor cuando tengo algo dif\u00edcil en mi vida. Es una conversaci\u00f3n conmigo mismo, sobre conexi\u00f3n emocional, conexi\u00f3n con el cuerpo, contigo mismo, con otras personas, con la naturaleza, con el mundo que tenemos hoy. Y s\u00ed, es sobre la situaci\u00f3n con la gente del LGTBI en mi pa\u00eds, porque la realidad no es tan buena.&nbsp;<\/p>\n\n\n\n<p>S\u00ed, tenemos muchos problemas con el gobierno, con las leyes y todo esto\u2026 nuestro gobierno dice que no existimos y yo quiero decir que no es verdad: que estamos aqu\u00ed y vivimos\u2026 pero la vida no es tan f\u00e1cil y es muy peligroso.<\/p>\n\n\n\n<p>La exposici\u00f3n ha contado con ocho obras en \u00f3leo, pero a veces yo pruebo cambiar con otras cosas, a veces con acr\u00edlico.<\/p>\n\n\n\n<p>Yo quer\u00eda hacer como un texto para decir qu\u00e9 es eso, porque la verdad que no me gusta decir mucho sobre mis pinturas, porque me parece que es algo subjetivo. Me gusta cuando diferentes personas pueden ver algo otro, algo para ellos. Dejo libertad cuando las contemplan.<\/p>\n<\/div>\n<\/div>\n\n\n\n<p>Las personas preguntan, y yo tengo que decir algo porque no siempre mis pinturas son tan claras, como yo pienso. Y por eso hemos conversado con las personas sobre qu\u00e9 es eso\u2026 Qu\u00e9 es; he dicho un poco para que la gente pueda pensar y buscar algo.<\/p>\n\n\n\n<div style=\"height:30px\" aria-hidden=\"true\" class=\"wp-block-spacer\"><\/div>\n\n\n\n<p class=\"has-text-align-center has-vivid-cyan-blue-color has-text-color has-link-color has-medium-font-size wp-elements-d5db752ced1cbdc250f60e5757df7e3d\"><strong>La exhibici\u00f3n de maquillaje<\/strong><\/p>\n\n\n\n<div style=\"height:30px\" aria-hidden=\"true\" class=\"wp-block-spacer\"><\/div>\n\n\n\n<p>Alex hizo una exhibici\u00f3n de maquillaje, aportando las fotos de las diferentes personas que participaron con un maquillaje.<\/p>\n\n\n\n<p>Todos los maquillajes son como masculinos para expresar que los hombres tambi\u00e9n pueden utilizar la ropa que quieren, maquillaje, hacer algo con los pelos: que no es algo femenino.&nbsp;<\/p>\n\n\n\n<div class=\"wp-block-columns is-layout-flex wp-container-core-columns-is-layout-28f84493 wp-block-columns-is-layout-flex\">\n<div class=\"wp-block-column is-layout-flow wp-block-column-is-layout-flow\">\n<figure class=\"wp-block-image size-full\"><img loading=\"lazy\" decoding=\"async\" width=\"801\" height=\"1000\" src=\"https:\/\/compartiendoondas.com\/wp-content\/uploads\/2024\/11\/tempImagecLRAUZ.jpg\" alt=\"\" class=\"wp-image-1122\" srcset=\"https:\/\/compartiendoondas.com\/wp-content\/uploads\/2024\/11\/tempImagecLRAUZ.jpg 801w, https:\/\/compartiendoondas.com\/wp-content\/uploads\/2024\/11\/tempImagecLRAUZ-240x300.jpg 240w, https:\/\/compartiendoondas.com\/wp-content\/uploads\/2024\/11\/tempImagecLRAUZ-768x959.jpg 768w\" sizes=\"auto, (max-width: 801px) 100vw, 801px\" \/><\/figure>\n<\/div>\n\n\n\n<div class=\"wp-block-column is-layout-flow wp-block-column-is-layout-flow\">\n<figure class=\"wp-block-image size-full\"><img loading=\"lazy\" decoding=\"async\" width=\"800\" height=\"1000\" src=\"https:\/\/compartiendoondas.com\/wp-content\/uploads\/2024\/11\/tempImagePR7kA7.jpg\" alt=\"\" class=\"wp-image-1123\" srcset=\"https:\/\/compartiendoondas.com\/wp-content\/uploads\/2024\/11\/tempImagePR7kA7.jpg 800w, https:\/\/compartiendoondas.com\/wp-content\/uploads\/2024\/11\/tempImagePR7kA7-240x300.jpg 240w, https:\/\/compartiendoondas.com\/wp-content\/uploads\/2024\/11\/tempImagePR7kA7-768x960.jpg 768w\" sizes=\"auto, (max-width: 800px) 100vw, 800px\" \/><\/figure>\n<\/div>\n\n\n\n<div class=\"wp-block-column is-layout-flow wp-block-column-is-layout-flow\">\n<figure class=\"wp-block-image size-full\"><img loading=\"lazy\" decoding=\"async\" width=\"800\" height=\"1000\" src=\"https:\/\/compartiendoondas.com\/wp-content\/uploads\/2024\/11\/tempImagevrDRM4.jpg\" alt=\"\" class=\"wp-image-1120\" srcset=\"https:\/\/compartiendoondas.com\/wp-content\/uploads\/2024\/11\/tempImagevrDRM4.jpg 800w, https:\/\/compartiendoondas.com\/wp-content\/uploads\/2024\/11\/tempImagevrDRM4-240x300.jpg 240w, https:\/\/compartiendoondas.com\/wp-content\/uploads\/2024\/11\/tempImagevrDRM4-768x960.jpg 768w\" sizes=\"auto, (max-width: 800px) 100vw, 800px\" \/><\/figure>\n<\/div>\n\n\n\n<div class=\"wp-block-column is-layout-flow wp-block-column-is-layout-flow\">\n<figure class=\"wp-block-image size-large\"><img loading=\"lazy\" decoding=\"async\" width=\"819\" height=\"1024\" src=\"https:\/\/compartiendoondas.com\/wp-content\/uploads\/2024\/11\/tempImageqebK5Q-819x1024.jpg\" alt=\"\" class=\"wp-image-1121\" srcset=\"https:\/\/compartiendoondas.com\/wp-content\/uploads\/2024\/11\/tempImageqebK5Q-819x1024.jpg 819w, https:\/\/compartiendoondas.com\/wp-content\/uploads\/2024\/11\/tempImageqebK5Q-240x300.jpg 240w, https:\/\/compartiendoondas.com\/wp-content\/uploads\/2024\/11\/tempImageqebK5Q-768x960.jpg 768w, https:\/\/compartiendoondas.com\/wp-content\/uploads\/2024\/11\/tempImageqebK5Q.jpg 1000w\" sizes=\"auto, (max-width: 819px) 100vw, 819px\" \/><\/figure>\n<\/div>\n<\/div>\n\n\n\n<p class=\"has-vivid-cyan-blue-color has-text-color has-link-color wp-elements-b1447c4cf8c2c13fd8825bfe1be547f9\"><strong>\u00bfQu\u00e9 empuja a tres personas j\u00f3venes como vosotros, \u201cQueremos, tenemos ganas de hacerlo\u201d? \u00bf Cu\u00e1les fueron vuestras motivaciones?<\/strong><\/p>\n\n\n\n<p><strong>Nikita<\/strong>: Para m\u00ed, cuando dej\u00e9 Rusia, me sent\u00ed aqu\u00ed m\u00e1s libre, m\u00e1s seguro, pero me parece que la homofobia, transfobia y otros se pueden encontrar en alg\u00fan lugar. Tambi\u00e9n estoy muy preocupado por mis amigos, por ejemplo, en mi pa\u00eds y por otras personas. Me gusta que ahora yo puedo decir lo que siento, lo que quiero decir, que yo tengo derecho a decir algo.<\/p>\n\n\n\n<p><strong>Ninel<\/strong>: Soy una persona heterosexual, pero quise participar en este evento para apoyar a las personas. Cada uno de nosotros enfrenta muchas situaciones dif\u00edciles en la vida con las que a veces es dif\u00edcil lidiar solo, por lo que es muy importante el apoyo externo, el apoyo de las personas cercanas a nosotros es fundamental. Pero tambi\u00e9n es importante el apoyo externo, el apoyo comunitario para todos. Adem\u00e1s, me encanta aprender cosas nuevas y fue tambi\u00e9n una de las razones por las que quise participar el 28 de junio.<\/p>\n\n\n\n<p class=\"has-vivid-cyan-blue-color has-text-color has-link-color wp-elements-322497bba07a747ca6a32e21e1521014\"><strong>\u00bfPens\u00e1is que a\u00fan hay que mejorar muchas cosas, en Valencia? \u00bfPens\u00e1is que todo aqu\u00ed ya est\u00e1 bien o hay que seguir trabajando?<\/strong><\/p>\n\n\n\n<p><strong>Nikita<\/strong>: Creo que no solo aqu\u00ed, en todo el mundo hay mucho que seguir trabajando. Porque s\u00ed, por ejemplo, en alg\u00fan lugar todo va bien, pero en nuestro planeta hay muchos lugares donde todo est\u00e1 horrible, mal. Y por eso tenemos que hacer algo. Porque s\u00ed, por ejemplo, en mi casa todo est\u00e1 bien, pero en la casa de mi vecino no, yo quiero ayudarlo si yo puedo y si \u00e9l quiere.<\/p>\n\n\n\n<p>Si mis derechos est\u00e1n bien, pero los tuyos no, o los de otra persona, a\u00fan hay que seguir trabajando.&nbsp;<\/p>\n\n\n\n<p>Hay que continuar, porque como he dicho, el cambio no se puede producir en un momento muy r\u00e1pido, no es posible. Y por eso s\u00ed, tenemos que seguir. Y de verdad, todav\u00eda no s\u00e9, yo tengo ideas, pero no est\u00e1n como formadas. Estoy pensando en muchas ideas para nuevos proyectos y todav\u00eda no puedo decir algo muy concreto.<\/p>\n\n\n\n<p><strong>Ninel<\/strong>: Para m\u00ed es muy importante apoyar a otras personas, es una parte muy importante de mi vida todos los d\u00edas. Cuando una persona tiene una necesidad, s\u00ed, s\u00ed, s\u00ed, s\u00ed. Yo soy una persona muy emp\u00e1tica.<\/p>\n\n\n\n<p>Agradecemos a Alex su esfuerzo por superarse y continuar aprendiendo, que hoy no ha podido estar en Compartiendo Ondas, ya que est\u00e1 estudiando. \u00c9l es maquillador y por eso \u00e9l estudia c\u00f3mo ser mejor profesional.<\/p>\n\n\n\n<div style=\"height:30px\" aria-hidden=\"true\" class=\"wp-block-spacer\"><\/div>\n\n\n\n<p class=\"has-text-align-center has-vivid-cyan-blue-color has-text-color has-link-color has-medium-font-size wp-elements-c68ad5d9d248e940721f59b7d34d5823\"><strong>Pensamiento final en la defensa de los DDHH<\/strong><\/p>\n\n\n\n<div style=\"height:30px\" aria-hidden=\"true\" class=\"wp-block-spacer\"><\/div>\n\n\n\n<div class=\"wp-block-columns are-vertically-aligned-center is-layout-flex wp-container-core-columns-is-layout-28f84493 wp-block-columns-is-layout-flex\">\n<div class=\"wp-block-column is-vertically-aligned-center is-layout-flow wp-block-column-is-layout-flow\" style=\"flex-basis:66.66%\">\n<p><strong>Ninel:<\/strong> Es importante recordar que todos somos humanos,&nbsp;<\/p>\n\n\n\n<p><strong>Nikita<\/strong>: Para m\u00ed, todos vivimos en el mismo planeta y debemos respetar y ser capaces de aceptar a otras personas. Es muy importante.<\/p>\n<\/div>\n\n\n\n<div class=\"wp-block-column is-vertically-aligned-center is-layout-flow wp-block-column-is-layout-flow\" style=\"flex-basis:33.33%\">\n<figure class=\"wp-block-image size-full\"><img loading=\"lazy\" decoding=\"async\" width=\"400\" height=\"500\" src=\"https:\/\/compartiendoondas.com\/wp-content\/uploads\/2024\/11\/tempImagekmSoI8.jpg\" alt=\"\" class=\"wp-image-1127\" srcset=\"https:\/\/compartiendoondas.com\/wp-content\/uploads\/2024\/11\/tempImagekmSoI8.jpg 400w, https:\/\/compartiendoondas.com\/wp-content\/uploads\/2024\/11\/tempImagekmSoI8-240x300.jpg 240w\" sizes=\"auto, (max-width: 400px) 100vw, 400px\" \/><\/figure>\n<\/div>\n<\/div>\n\n\n\n<div style=\"height:30px\" aria-hidden=\"true\" class=\"wp-block-spacer\"><\/div>\n\n\n\n<div style=\"height:30px\" aria-hidden=\"true\" class=\"wp-block-spacer\"><\/div>\n\n\n\n<p class=\"has-text-align-center has-vivid-cyan-blue-color has-text-color has-link-color has-large-font-size wp-elements-7d94a933093aa3f4864dc0bcd6945902\"><strong>NO HABR\u00c1 PAZ, SI NO HAY TOLERANCIA Y SOCIEDADES LIBRES.<\/strong><\/p>\n\n\n\n<div style=\"height:70px\" aria-hidden=\"true\" class=\"wp-block-spacer\"><\/div>\n\n\n\n<figure class=\"wp-block-image aligncenter size-large is-resized\"><img loading=\"lazy\" decoding=\"async\" width=\"1024\" height=\"693\" src=\"https:\/\/compartiendoondas.com\/wp-content\/uploads\/2025\/05\/Logos-oficial-IRPF-1-1024x693.png\" alt=\"\" class=\"wp-image-1784\" style=\"width:350px\" srcset=\"https:\/\/compartiendoondas.com\/wp-content\/uploads\/2025\/05\/Logos-oficial-IRPF-1-1024x693.png 1024w, https:\/\/compartiendoondas.com\/wp-content\/uploads\/2025\/05\/Logos-oficial-IRPF-1-300x203.png 300w, https:\/\/compartiendoondas.com\/wp-content\/uploads\/2025\/05\/Logos-oficial-IRPF-1-2000x1353.png 2000w\" sizes=\"auto, (max-width: 1024px) 100vw, 1024px\" \/><\/figure>\n\n\n\n<div style=\"height:50px\" aria-hidden=\"true\" class=\"wp-block-spacer\"><\/div>\n","protected":false},"excerpt":{"rendered":"<p>COMPARTIENDO ONDAS 17 D\u00cdA DEL ORGULLO 2024 PARTICIPANTES Nikita, Ninel y Alex. COLABORACI\u00d3N Programa de Protecci\u00f3n Internacional MDPL Valencia. 1969. Las redadas policiales en los bares gays de Manhattan segu\u00edan un modelo: los agentes entraban amenazando y golpeando al personal y a la clientela. Los clientes sal\u00edan haciendo cola en la calle para que la &hellip; <\/p>\n<p class=\"link-more\"><a href=\"https:\/\/compartiendoondas.com\/?page_id=1088\" class=\"more-link\">Leer m\u00e1s<span class=\"screen-reader-text\"> \u00abCOMPARTIENDO ONDAS 17\u00bb<\/span><\/a><\/p>\n","protected":false},"author":2,"featured_media":0,"parent":2,"menu_order":0,"comment_status":"closed","ping_status":"closed","template":"page-templates\/no-title.php","meta":{"om_disable_all_campaigns":false,"_monsterinsights_skip_tracking":false,"_monsterinsights_sitenote_active":false,"_monsterinsights_sitenote_note":"","_monsterinsights_sitenote_category":0,"footnotes":""},"class_list":["post-1088","page","type-page","status-publish","hentry"],"aioseo_notices":[],"_links":{"self":[{"href":"https:\/\/compartiendoondas.com\/index.php?rest_route=\/wp\/v2\/pages\/1088","targetHints":{"allow":["GET"]}}],"collection":[{"href":"https:\/\/compartiendoondas.com\/index.php?rest_route=\/wp\/v2\/pages"}],"about":[{"href":"https:\/\/compartiendoondas.com\/index.php?rest_route=\/wp\/v2\/types\/page"}],"author":[{"embeddable":true,"href":"https:\/\/compartiendoondas.com\/index.php?rest_route=\/wp\/v2\/users\/2"}],"replies":[{"embeddable":true,"href":"https:\/\/compartiendoondas.com\/index.php?rest_route=%2Fwp%2Fv2%2Fcomments&post=1088"}],"version-history":[{"count":25,"href":"https:\/\/compartiendoondas.com\/index.php?rest_route=\/wp\/v2\/pages\/1088\/revisions"}],"predecessor-version":[{"id":1787,"href":"https:\/\/compartiendoondas.com\/index.php?rest_route=\/wp\/v2\/pages\/1088\/revisions\/1787"}],"up":[{"embeddable":true,"href":"https:\/\/compartiendoondas.com\/index.php?rest_route=\/wp\/v2\/pages\/2"}],"wp:attachment":[{"href":"https:\/\/compartiendoondas.com\/index.php?rest_route=%2Fwp%2Fv2%2Fmedia&parent=1088"}],"curies":[{"name":"wp","href":"https:\/\/api.w.org\/{rel}","templated":true}]}}