{"id":1143,"date":"2024-11-19T07:32:41","date_gmt":"2024-11-19T07:32:41","guid":{"rendered":"https:\/\/compartiendoondas.com\/?page_id=1143"},"modified":"2024-11-19T07:32:41","modified_gmt":"2024-11-19T07:32:41","slug":"politica-de-privacidad","status":"publish","type":"page","link":"https:\/\/compartiendoondas.com\/?page_id=1143","title":{"rendered":"Pol\u00edtica de Privacidad"},"content":{"rendered":"\n<p>El presente aviso legal y nuestra pol\u00edtica de privacidad regulan el uso del servicio del PORTAL de Internet, inform\u00e1ndole en cumplimiento de la Ley 34\/2002, de 11 de julio lo siguiente:<\/p>\n\n\n\n<ul class=\"wp-block-list\">\n<li>Denominaci\u00f3n social: MOVIMIENTO POR LA PAZ, EL DESARME Y LA LIBERTAD &#8211; MPDL<\/li>\n\n\n\n<li>NIF:\u00a0\u00a0G28838001<\/li>\n\n\n\n<li>Correo electr\u00f3nico\u00a0<a href=\"mailto:mpdl@mpdl.org\" target=\"_blank\" rel=\"noreferrer noopener\">mpdl@mpdl.org<\/a>\u00a0\u00a0Tel\u00e9fono: 91429 76 44\u00a0\u00a0 Fax 91 429 73 73<\/li>\n\n\n\n<li>Delegado de Protecci\u00f3n de Datos:\u00a0<a href=\"mailto:dpo@mpdl.org\" target=\"_blank\" rel=\"noreferrer noopener\">dpo@mpdl.org<\/a><\/li>\n\n\n\n<li>Domicilio: C\/ Martos, 15.\u00a0\u00a0\u00a028053\u00a0\u00a0Madrid<\/li>\n\n\n\n<li>Finalidad de la p\u00e1gina web: contactar, consultar o solicitarnos un presupuesto, dar a conocer nuestra actividad.<\/li>\n<\/ul>\n\n\n\n<p><strong>Pol\u00edtica de Privacidad.&nbsp;<\/strong>De conformidad con lo establecido en el Reglamento General de Protecci\u00f3n de Datos 2016\/679 y la LOPD 3\/2018 le informamos de lo siguiente:<\/p>\n\n\n\n<p><strong>Responsable de tratamiento.<\/strong>&nbsp;Para su conocimiento, y a los efectos legalmente prevenidos, le informamos que esta organizaci\u00f3n recoger\u00e1 y tratar\u00e1 sus datos personales con las siguientes finalidades y legitimaci\u00f3n:<\/p>\n\n\n\n<h4 class=\"wp-block-heading\"><strong>Socios\/as, suscriptores\/as, donantes, amigos\/as e interesados\/as<\/strong><\/h4>\n\n\n\n<p>Finalidades basadas en consentimiento<strong>:<\/strong><\/p>\n\n\n\n<ul class=\"wp-block-list\">\n<li>Recoger y tratar sus datos personales para el env\u00edo de la Revista Tiempo de Paz, en caso de estar suscritor\/a, ser socio\/a, ser amigo\/a o interesado\/a de MPDL, en caso de darse de alta y\/o efectuar una donaci\u00f3n puntual o recurrente a trav\u00e9s de transferencia o pasarela de pago Paypal.<\/li>\n\n\n\n<li>Invitarle a cualquier evento o acci\u00f3n organizada por MPDL en la cual participe de manera significativa, por cualquier medio presente o futuro, incluyendo correos electr\u00f3nicos o sms.<\/li>\n\n\n\n<li>Utilizar su nombre, imagen o voz para cualquier acci\u00f3n puesta en marcha por nuestro Departamento de Comunicaci\u00f3n bajo cualquier formato (comunicado escrito, web, redes sociales, etc.).<\/li>\n\n\n\n<li>El env\u00edo de\u00a0comunicados informativos\u00a0por cualquier medio presente o futuro, incluyendo correos electr\u00f3nicos o sms.<\/li>\n<\/ul>\n\n\n\n<h4 class=\"wp-block-heading\"><strong>Voluntarios\/as<\/strong><\/h4>\n\n\n\n<p>Finalidades basadas en consentimiento<strong>:<\/strong><\/p>\n\n\n\n<ul class=\"wp-block-list\">\n<li>Recoger y tratar sus datos personales para su participaci\u00f3n en nuestras actividades, eventos, proyecto o intervenciones.<\/li>\n\n\n\n<li>Invitarle a cualquier evento o acci\u00f3n organizada por MPDL en la cual participe de manera significativa, por cualquier medio presente o futuro, incluyendo correos electr\u00f3nicos o sms.<\/li>\n\n\n\n<li>Utilizar su nombre, imagen o voz para cualquier acci\u00f3n puesta en marcha por nuestro Departamento de Comunicaci\u00f3n bajo cualquier formato (comunicado escrito, web, redes sociales, etc.).<\/li>\n<\/ul>\n\n\n\n<h4 class=\"wp-block-heading\"><strong>Asistencia social<\/strong><\/h4>\n\n\n\n<p>Finalidades basadas en consentimiento<strong>:<\/strong><\/p>\n\n\n\n<ul class=\"wp-block-list\">\n<li>Recoger y tratar sus datos personales para beneficiarse de algunas de las asistencias sociales disponibles. Los datos personales ser\u00e1n cedidos o comunicados a cualquier organismo p\u00fablico o privado financiador del proyecto,\u00a0 con vistas a e valuar su solicitud o justificar la ayuda recibida.\u00a0<\/li>\n\n\n\n<li>Recoger y tratar con su consentimiento expreso datos de salud y de origen racial o \u00e9tnico en la medida necesaria para el desarrollo de los servicios y\/o proyectos solicitados.<\/li>\n\n\n\n<li>Recoger y tratar con su consentimiento expreso datos personalesde una persona intermediaria o de contacto en Espa\u00f1a.<\/li>\n\n\n\n<li>Recoger y tratar sus datos personales parael env\u00edo de comunicados informativos por cualquier medio presente o futuro, incluyendo correos electr\u00f3nicos o sms.<\/li>\n<\/ul>\n\n\n\n<h4 class=\"wp-block-heading\"><strong>Personal y Recursos Humanos<\/strong><\/h4>\n\n\n\n<p>Finalidades basadas en relaci\u00f3n pre-contractual y contractual:&nbsp;<\/p>\n\n\n\n<ul class=\"wp-block-list\">\n<li>Recogida y tratamiento de los datos de los solicitantes de empleo, seg\u00fan informaci\u00f3n de privacidad comunicada en el momento de recogida del curriculum vitae o procesos de selecci\u00f3n de personal.<\/li>\n\n\n\n<li>Recogida y tratamiento de los datos del personal en practicas atendiendo a las pol\u00edticas de privacidad de sus centros de formaci\u00f3n.<\/li>\n\n\n\n<li>La pol\u00edtica de privacidad de Recursos Humanos ser\u00e1 entregada de manera individual a cada persona en el momento de su incorporaci\u00f3n.<\/li>\n<\/ul>\n\n\n\n<h4 class=\"wp-block-heading\"><strong>Proveedores\/as<\/strong><\/h4>\n\n\n\n<p>Finalidades basadas en inter\u00e9s leg\u00edtimo: El tratamiento de datos personales en la medida necesaria para cumplir con los fines fundacionales y las actividades de la organizaci\u00f3n.<\/p>\n\n\n\n<p>Para todos los tratamientos, finalidades y legitimaciones mencionadas con anterioridad, todos los datos solicitados tienen car\u00e1cter obligatorio, en caso de no ser facilitados, MOVIMIENTO POR LA PAZ, EL DESARME Y LA LIBERTAD no garantiza que los servicios prestados se ajusten completamente a sus necesidades o solicitudes.&nbsp;<\/p>\n\n\n\n<p><strong>Plazos de conservaci\u00f3n.&nbsp;<\/strong>Los datos personales ser\u00e1n conservados durante el plazo legal, desde la finalizaci\u00f3n de la suscripci\u00f3n, baja como socio\/a, donaci\u00f3n, asistencia social, proyecto y\/o intervenci\u00f3n. S\u00f3lo ser\u00e1n comunicados a terceros por cumplimiento legal, reglas de los financiadores o autorizaci\u00f3n del propio interesado. En caso de C.V. los datos se mantendr\u00e1n un a\u00f1o.<\/p>\n\n\n\n<p><strong>Procedencia.&nbsp;<\/strong>Los datos personales han sido obtenidos directamente de las personas o de terceros en la medida necesaria para la ejecuci\u00f3n de proyectos o intervenciones.&nbsp;<\/p>\n\n\n\n<p><strong>Destinatarios.<\/strong>Los datos personales s\u00f3lo ser\u00e1n comunicados a terceros para cumplir con las obligaciones legales, o en la medida necesaria para la prestaci\u00f3n de los servicios solicitados (incluyendo proveedores\/as como, por ejemplo: pasarela de pago Paypal, formaci\u00f3n, consultor\u00eda RGPD, mantenimiento inform\u00e1tico, traductores, etc.) o con su consentimiento.<\/p>\n\n\n\n<p><strong>Medidas de seguridad.<\/strong>&nbsp;MOVIMIENTO POR LA PAZ, EL DESARME Y LA LIBERTAD se compromete al cumplimiento de su obligaci\u00f3n de secreto de los datos de car\u00e1cter personal y de su deber de guardarlos y adoptar\u00e1 todas las medidas de \u00edndole t\u00e9cnica y organizativa para garantizar la seguridad de los datos de car\u00e1cter personal y evitar su alteraci\u00f3n, p\u00e9rdida, tratamiento o acceso no autorizado, habida cuenta del estado de la tecnolog\u00eda, la naturaleza de los datos almacenados y los riesgos a que est\u00e9n expuestos.<\/p>\n\n\n\n<p>El\u00a0<a href=\"https:\/\/compartiendoondas.com\/?page_id=1086\" title=\"\">sitio Web utiliza cookies<\/a>.\u00a0<\/p>\n\n\n\n<p>Adem\u00e1s, el sitio Web dispone de las medidas de seguridad firewalls, procedimientos de control de acceso y mecanismos criptogr\u00e1ficos as\u00ed como otras medidas de seguridad adecuadas, con el objeto de evitar el acceso no autorizado a los datos facilitados.&nbsp;<\/p>\n\n\n\n<p><strong>Derechos.<\/strong>&nbsp;Cualquier persona tiene derecho a:<\/p>\n\n\n\n<ul class=\"wp-block-list\">\n<li>revocar su consentimiento.<\/li>\n\n\n\n<li>solicitar el acceso a los datos personales que le conciernen.<\/li>\n\n\n\n<li>solicitar su rectificaci\u00f3n o supresi\u00f3n.<\/li>\n\n\n\n<li>solicitar la limitaci\u00f3n de su tratamiento.<\/li>\n\n\n\n<li>oponerse a su tratamiento (si hay inter\u00e9s p\u00fablico o inter\u00e9s leg\u00edtimo).<\/li>\n\n\n\n<li>solicitar la portabilidad.<\/li>\n<\/ul>\n\n\n\n<p>En todos los casos podr\u00e1 ejercer sus derechos por correo electr\u00f3nico dirigi\u00e9ndose a la direcci\u00f3n&nbsp;<a href=\"mailto:mpdl@mpdl.org\">mpdl@mpdl.org<\/a>, o directamente a nuestro Delegado\/a de Protecci\u00f3n de Datos&nbsp;<a href=\"mailto:dpo@mpdl.org\">dpo@mpdl.org<\/a>. En cualquier caso, la comunicaci\u00f3n deber\u00e1 ir acompa\u00f1ada de documento de identidad.<\/p>\n\n\n\n<p>En caso de considerar que sus derechos no han sido satisfechos, cualquier persona puede presentar una reclamaci\u00f3n ante la Agencia Espa\u00f1ola de Protecci\u00f3n de Datos a trav\u00e9s de la web&nbsp;<a href=\"http:\/\/www.agpd.es\/\">www.agpd.es<\/a>.<\/p>\n","protected":false},"excerpt":{"rendered":"<p>El presente aviso legal y nuestra pol\u00edtica de privacidad regulan el uso del servicio del PORTAL de Internet, inform\u00e1ndole en cumplimiento de la Ley 34\/2002, de 11 de julio lo siguiente: Pol\u00edtica de Privacidad.&nbsp;De conformidad con lo establecido en el Reglamento General de Protecci\u00f3n de Datos 2016\/679 y la LOPD 3\/2018 le informamos de lo &hellip; <\/p>\n<p class=\"link-more\"><a href=\"https:\/\/compartiendoondas.com\/?page_id=1143\" class=\"more-link\">Leer m\u00e1s<span class=\"screen-reader-text\"> \u00abPol\u00edtica de Privacidad\u00bb<\/span><\/a><\/p>\n","protected":false},"author":2,"featured_media":0,"parent":0,"menu_order":0,"comment_status":"closed","ping_status":"closed","template":"","meta":{"om_disable_all_campaigns":false,"_monsterinsights_skip_tracking":false,"_monsterinsights_sitenote_active":false,"_monsterinsights_sitenote_note":"","_monsterinsights_sitenote_category":0,"footnotes":""},"class_list":["post-1143","page","type-page","status-publish","hentry"],"aioseo_notices":[],"_links":{"self":[{"href":"https:\/\/compartiendoondas.com\/index.php?rest_route=\/wp\/v2\/pages\/1143","targetHints":{"allow":["GET"]}}],"collection":[{"href":"https:\/\/compartiendoondas.com\/index.php?rest_route=\/wp\/v2\/pages"}],"about":[{"href":"https:\/\/compartiendoondas.com\/index.php?rest_route=\/wp\/v2\/types\/page"}],"author":[{"embeddable":true,"href":"https:\/\/compartiendoondas.com\/index.php?rest_route=\/wp\/v2\/users\/2"}],"replies":[{"embeddable":true,"href":"https:\/\/compartiendoondas.com\/index.php?rest_route=%2Fwp%2Fv2%2Fcomments&post=1143"}],"version-history":[{"count":1,"href":"https:\/\/compartiendoondas.com\/index.php?rest_route=\/wp\/v2\/pages\/1143\/revisions"}],"predecessor-version":[{"id":1144,"href":"https:\/\/compartiendoondas.com\/index.php?rest_route=\/wp\/v2\/pages\/1143\/revisions\/1144"}],"wp:attachment":[{"href":"https:\/\/compartiendoondas.com\/index.php?rest_route=%2Fwp%2Fv2%2Fmedia&parent=1143"}],"curies":[{"name":"wp","href":"https:\/\/api.w.org\/{rel}","templated":true}]}}