{"id":1798,"date":"2025-07-05T10:29:59","date_gmt":"2025-07-05T10:29:59","guid":{"rendered":"https:\/\/compartiendoondas.com\/?page_id=1798"},"modified":"2025-07-07T08:53:48","modified_gmt":"2025-07-07T08:53:48","slug":"compartiendo-ondas-20","status":"publish","type":"page","link":"https:\/\/compartiendoondas.com\/?page_id=1798","title":{"rendered":"COMPARTIENDO ONDAS 20"},"content":{"rendered":"\n<p class=\"has-text-align-right has-text-color has-link-color has-x-small-font-size wp-elements-f7a31d140c6042346ee09be1746e012e\" style=\"color:#ff0000\"><strong><a href=\"http:\/\/compartiendoondas.com\">Volver a la p\u00e1gina principal<\/a><\/strong><\/p>\n\n\n\n<figure class=\"wp-block-image aligncenter size-large\"><img loading=\"lazy\" decoding=\"async\" width=\"1024\" height=\"368\" src=\"https:\/\/compartiendoondas.com\/wp-content\/uploads\/2025\/06\/Cabecera-CO-20-1024x368.png\" alt=\"\" class=\"wp-image-1800\" srcset=\"https:\/\/compartiendoondas.com\/wp-content\/uploads\/2025\/06\/Cabecera-CO-20-1024x368.png 1024w, https:\/\/compartiendoondas.com\/wp-content\/uploads\/2025\/06\/Cabecera-CO-20-300x108.png 300w, https:\/\/compartiendoondas.com\/wp-content\/uploads\/2025\/06\/Cabecera-CO-20.png 2000w\" sizes=\"auto, (max-width: 1024px) 100vw, 1024px\" \/><\/figure>\n\n\n\n<p class=\"has-text-align-center has-text-color has-link-color has-x-large-font-size wp-elements-c0c564f13d1b3bc19a7ccf1cf39b4041\" style=\"color:#d50000\">D\u00cdA INTERNACIONAL DE LA FRATERNIDAD<\/p>\n\n\n\n<div style=\"height:30px\" aria-hidden=\"true\" class=\"wp-block-spacer\"><\/div>\n\n\n\n<div class=\"wp-block-columns is-layout-flex wp-container-core-columns-is-layout-28f84493 wp-block-columns-is-layout-flex\">\n<div class=\"wp-block-column is-layout-flow wp-block-column-is-layout-flow\" style=\"flex-basis:33.33%\">\n<figure class=\"wp-block-image alignright size-full is-resized\"><img loading=\"lazy\" decoding=\"async\" width=\"500\" height=\"133\" src=\"https:\/\/compartiendoondas.com\/wp-content\/uploads\/2025\/07\/Participantes-2025.png\" alt=\"\" class=\"wp-image-1883\" style=\"width:250px\" srcset=\"https:\/\/compartiendoondas.com\/wp-content\/uploads\/2025\/07\/Participantes-2025.png 500w, https:\/\/compartiendoondas.com\/wp-content\/uploads\/2025\/07\/Participantes-2025-300x80.png 300w\" sizes=\"auto, (max-width: 500px) 100vw, 500px\" \/><\/figure>\n<\/div>\n\n\n\n<div class=\"wp-block-column is-layout-flow wp-block-column-is-layout-flow\" style=\"flex-basis:66.66%\">\n<p><strong>Grupo joven de YMCA<\/strong> del Programa Formativo de Cualificaci\u00f3n B\u00e1sica \u201cOperaciones Auxiliares Administrativas y Generales\u201d: <strong>Naomi, Vanessa, Sanae, Valentino, Cristian, Sof\u00eda, Yasyn, Brianna, Anyelo, Leoncio, Nicolae, Brayan, Kevin<\/strong>.<\/p>\n\n\n\n<p><strong>Aakrit Bastola<\/strong>, t\u00e9cnico sensibilizaci\u00f3n de <strong>Movimiento por la Paz-MPDL<\/strong>.<\/p>\n<\/div>\n<\/div>\n\n\n\n<div style=\"height:30px\" aria-hidden=\"true\" class=\"wp-block-spacer\"><\/div>\n\n\n\n<p><strong>Sof\u00eda y Vanessa<\/strong>, son las presentadoras y nos sit\u00faan en el tema central del Compartiendo Ondas: <strong>El d\u00eda internacional de la Fraternidad<\/strong>.<\/p>\n\n\n\n<div class=\"wp-block-columns is-layout-flex wp-container-core-columns-is-layout-28f84493 wp-block-columns-is-layout-flex\">\n<div class=\"wp-block-column is-layout-flow wp-block-column-is-layout-flow\">\n<p><em>La fraternidad es el respeto mutuo. Es acoger, tratar, escuchar a todos por igual sin hacer distinciones, porque pertenecemos a la misma humanidad.<\/em><\/p>\n\n\n\n<p><em>Por eso tendremos muchos compa\u00f1eros que nos hablar\u00e1n m\u00e1s sobre el tema.<\/em><\/p>\n<\/div>\n\n\n\n<div class=\"wp-block-column is-layout-flow wp-block-column-is-layout-flow\">\n<figure class=\"wp-block-image size-full\"><img loading=\"lazy\" decoding=\"async\" width=\"1000\" height=\"667\" src=\"https:\/\/compartiendoondas.com\/wp-content\/uploads\/2025\/07\/CO-20-02.jpg\" alt=\"\" class=\"wp-image-1854\" srcset=\"https:\/\/compartiendoondas.com\/wp-content\/uploads\/2025\/07\/CO-20-02.jpg 1000w, https:\/\/compartiendoondas.com\/wp-content\/uploads\/2025\/07\/CO-20-02-300x200.jpg 300w\" sizes=\"auto, (max-width: 1000px) 100vw, 1000px\" \/><\/figure>\n<\/div>\n<\/div>\n\n\n\n<figure class=\"wp-block-audio\"><audio controls src=\"https:\/\/compartiendoondas.com\/wp-content\/uploads\/2025\/07\/Compartiendo-Ondas-20-YMCA-2025-ok.mp3\"><\/audio><figcaption class=\"wp-element-caption\"><strong>Escucha, aprende y disfruta con el grupo de YMCA<\/strong><\/figcaption><\/figure>\n\n\n\n<p class=\"has-text-color has-link-color wp-elements-60e462cd86e7b21d6fc70437effd5c29\" style=\"color:#d50000\"><strong>Leo y Valentino<\/strong> nos aporta la creatividad en sus poemas: <strong>La fraternidad y la ayuda<\/strong>.<\/p>\n\n\n\n<div class=\"wp-block-columns are-vertically-aligned-center is-layout-flex wp-container-core-columns-is-layout-28f84493 wp-block-columns-is-layout-flex\">\n<div class=\"wp-block-column is-vertically-aligned-center is-layout-flow wp-block-column-is-layout-flow\">\n<figure class=\"wp-block-image size-full\"><img loading=\"lazy\" decoding=\"async\" width=\"500\" height=\"625\" src=\"https:\/\/compartiendoondas.com\/wp-content\/uploads\/2025\/07\/CO-20-04b.jpg\" alt=\"\" class=\"wp-image-1872\" srcset=\"https:\/\/compartiendoondas.com\/wp-content\/uploads\/2025\/07\/CO-20-04b.jpg 500w, https:\/\/compartiendoondas.com\/wp-content\/uploads\/2025\/07\/CO-20-04b-240x300.jpg 240w\" sizes=\"auto, (max-width: 500px) 100vw, 500px\" \/><\/figure>\n<\/div>\n\n\n\n<div class=\"wp-block-column is-vertically-aligned-center is-layout-flow wp-block-column-is-layout-flow\">\n<p><strong>Leo<\/strong>: <em>\u201cMe inspir\u00e9 por un chaval del instituto, no era muy amigo, pero a veces est\u00e1bamos ah\u00ed tal de charlita. Le estoy apoyando porque ya que no pude en su momento, quiero hacer algo por \u00e9l<\/em>\u201d<\/p>\n\n\n\n<p><em>Vivo en un mundo en el que nadie me entiende, hablo y siento que no tengo voz.&nbsp;<\/em><\/p>\n\n\n\n<p><em>Me siento atrapado un cuarto sin luz, escucho lenguaje no adecuados, que no me dejan dormir, busco una salida, pero se me hace dif\u00edcil.&nbsp;<\/em><\/p>\n\n\n\n<p><em>Pido ayuda y no me llega nada.<\/em><\/p>\n\n\n\n<p><em>Cada vez que me miro al espejo me he hecho la culpa. Me siento odio y asco, no s\u00e9 a qui\u00e9n acudir.&nbsp;<\/em><\/p>\n\n\n\n<p><em>En la risa compartida, en la lucha y la amistad, florece, fuerte eternidad, nuestra fiel fraternidad, juntos somos luz y fuerza, juntos somos un hogar.&nbsp;<\/em><\/p>\n\n\n\n<p><em>En el alma de este mundo no est\u00e9 a uni\u00f3n brillara, el que est\u00e1 ah\u00ed, que se siente s\u00f3lo, que sepa que todos estamos unidos, todos somos uno.&nbsp;<\/em><\/p>\n<\/div>\n<\/div>\n\n\n\n<div class=\"wp-block-columns are-vertically-aligned-center is-layout-flex wp-container-core-columns-is-layout-28f84493 wp-block-columns-is-layout-flex\">\n<div class=\"wp-block-column is-vertically-aligned-center is-layout-flow wp-block-column-is-layout-flow\">\n<p class=\"has-text-color has-link-color wp-elements-50603038c285e8f8dd2c6fedb6ea47a3\" style=\"color:#d50000\"><strong>Valentino<\/strong>: <em>\u201cMe inspir\u00e9 en unos compa\u00f1eros en Ymca me orientaron acerca del tema y me gust\u00f3 dedicarle una poes\u00eda la fraternidad humana\u201d. <\/em><\/p>\n\n\n\n<p><em>No importa el color de mi piel, si es oscura como la noche o clara como un amanecer.<\/em><\/p>\n\n\n\n<p><em>Mi sangre sigue siendo roja como la tuya y la de \u00e9l.<\/em><\/p>\n\n\n\n<p><em>No importa el idioma que hable, el acento que lleve, el dolor es universal y el amor de su sue\u00f1o no tiene.<\/em><\/p>\n\n\n\n<p><em>Somos r\u00edos que se encuentran manos unidas en el viento, somos voces que resuenan con un mismo sentimiento.<\/em><\/p>\n\n\n\n<p><em>No hay distancia que separen a quien brinda su calor ni barreras que detengan la verdad de coraz\u00f3n.<\/em><\/p>\n<\/div>\n\n\n\n<div class=\"wp-block-column is-vertically-aligned-center is-layout-flow wp-block-column-is-layout-flow\">\n<figure class=\"wp-block-image size-full\"><img loading=\"lazy\" decoding=\"async\" width=\"1000\" height=\"667\" src=\"https:\/\/compartiendoondas.com\/wp-content\/uploads\/2025\/07\/CO-20-07.jpg\" alt=\"\" class=\"wp-image-1855\" srcset=\"https:\/\/compartiendoondas.com\/wp-content\/uploads\/2025\/07\/CO-20-07.jpg 1000w, https:\/\/compartiendoondas.com\/wp-content\/uploads\/2025\/07\/CO-20-07-300x200.jpg 300w\" sizes=\"auto, (max-width: 1000px) 100vw, 1000px\" \/><\/figure>\n<\/div>\n<\/div>\n\n\n\n<div style=\"height:30px\" aria-hidden=\"true\" class=\"wp-block-spacer\"><\/div>\n\n\n\n<p class=\"has-text-color has-link-color wp-elements-1b0a2aad78fdade0911c29eb1abeff60\" style=\"color:#d50000\">La encuesta realizada por <strong>Nicolae y Anyelo<\/strong>, nos permite saber qu\u00e9 piensan las personas del barrio sobre el respeto.<\/p>\n\n\n\n<figure class=\"wp-block-image aligncenter size-full is-resized\"><img loading=\"lazy\" decoding=\"async\" width=\"1000\" height=\"667\" src=\"https:\/\/compartiendoondas.com\/wp-content\/uploads\/2025\/07\/CO-20-05.jpg\" alt=\"\" class=\"wp-image-1858\" style=\"width:600px\" srcset=\"https:\/\/compartiendoondas.com\/wp-content\/uploads\/2025\/07\/CO-20-05.jpg 1000w, https:\/\/compartiendoondas.com\/wp-content\/uploads\/2025\/07\/CO-20-05-300x200.jpg 300w\" sizes=\"auto, (max-width: 1000px) 100vw, 1000px\" \/><\/figure>\n\n\n\n<p>La encuesta se plante\u00f3 mediante tres preguntas:&nbsp;<\/p>\n\n\n\n<ul class=\"wp-block-list\">\n<li><strong>\u00bfPuedes decirnos que es para ti el respeto?<\/strong> <em>\u201cPues el respeto para m\u00ed es la capacidad que tiene las personas de aceptar, api\u00f1ando los dem\u00e1s, sin nada, sin rebatirles y sin nada aceptarlo\u201d<\/em><\/li>\n\n\n\n<li><strong>\u00bfPiensa en que nuestra sociedad las personas demuestra el respeto?<\/strong><em>: \u201cPues creo que en su gran mayor\u00eda las personas suelen respetar a los dem\u00e1s, aunque siempre hay gente que\u2026 no\u201d.<\/em><\/li>\n\n\n\n<li><strong>\u00bfQu\u00e9 otros valores piensa que son importantes sobre el respeto?<\/strong>: <em>\u201d Otros valores, pues la responsabilidad, el compromiso, formar parte de la ciudadan\u00eda\u201d.<\/em><\/li>\n<\/ul>\n\n\n\n<p>Un lugar en el mundo, con <strong>Yasyn y Brayan<\/strong>: Malasia. <\/p>\n\n\n\n<figure class=\"wp-block-image aligncenter size-full is-resized\"><img loading=\"lazy\" decoding=\"async\" width=\"1000\" height=\"667\" src=\"https:\/\/compartiendoondas.com\/wp-content\/uploads\/2025\/07\/CO-20-08.jpg\" alt=\"\" class=\"wp-image-1860\" style=\"width:600px\" srcset=\"https:\/\/compartiendoondas.com\/wp-content\/uploads\/2025\/07\/CO-20-08.jpg 1000w, https:\/\/compartiendoondas.com\/wp-content\/uploads\/2025\/07\/CO-20-08-300x200.jpg 300w\" sizes=\"auto, (max-width: 1000px) 100vw, 1000px\" \/><\/figure>\n\n\n\n<p>Es un pa\u00eds lleno de diversidad cultural, religiosa y participativa, que nos da la posibilidad de aprender y reconocer c\u00f3mo las personas podemos convivir en armon\u00eda, solucionando los retos de forma pac\u00edfica.<\/p>\n\n\n\n<p class=\"has-text-color has-link-color wp-elements-48effb27c8a17f38df8a58a7bd34bc51\" style=\"color:#d50000\">Con el espacio de la entrevista, <strong>Kevin acompa\u00f1a a Aakrit, t\u00e9cnico de la ONG Movimiento por la Paz-MPDL<\/strong>, aportando el valor de la fraternidad, y las barreras que creamos las personas para no demostrarla.<\/p>\n\n\n\n<p><strong>\u00bfQu\u00e9 tiene que ver tu trabajo sobre la fraternidad humana?<\/strong>:&nbsp;<\/p>\n\n\n\n<p><em>Pues yo trabajo en una organizaci\u00f3n que defiende los derechos humanos, entonces la fraternidad humana, yo creo que forma parte de todo este conjunto de cosas que hacen posible los derechos humanos y que creamos en ellos y que tambi\u00e9n luchemos por ellos.<\/em><\/p>\n\n\n\n<p><em>Los derechos humanos significan preocuparse por gente que no conoces el todo, pero que compartes con ellos, pues que son humanos y que todos tenemos una dignidad y que esta dignidad es la que nos hace, digamos, hermanos, fraternos.&nbsp;<\/em><\/p>\n\n\n\n<p><em>Y en este sentido, creo que el currar en derechos humanos tiene que ver con la fraternidad humana.<\/em><\/p>\n\n\n\n<p><strong>\u00bfCu\u00e1nto tiempo llevas en la ONG de Movimiento por la Paz?<\/strong><\/p>\n\n\n\n<p><em>Empec\u00e9 en verano cuando hac\u00eda calor, una hora hace calor siempre ya, pero s\u00ed, ser\u00e1 medio a\u00f1o llevare aproximadamente un poquito m\u00e1s de medio a\u00f1o.<\/em><\/p>\n\n\n\n<p><strong>\u00bfQu\u00e9 opinas sobre la situaci\u00f3n de las personas que sufren o han sufrido con tipo de racismo?<\/strong><\/p>\n\n\n\n<div class=\"wp-block-columns are-vertically-aligned-center is-layout-flex wp-container-core-columns-is-layout-28f84493 wp-block-columns-is-layout-flex\">\n<div class=\"wp-block-column is-vertically-aligned-center is-layout-flow wp-block-column-is-layout-flow\">\n<p><em>Bueno, yo siempre he pensado que las discriminaciones tienen sus ra\u00edcen en el desconocimiento que tenemos de las personas, ya que nos da miedo las cosas o personas que no conocemos. Por ello a veces, a ra\u00edz de este miedo, pues reaccionamos con unas actitudes que son violentas hacia las otras personas, de rechazo, al final un poco como los animales, cuando los animales tienen miedo, se vuelven violentos. <\/em><\/p>\n\n\n\n<p><em>Yo creo que la discriminaci\u00f3n racial tiene su base en que muchas veces nos hemos puesto unos l\u00edmites a la hora de conocer a las otras personas, y que cuando emprendemos este proceso de conocerlas y de entender c\u00f3mo piensa, cu\u00e1les son sus valores, pues se va eliminando opciones de discriminaci\u00f3n.<\/em><\/p>\n<\/div>\n\n\n\n<div class=\"wp-block-column is-vertically-aligned-center is-layout-flow wp-block-column-is-layout-flow\">\n<figure class=\"wp-block-image aligncenter size-full\"><img loading=\"lazy\" decoding=\"async\" width=\"1000\" height=\"667\" src=\"https:\/\/compartiendoondas.com\/wp-content\/uploads\/2025\/07\/CO-20-11.jpg\" alt=\"\" class=\"wp-image-1863\" srcset=\"https:\/\/compartiendoondas.com\/wp-content\/uploads\/2025\/07\/CO-20-11.jpg 1000w, https:\/\/compartiendoondas.com\/wp-content\/uploads\/2025\/07\/CO-20-11-300x200.jpg 300w\" sizes=\"auto, (max-width: 1000px) 100vw, 1000px\" \/><\/figure>\n<\/div>\n<\/div>\n\n\n\n<p><strong>\u00bfY t\u00fa, \u00bfa qu\u00e9 ha sufrido alg\u00fan tipo de discriminaci\u00f3n, estando peque\u00f1o, estando ya a tu adolescencia?:<\/strong><\/p>\n\n\n\n<p><em>Es una pregunta muy interesante, s\u00ed, claro que he sufrido discriminaci\u00f3n racial, tanto de peque\u00f1o como de adulto, creo que le ha sido sufriendo. Pienso y digo, \u201cs\u00ed que la siento\u201d, pero cada vez m\u00e1s, me he especializado m\u00e1s en fijarme en las situaciones de discriminaci\u00f3n que sufren otras personas, y en analizarlo y en intentar proporcionar herramientas para que esto no se d\u00e9.&nbsp;<\/em><\/p>\n\n\n\n<p><em>Tambi\u00e9n he aprendido a lo largo de mi vida, diferentes maneras de reaccionar ante ella, al final al principio s\u00ed que era algo m\u00e1s emocional, a nadie le gusta que le discriminen o que le insulten. Ahora entiendo que tengo, una aproximaci\u00f3n un poco m\u00e1s calmada a cuando pasan esas situaciones, que supongo que es fruto tambi\u00e9n de lo que trabajo y de que pienso que en el fondo, pues como he dicho antes, que la ra\u00edz se le est\u00e1n en el desconocimiento, y que para dar respuesta la otra persona,&nbsp; nos podemos aproximar de otra manera que no sea la violenta porque si no, la confrontaci\u00f3n desde la violencia, al final simplemente nos va a llevar que se extienda m\u00e1s esta discriminaci\u00f3n racial y de cualquier tipo.<\/em><\/p>\n\n\n\n<p>Vale,<strong>\u00bfT\u00fa qu\u00e9 har\u00edas para disminuir o eliminar el racismo en el mundo?<\/strong>:<\/p>\n\n\n\n<p><em>Es una pregunta muy ambiciosa. No s\u00e9 si vamos a poder conseguir que no haya m\u00e1s racismo en el mundo, lo que podemos hacer es intentar que no se perpet\u00faen las actitudes racistas en nuestro c\u00edrculo pr\u00f3ximo, en los c\u00edrculos familiares, en los c\u00edrculos de amigos. Podemos intentar que cuando vemos una actitud racista, es intentar pararla, no darle, no seguirle el juego, intentar tambi\u00e9n trabajar en nosotros y nosotros mismos. Esta es una buena base para intentar construir que no haya racismo en el mundo, y aunque pueda parecer ambicioso, podemos empezar por las situaciones cercanas.<\/em><\/p>\n\n\n\n<p>Si t\u00fa tuviera su oportunidad, digamos, decir as\u00ed, que cambiarte trabajo, <strong>\u00bfa qu\u00e9 te gustar\u00eda dedicarte?<\/strong><\/p>\n\n\n\n<p><em>Pues a m\u00ed la verdad, lo que me gusta es ense\u00f1ar a la gente, estar con la gente y aprender en ese proceso. Entonces seguramente pues estar\u00eda ense\u00f1ando algo, ahora pues dialogamos sobre los Derechos Humanos, y los valores de la convivencia pac\u00edfica, pero seguramente estar\u00eda ense\u00f1ando alguna cosa. Me gusta jugar a Volei, entonces a lo mejor ser\u00eda profe de Volley, o al tener los estudios de filosof\u00eda, pues profe de filosof\u00eda. No lo s\u00e9, eso es un poquito lo que me gusta y es lo que me imagino, quiz\u00e1 no, quiz\u00e1 har\u00eda cualquier otra cosa.<\/em><\/p>\n\n\n\n<p><strong>Gracias Aakrit<\/strong>, por haber estado con nosotros y hasta pronto.<\/p>\n\n\n\n<p><em>Gracias a ti, que bien por invitarme, yo he encantado de compartir mis palabras con vosotros y que me escuch\u00e9is, y nada, creo que esto contribuye un poquito, a eliminar las situaciones de racismo en el mundo, me alegro mucho estar aqu\u00ed.<\/em><\/p>\n\n\n\n<p class=\"has-text-color has-link-color wp-elements-74a3c10b4feb3e9910c3450d7cdbf1a0\" style=\"color:#d50000\"><strong>El personaje hist\u00f3rico, con Eleonor Roosvelt , Naomi y Briana<\/strong>, que trabaj\u00f3 por la proclamaci\u00f3n de los DDHH.<\/p>\n\n\n\n<p>Mucha gente no sabe qui\u00e9n fue ella, pero Eliono Rosbert fue la primera dama de los Estados Unidos entre los a\u00f1os, 1933 y 1945. Ella form\u00f3 parte del grupo que impuls\u00f3 la elaboraci\u00f3n de la declaraci\u00f3n universal de los derechos de los humanos, el 10 de diciembre del a\u00f1o 1948.<\/p>\n\n\n\n<p>Una de sus frases importantes fue: <strong>\u201cNo basta con hablar de paz, sino que hay que creer en ella\u201d&nbsp;<\/strong><\/p>\n\n\n\n<figure class=\"wp-block-image aligncenter size-full is-resized\"><img loading=\"lazy\" decoding=\"async\" width=\"1000\" height=\"667\" src=\"https:\/\/compartiendoondas.com\/wp-content\/uploads\/2025\/07\/CO-20-12.jpg\" alt=\"\" class=\"wp-image-1865\" style=\"width:600px\" srcset=\"https:\/\/compartiendoondas.com\/wp-content\/uploads\/2025\/07\/CO-20-12.jpg 1000w, https:\/\/compartiendoondas.com\/wp-content\/uploads\/2025\/07\/CO-20-12-300x200.jpg 300w\" sizes=\"auto, (max-width: 1000px) 100vw, 1000px\" \/><\/figure>\n\n\n\n<p class=\"has-text-color has-link-color wp-elements-25dd5b398fd092d5f25722a7a8569b95\" style=\"color:#d50000\"><strong>Recomendaciones para el tiempo libre<\/strong>, con la pel\u00edcula \u201c<strong>Green Book<\/strong>\u201d 2018<\/p>\n\n\n\n<p>Nos habla sobre la amistad de un pianista afrodescendiente y su chofer que era polaco. Es como dec\u00eda Aakrit, varias amistades de pueden formar sin utilizar las barreras del racismo.<\/p>\n\n\n\n<div style=\"height:30px\" aria-hidden=\"true\" class=\"wp-block-spacer\"><\/div>\n\n\n\n<p><strong>Entidad participante y su financiador<\/strong>:<\/p>\n\n\n\n<div class=\"wp-block-columns are-vertically-aligned-center is-layout-flex wp-container-core-columns-is-layout-28f84493 wp-block-columns-is-layout-flex\">\n<div class=\"wp-block-column is-vertically-aligned-center is-layout-flow wp-block-column-is-layout-flow\">\n<figure class=\"wp-block-image aligncenter size-full is-resized\"><img loading=\"lazy\" decoding=\"async\" width=\"458\" height=\"129\" src=\"https:\/\/compartiendoondas.com\/wp-content\/uploads\/2025\/07\/LOGO-YMCA-azul_-1.png\" alt=\"\" class=\"wp-image-1874\" style=\"width:350px\" srcset=\"https:\/\/compartiendoondas.com\/wp-content\/uploads\/2025\/07\/LOGO-YMCA-azul_-1.png 458w, https:\/\/compartiendoondas.com\/wp-content\/uploads\/2025\/07\/LOGO-YMCA-azul_-1-300x84.png 300w\" sizes=\"auto, (max-width: 458px) 100vw, 458px\" \/><\/figure>\n<\/div>\n\n\n\n<div class=\"wp-block-column is-vertically-aligned-center is-layout-flow wp-block-column-is-layout-flow\">\n<figure class=\"wp-block-image aligncenter size-full is-resized\"><img loading=\"lazy\" decoding=\"async\" width=\"940\" height=\"419\" src=\"https:\/\/compartiendoondas.com\/wp-content\/uploads\/2025\/07\/Logo-GV-CECUE.png\" alt=\"\" class=\"wp-image-1875\" style=\"width:350px\" srcset=\"https:\/\/compartiendoondas.com\/wp-content\/uploads\/2025\/07\/Logo-GV-CECUE.png 940w, https:\/\/compartiendoondas.com\/wp-content\/uploads\/2025\/07\/Logo-GV-CECUE-300x134.png 300w\" sizes=\"auto, (max-width: 940px) 100vw, 940px\" \/><\/figure>\n<\/div>\n<\/div>\n\n\n\n<div style=\"height:30px\" aria-hidden=\"true\" class=\"wp-block-spacer\"><\/div>\n\n\n\n<p class=\"has-text-align-right has-text-color has-link-color has-x-small-font-size wp-elements-f7a31d140c6042346ee09be1746e012e\" style=\"color:#ff0000\"><strong><a href=\"http:\/\/compartiendoondas.com\">Volver a la p\u00e1gina principal<\/a><\/strong><\/p>\n","protected":false},"excerpt":{"rendered":"<p>Volver a la p\u00e1gina principal D\u00cdA INTERNACIONAL DE LA FRATERNIDAD Grupo joven de YMCA del Programa Formativo de Cualificaci\u00f3n B\u00e1sica \u201cOperaciones Auxiliares Administrativas y Generales\u201d: Naomi, Vanessa, Sanae, Valentino, Cristian, Sof\u00eda, Yasyn, Brianna, Anyelo, Leoncio, Nicolae, Brayan, Kevin. Aakrit Bastola, t\u00e9cnico sensibilizaci\u00f3n de Movimiento por la Paz-MPDL. Sof\u00eda y Vanessa, son las presentadoras y nos &hellip; <\/p>\n<p class=\"link-more\"><a href=\"https:\/\/compartiendoondas.com\/?page_id=1798\" class=\"more-link\">Leer m\u00e1s<span class=\"screen-reader-text\"> \u00abCOMPARTIENDO ONDAS 20\u00bb<\/span><\/a><\/p>\n","protected":false},"author":2,"featured_media":0,"parent":2,"menu_order":0,"comment_status":"closed","ping_status":"closed","template":"page-templates\/no-title.php","meta":{"om_disable_all_campaigns":false,"_monsterinsights_skip_tracking":false,"_monsterinsights_sitenote_active":false,"_monsterinsights_sitenote_note":"","_monsterinsights_sitenote_category":0,"footnotes":""},"class_list":["post-1798","page","type-page","status-publish","hentry"],"aioseo_notices":[],"_links":{"self":[{"href":"https:\/\/compartiendoondas.com\/index.php?rest_route=\/wp\/v2\/pages\/1798","targetHints":{"allow":["GET"]}}],"collection":[{"href":"https:\/\/compartiendoondas.com\/index.php?rest_route=\/wp\/v2\/pages"}],"about":[{"href":"https:\/\/compartiendoondas.com\/index.php?rest_route=\/wp\/v2\/types\/page"}],"author":[{"embeddable":true,"href":"https:\/\/compartiendoondas.com\/index.php?rest_route=\/wp\/v2\/users\/2"}],"replies":[{"embeddable":true,"href":"https:\/\/compartiendoondas.com\/index.php?rest_route=%2Fwp%2Fv2%2Fcomments&post=1798"}],"version-history":[{"count":23,"href":"https:\/\/compartiendoondas.com\/index.php?rest_route=\/wp\/v2\/pages\/1798\/revisions"}],"predecessor-version":[{"id":1951,"href":"https:\/\/compartiendoondas.com\/index.php?rest_route=\/wp\/v2\/pages\/1798\/revisions\/1951"}],"up":[{"embeddable":true,"href":"https:\/\/compartiendoondas.com\/index.php?rest_route=\/wp\/v2\/pages\/2"}],"wp:attachment":[{"href":"https:\/\/compartiendoondas.com\/index.php?rest_route=%2Fwp%2Fv2%2Fmedia&parent=1798"}],"curies":[{"name":"wp","href":"https:\/\/api.w.org\/{rel}","templated":true}]}}