{"id":293,"date":"2023-06-16T08:19:10","date_gmt":"2023-06-16T08:19:10","guid":{"rendered":"https:\/\/compartiendoondas.com\/?page_id=293"},"modified":"2024-03-07T07:01:28","modified_gmt":"2024-03-07T07:01:28","slug":"compartiendo-ondas-2","status":"publish","type":"page","link":"https:\/\/compartiendoondas.com\/?page_id=293","title":{"rendered":"COMPARTIENDO ONDAS 2"},"content":{"rendered":"\n<div style=\"height:70px\" aria-hidden=\"true\" class=\"wp-block-spacer\"><\/div>\n\n\n\n<p class=\"has-text-align-center has-vivid-cyan-blue-color has-text-color has-x-large-font-size\"><strong>COMPARTIENDO ONDAS 2<\/strong><\/p>\n\n\n\n<div style=\"height:30px\" aria-hidden=\"true\" class=\"wp-block-spacer\"><\/div>\n\n\n\n<p class=\"has-text-align-center has-medium-font-size\"><strong>Derecho al trabajo digno.<\/strong><\/p>\n\n\n\n<div style=\"height:30px\" aria-hidden=\"true\" class=\"wp-block-spacer\"><\/div>\n\n\n\n<p class=\"has-black-color has-text-color\">FEM COMBOI es un proyecto social destinado a las personas que viven en casa caridad. Ofrecemos un contexto seguro&nbsp;de trabajo, adaptado a las necesidades de las personas que participan. Creamos objetos artesanales, que ofrecemos a cambio de donativos, pero el objetivo final no es la venta&nbsp;masiva&nbsp;sino que las personas puedan mejorar su calidad de vida, sus habilidades&nbsp;prelaborales&nbsp;y que creen una red de apoyo entre ellas.<\/p>\n\n\n\n<p>El trabajo&nbsp;digno es aquella acci\u00f3n laboral&nbsp;que se realiza con respeto, sin discriminaci\u00f3n ninguna y respetando los derechos laborales fundamentales.<\/p>\n\n\n\n<p>Para tratar los diferentes aspectos del trabajo digno, compartiremos el espacio radial con las siguientes participantes:<\/p>\n\n\n\n<p>Gema nos aportar\u00e1 en el espacio del noticiero, nueva&nbsp;informaci\u00f3n de Colombia y de Valencia.<\/p>\n\n\n\n<p>La entrevista&nbsp;entre&nbsp;Valencia&nbsp;y&nbsp;Colombia:<\/p>\n\n\n\n<p>Susana y Manuela desde Valencia entrevistar\u00e1n a&nbsp;Fernel&nbsp;Urquiza y&nbsp;Mayerlis&nbsp;D\u00edaz en Colombia, para conocer experiencias concretas en relaci\u00f3n al trabajo digno con el enfoque concreto de prevenci\u00f3n de la discriminaci\u00f3n.<\/p>\n\n\n\n<p>El testimonio&nbsp;vital sobre la experiencia de&nbsp;trabajo digno: Berta,&nbsp;Jose&nbsp;y&nbsp;Waris.<\/p>\n\n\n\n<p>Mujeres hist\u00f3ricas, figuras importantes por ser&nbsp;defensoras&nbsp;de los Derechos Humanos, de manera tan diferentes.&nbsp;In\u00e9s&nbsp;que nos hablar\u00e1 qui\u00e9n fue Clara Campoamor y Rigoberta&nbsp;Mech\u00fa,&nbsp;y Ruth que nos contar\u00e1 la aportaci\u00f3n de&nbsp;Osinachi, mujer y cantante de g\u00f3spel.<\/p>\n\n\n\n<p>Las recomendaciones&nbsp;de Luis y&nbsp;Pablo,&nbsp;para&nbsp;conocer un&nbsp;libro y&nbsp;una&nbsp;pel\u00edcula sobre trabajo&nbsp;digno.<\/p>\n\n\n\n<div style=\"height:20px\" aria-hidden=\"true\" class=\"wp-block-spacer\"><\/div>\n\n\n\n<figure class=\"wp-block-audio\"><audio controls src=\"http:\/\/compartiendoondas.com\/wp-content\/uploads\/2023\/06\/Casa-Caridad-OK.mp3\"><\/audio><figcaption class=\"wp-element-caption\"><strong>Puedes conocer las experiencias en trabajo digno pulsando el play<\/strong><\/figcaption><\/figure>\n\n\n\n<div style=\"height:29px\" aria-hidden=\"true\" class=\"wp-block-spacer\"><\/div>\n\n\n\n<figure class=\"wp-block-gallery has-nested-images columns-4 is-cropped wp-block-gallery-1 is-layout-flex wp-block-gallery-is-layout-flex\">\n<figure class=\"wp-block-image size-large\"><img loading=\"lazy\" decoding=\"async\" width=\"771\" height=\"1024\" data-id=\"386\" src=\"https:\/\/compartiendoondas.com\/wp-content\/uploads\/2023\/06\/Foto-1-771x1024.jpg\" alt=\"\" class=\"wp-image-386\" srcset=\"https:\/\/compartiendoondas.com\/wp-content\/uploads\/2023\/06\/Foto-1-771x1024.jpg 771w, https:\/\/compartiendoondas.com\/wp-content\/uploads\/2023\/06\/Foto-1-226x300.jpg 226w, https:\/\/compartiendoondas.com\/wp-content\/uploads\/2023\/06\/Foto-1-768x1020.jpg 768w, https:\/\/compartiendoondas.com\/wp-content\/uploads\/2023\/06\/Foto-1-1157x1536.jpg 1157w, https:\/\/compartiendoondas.com\/wp-content\/uploads\/2023\/06\/Foto-1.jpg 1205w\" sizes=\"auto, (max-width: 771px) 100vw, 771px\" \/><\/figure>\n\n\n\n<figure class=\"wp-block-image size-large\"><img loading=\"lazy\" decoding=\"async\" width=\"768\" height=\"1024\" data-id=\"392\" src=\"https:\/\/compartiendoondas.com\/wp-content\/uploads\/2023\/06\/Foto-2-768x1024.jpg\" alt=\"\" class=\"wp-image-392\" srcset=\"https:\/\/compartiendoondas.com\/wp-content\/uploads\/2023\/06\/Foto-2-768x1024.jpg 768w, https:\/\/compartiendoondas.com\/wp-content\/uploads\/2023\/06\/Foto-2-225x300.jpg 225w, https:\/\/compartiendoondas.com\/wp-content\/uploads\/2023\/06\/Foto-2-1152x1536.jpg 1152w, https:\/\/compartiendoondas.com\/wp-content\/uploads\/2023\/06\/Foto-2-1536x2048.jpg 1536w, https:\/\/compartiendoondas.com\/wp-content\/uploads\/2023\/06\/Foto-2-2000x2667.jpg 2000w, https:\/\/compartiendoondas.com\/wp-content\/uploads\/2023\/06\/Foto-2-scaled.jpg 1920w\" sizes=\"auto, (max-width: 768px) 100vw, 768px\" \/><\/figure>\n\n\n\n<figure class=\"wp-block-image size-medium\"><img loading=\"lazy\" decoding=\"async\" width=\"300\" height=\"225\" data-id=\"391\" src=\"https:\/\/compartiendoondas.com\/wp-content\/uploads\/2023\/06\/Foto-3-300x225.jpg\" alt=\"\" class=\"wp-image-391\" srcset=\"https:\/\/compartiendoondas.com\/wp-content\/uploads\/2023\/06\/Foto-3-300x225.jpg 300w, https:\/\/compartiendoondas.com\/wp-content\/uploads\/2023\/06\/Foto-3-1024x768.jpg 1024w, https:\/\/compartiendoondas.com\/wp-content\/uploads\/2023\/06\/Foto-3-768x576.jpg 768w, https:\/\/compartiendoondas.com\/wp-content\/uploads\/2023\/06\/Foto-3-1536x1152.jpg 1536w, https:\/\/compartiendoondas.com\/wp-content\/uploads\/2023\/06\/Foto-3-2048x1536.jpg 2048w, https:\/\/compartiendoondas.com\/wp-content\/uploads\/2023\/06\/Foto-3-2000x1500.jpg 2000w\" sizes=\"auto, (max-width: 300px) 100vw, 300px\" \/><\/figure>\n\n\n\n<figure class=\"wp-block-image size-large\"><img loading=\"lazy\" decoding=\"async\" width=\"768\" height=\"1024\" data-id=\"390\" src=\"https:\/\/compartiendoondas.com\/wp-content\/uploads\/2023\/06\/Foto-4-768x1024.jpg\" alt=\"\" class=\"wp-image-390\" srcset=\"https:\/\/compartiendoondas.com\/wp-content\/uploads\/2023\/06\/Foto-4-768x1024.jpg 768w, https:\/\/compartiendoondas.com\/wp-content\/uploads\/2023\/06\/Foto-4-225x300.jpg 225w, https:\/\/compartiendoondas.com\/wp-content\/uploads\/2023\/06\/Foto-4-1152x1536.jpg 1152w, https:\/\/compartiendoondas.com\/wp-content\/uploads\/2023\/06\/Foto-4-1536x2048.jpg 1536w, https:\/\/compartiendoondas.com\/wp-content\/uploads\/2023\/06\/Foto-4-2000x2667.jpg 2000w, https:\/\/compartiendoondas.com\/wp-content\/uploads\/2023\/06\/Foto-4-scaled.jpg 1920w\" sizes=\"auto, (max-width: 768px) 100vw, 768px\" \/><\/figure>\n\n\n\n<figure class=\"wp-block-image size-large\"><img loading=\"lazy\" decoding=\"async\" width=\"1024\" height=\"771\" data-id=\"389\" src=\"https:\/\/compartiendoondas.com\/wp-content\/uploads\/2023\/06\/Foto-5-1024x771.jpg\" alt=\"\" class=\"wp-image-389\" srcset=\"https:\/\/compartiendoondas.com\/wp-content\/uploads\/2023\/06\/Foto-5-1024x771.jpg 1024w, https:\/\/compartiendoondas.com\/wp-content\/uploads\/2023\/06\/Foto-5-300x226.jpg 300w, https:\/\/compartiendoondas.com\/wp-content\/uploads\/2023\/06\/Foto-5-768x578.jpg 768w, https:\/\/compartiendoondas.com\/wp-content\/uploads\/2023\/06\/Foto-5-1536x1157.jpg 1536w, https:\/\/compartiendoondas.com\/wp-content\/uploads\/2023\/06\/Foto-5.jpg 1600w\" sizes=\"auto, (max-width: 1024px) 100vw, 1024px\" \/><\/figure>\n\n\n\n<figure class=\"wp-block-image size-large\"><img loading=\"lazy\" decoding=\"async\" width=\"1024\" height=\"771\" data-id=\"388\" src=\"https:\/\/compartiendoondas.com\/wp-content\/uploads\/2023\/06\/Foto-6-1024x771.jpg\" alt=\"\" class=\"wp-image-388\" srcset=\"https:\/\/compartiendoondas.com\/wp-content\/uploads\/2023\/06\/Foto-6-1024x771.jpg 1024w, https:\/\/compartiendoondas.com\/wp-content\/uploads\/2023\/06\/Foto-6-300x226.jpg 300w, https:\/\/compartiendoondas.com\/wp-content\/uploads\/2023\/06\/Foto-6-768x578.jpg 768w, https:\/\/compartiendoondas.com\/wp-content\/uploads\/2023\/06\/Foto-6-1536x1157.jpg 1536w, https:\/\/compartiendoondas.com\/wp-content\/uploads\/2023\/06\/Foto-6.jpg 1600w\" sizes=\"auto, (max-width: 1024px) 100vw, 1024px\" \/><\/figure>\n\n\n\n<figure class=\"wp-block-image size-large\"><img loading=\"lazy\" decoding=\"async\" width=\"1024\" height=\"771\" data-id=\"387\" src=\"https:\/\/compartiendoondas.com\/wp-content\/uploads\/2023\/06\/Foto-7-1024x771.jpg\" alt=\"\" class=\"wp-image-387\" srcset=\"https:\/\/compartiendoondas.com\/wp-content\/uploads\/2023\/06\/Foto-7-1024x771.jpg 1024w, https:\/\/compartiendoondas.com\/wp-content\/uploads\/2023\/06\/Foto-7-300x226.jpg 300w, https:\/\/compartiendoondas.com\/wp-content\/uploads\/2023\/06\/Foto-7-768x578.jpg 768w, https:\/\/compartiendoondas.com\/wp-content\/uploads\/2023\/06\/Foto-7-1536x1157.jpg 1536w, https:\/\/compartiendoondas.com\/wp-content\/uploads\/2023\/06\/Foto-7.jpg 1600w\" sizes=\"auto, (max-width: 1024px) 100vw, 1024px\" \/><\/figure>\n<figcaption class=\"blocks-gallery-caption wp-element-caption\"><strong>Juana, Mari,&nbsp;Gemma, Manuela, Susana, Ruth, In\u00e9s, Berta,&nbsp;Waris, Pepe y Luis.<\/strong><\/figcaption><\/figure>\n\n\n\n<div style=\"height:30px\" aria-hidden=\"true\" class=\"wp-block-spacer\"><\/div>\n\n\n\n<hr class=\"wp-block-separator has-alpha-channel-opacity\"\/>\n\n\n\n<div style=\"height:20px\" aria-hidden=\"true\" class=\"wp-block-spacer\"><\/div>\n\n\n\n<p class=\"has-black-color has-text-color\">Susana&nbsp;y Manuela entrevistan a&nbsp;Fernel&nbsp;Urquiza y&nbsp;Mayerlis&nbsp;D\u00edaz:<\/p>\n\n\n\n<p class=\"has-black-color has-text-color\">Soy Susana, tengo 43 a\u00f1os y soy una chica transexual. He tenido, por mi identidad sexual, pocas oportunidades de trabajo digno. Estoy muy interesada en saber vuestra la experiencia en vuestras localidades.&nbsp;\u00bfpiensas que las personas transexuales tienen las mismas oportunidades de trabajo digno y qu\u00e9 porcentaje hay en tu localidad?<\/p>\n\n\n\n<p><strong>Fernel:<\/strong><em>&nbsp;<\/em>Las personas transexuales deben de tener oportunidad al trabajo digno, como debe ser. Pero, desafortunadamente en Colombia, se les pone condiciones y se les discrimina por su condici\u00f3n sexual, cosa que no estoy de acuerdo, porque tienen las condiciones para hacerlo y pueden hacerlo.<\/p>\n\n\n\n<div style=\"height:20px\" aria-hidden=\"true\" class=\"wp-block-spacer\"><\/div>\n\n\n\n<div class=\"wp-block-columns is-layout-flex wp-container-core-columns-is-layout-28f84493 wp-block-columns-is-layout-flex\">\n<div class=\"wp-block-column is-layout-flow wp-block-column-is-layout-flow\">\n<div class=\"wp-block-cover has-custom-content-position is-position-bottom-center\" style=\"min-height:600px;aspect-ratio:unset;\"><span aria-hidden=\"true\" class=\"wp-block-cover__background has-background-dim-0 has-background-dim\"><\/span><img loading=\"lazy\" decoding=\"async\" width=\"669\" height=\"669\" class=\"wp-block-cover__image-background wp-image-399\" alt=\"\" src=\"http:\/\/compartiendoondas.com\/wp-content\/uploads\/2023\/06\/CO2-FERNEL-URQUIZA.jpg\" data-object-fit=\"cover\" srcset=\"https:\/\/compartiendoondas.com\/wp-content\/uploads\/2023\/06\/CO2-FERNEL-URQUIZA.jpg 669w, https:\/\/compartiendoondas.com\/wp-content\/uploads\/2023\/06\/CO2-FERNEL-URQUIZA-300x300.jpg 300w, https:\/\/compartiendoondas.com\/wp-content\/uploads\/2023\/06\/CO2-FERNEL-URQUIZA-150x150.jpg 150w\" sizes=\"auto, (max-width: 669px) 100vw, 669px\" \/><div class=\"wp-block-cover__inner-container is-layout-flow wp-block-cover-is-layout-flow\">\n<p class=\"has-medium-font-size\">Fernel&nbsp;Urquiza Encinales Asociaci\u00f3n de emprendedores agropecuarios de la vereda La Envidia en el municipio Arenal. Departamento de Bol\u00edvar.&nbsp;Colombia.<\/p>\n<\/div><\/div>\n<\/div>\n\n\n\n<div class=\"wp-block-column is-layout-flow wp-block-column-is-layout-flow\">\n<div class=\"wp-block-cover is-light has-custom-content-position is-position-bottom-center has-small-font-size\" style=\"min-height:599px;aspect-ratio:unset;\"><span aria-hidden=\"true\" class=\"wp-block-cover__background has-background-dim-0 has-background-dim\"><\/span><img loading=\"lazy\" decoding=\"async\" width=\"673\" height=\"1009\" class=\"wp-block-cover__image-background wp-image-404\" alt=\"\" src=\"http:\/\/compartiendoondas.com\/wp-content\/uploads\/2023\/06\/CO2-Mayerlis.jpg\" data-object-fit=\"cover\" srcset=\"https:\/\/compartiendoondas.com\/wp-content\/uploads\/2023\/06\/CO2-Mayerlis.jpg 673w, https:\/\/compartiendoondas.com\/wp-content\/uploads\/2023\/06\/CO2-Mayerlis-200x300.jpg 200w\" sizes=\"auto, (max-width: 673px) 100vw, 673px\" \/><div class=\"wp-block-cover__inner-container is-layout-flow wp-block-cover-is-layout-flow\">\n<p class=\"has-text-align-left has-medium-font-size\">Mayerlis&nbsp;Diaz&nbsp;representante de la Asociaci\u00f3n de Productores Agropecuarios Juventud por el Campo de la Vereda Nueva Esperanza del municipio Arenal. Departamento de Bol\u00edvar. Colombia.<\/p>\n<\/div><\/div>\n<\/div>\n<\/div>\n\n\n\n<div style=\"height:20px\" aria-hidden=\"true\" class=\"wp-block-spacer\"><\/div>\n\n\n\n<p><strong>Mayerlis:<\/strong>&nbsp;Las personas transexuales a\u00fan siguen siendo discriminadas, a pesar de la gran socializaci\u00f3n educativa que se ha brindado y por el derecho y respeto&nbsp;que se merecen.<\/p>\n\n\n\n<p>Soy Manuela, de Guinea Ecuatorial, madre de una ni\u00f1a de 8 a\u00f1os con autismo. Lo he pasado muy mal en relaci\u00f3n a sus atenciones y cuidados para compaginar con el trabajo. &nbsp;Por&nbsp;ello, en vuestras localidades \u00bftu trabajo te da oportunidades para compartir tiempo con familia y amigos?<\/p>\n\n\n\n<div style=\"height:20px\" aria-hidden=\"true\" class=\"wp-block-spacer\"><\/div>\n\n\n\n<div class=\"wp-block-columns are-vertically-aligned-center is-layout-flex wp-container-core-columns-is-layout-28f84493 wp-block-columns-is-layout-flex\">\n<div class=\"wp-block-column is-vertically-aligned-center is-layout-flow wp-block-column-is-layout-flow\">\n<figure class=\"wp-block-gallery has-nested-images columns-2 is-cropped wp-block-gallery-2 is-layout-flex wp-block-gallery-is-layout-flex\">\n<figure class=\"wp-block-image size-large\"><img loading=\"lazy\" decoding=\"async\" width=\"1024\" height=\"768\" data-id=\"411\" src=\"https:\/\/compartiendoondas.com\/wp-content\/uploads\/2023\/06\/Trabajo-Mayerlis-1-1024x768.jpeg\" alt=\"\" class=\"wp-image-411\" srcset=\"https:\/\/compartiendoondas.com\/wp-content\/uploads\/2023\/06\/Trabajo-Mayerlis-1-1024x768.jpeg 1024w, https:\/\/compartiendoondas.com\/wp-content\/uploads\/2023\/06\/Trabajo-Mayerlis-1-300x225.jpeg 300w, https:\/\/compartiendoondas.com\/wp-content\/uploads\/2023\/06\/Trabajo-Mayerlis-1-768x576.jpeg 768w, https:\/\/compartiendoondas.com\/wp-content\/uploads\/2023\/06\/Trabajo-Mayerlis-1-1536x1152.jpeg 1536w, https:\/\/compartiendoondas.com\/wp-content\/uploads\/2023\/06\/Trabajo-Mayerlis-1.jpeg 1600w\" sizes=\"auto, (max-width: 1024px) 100vw, 1024px\" \/><\/figure>\n\n\n\n<figure class=\"wp-block-image size-large\"><img loading=\"lazy\" decoding=\"async\" width=\"1024\" height=\"768\" data-id=\"414\" src=\"https:\/\/compartiendoondas.com\/wp-content\/uploads\/2023\/06\/Trabajo-Mayerlis-2-1024x768.jpeg\" alt=\"\" class=\"wp-image-414\" srcset=\"https:\/\/compartiendoondas.com\/wp-content\/uploads\/2023\/06\/Trabajo-Mayerlis-2-1024x768.jpeg 1024w, https:\/\/compartiendoondas.com\/wp-content\/uploads\/2023\/06\/Trabajo-Mayerlis-2-300x225.jpeg 300w, https:\/\/compartiendoondas.com\/wp-content\/uploads\/2023\/06\/Trabajo-Mayerlis-2-768x576.jpeg 768w, https:\/\/compartiendoondas.com\/wp-content\/uploads\/2023\/06\/Trabajo-Mayerlis-2-1536x1152.jpeg 1536w, https:\/\/compartiendoondas.com\/wp-content\/uploads\/2023\/06\/Trabajo-Mayerlis-2.jpeg 1600w\" sizes=\"auto, (max-width: 1024px) 100vw, 1024px\" \/><\/figure>\n\n\n\n<figure class=\"wp-block-image size-large\"><img loading=\"lazy\" decoding=\"async\" width=\"1024\" height=\"768\" data-id=\"413\" src=\"https:\/\/compartiendoondas.com\/wp-content\/uploads\/2023\/06\/Trabajo-Mayerlis-3-1024x768.jpeg\" alt=\"\" class=\"wp-image-413\" srcset=\"https:\/\/compartiendoondas.com\/wp-content\/uploads\/2023\/06\/Trabajo-Mayerlis-3-1024x768.jpeg 1024w, https:\/\/compartiendoondas.com\/wp-content\/uploads\/2023\/06\/Trabajo-Mayerlis-3-300x225.jpeg 300w, https:\/\/compartiendoondas.com\/wp-content\/uploads\/2023\/06\/Trabajo-Mayerlis-3-768x576.jpeg 768w, https:\/\/compartiendoondas.com\/wp-content\/uploads\/2023\/06\/Trabajo-Mayerlis-3-1536x1152.jpeg 1536w, https:\/\/compartiendoondas.com\/wp-content\/uploads\/2023\/06\/Trabajo-Mayerlis-3.jpeg 1600w\" sizes=\"auto, (max-width: 1024px) 100vw, 1024px\" \/><\/figure>\n\n\n\n<figure class=\"wp-block-image size-large\"><img loading=\"lazy\" decoding=\"async\" width=\"1024\" height=\"768\" data-id=\"412\" src=\"https:\/\/compartiendoondas.com\/wp-content\/uploads\/2023\/06\/Trabajo-Mayerlis-4-1024x768.jpeg\" alt=\"\" class=\"wp-image-412\" srcset=\"https:\/\/compartiendoondas.com\/wp-content\/uploads\/2023\/06\/Trabajo-Mayerlis-4-1024x768.jpeg 1024w, https:\/\/compartiendoondas.com\/wp-content\/uploads\/2023\/06\/Trabajo-Mayerlis-4-300x225.jpeg 300w, https:\/\/compartiendoondas.com\/wp-content\/uploads\/2023\/06\/Trabajo-Mayerlis-4-768x576.jpeg 768w, https:\/\/compartiendoondas.com\/wp-content\/uploads\/2023\/06\/Trabajo-Mayerlis-4-1536x1152.jpeg 1536w, https:\/\/compartiendoondas.com\/wp-content\/uploads\/2023\/06\/Trabajo-Mayerlis-4.jpeg 1600w\" sizes=\"auto, (max-width: 1024px) 100vw, 1024px\" \/><\/figure>\n<\/figure>\n<\/div>\n\n\n\n<div class=\"wp-block-column is-vertically-aligned-center is-layout-flow wp-block-column-is-layout-flow\" style=\"flex-basis:200px\">\n<p><strong>Mayerlis:<\/strong>&nbsp;En nuestras localidades los diferentes trabajos s\u00ed que nos permiten compartir espacios para disfrutar del cari\u00f1o fraternal que brinda la familia y amigos. Las empresas nos brindan integraciones familiares y con los compa\u00f1eros, para garantizar la igualdad en el recurso humano.<\/p>\n<\/div>\n<\/div>\n\n\n\n<div style=\"height:20px\" aria-hidden=\"true\" class=\"wp-block-spacer\"><\/div>\n\n\n\n<p><strong>Fernel:<\/strong> La parte emocional siempre va a ser de suma importancia para la salud, y para lo social.&nbsp;Por esta raz\u00f3n siempre sacamos un tiempo para compartir,&nbsp;<em>no solo con la familia, sino tambi\u00e9n con los amigos. Esto lo hacemos en nuestras comunidades.<\/em><\/p>\n\n\n\n<div style=\"height:20px\" aria-hidden=\"true\" class=\"wp-block-spacer\"><\/div>\n\n\n\n<figure class=\"wp-block-gallery has-nested-images columns-4 is-cropped wp-block-gallery-3 is-layout-flex wp-block-gallery-is-layout-flex\">\n<figure class=\"wp-block-image size-large\"><img loading=\"lazy\" decoding=\"async\" width=\"1024\" height=\"768\" data-id=\"420\" src=\"https:\/\/compartiendoondas.com\/wp-content\/uploads\/2023\/06\/trabajo-FERNEL-1-1024x768.jpeg\" alt=\"\" class=\"wp-image-420\" srcset=\"https:\/\/compartiendoondas.com\/wp-content\/uploads\/2023\/06\/trabajo-FERNEL-1-1024x768.jpeg 1024w, https:\/\/compartiendoondas.com\/wp-content\/uploads\/2023\/06\/trabajo-FERNEL-1-300x225.jpeg 300w, https:\/\/compartiendoondas.com\/wp-content\/uploads\/2023\/06\/trabajo-FERNEL-1-768x576.jpeg 768w, https:\/\/compartiendoondas.com\/wp-content\/uploads\/2023\/06\/trabajo-FERNEL-1-1536x1152.jpeg 1536w, https:\/\/compartiendoondas.com\/wp-content\/uploads\/2023\/06\/trabajo-FERNEL-1.jpeg 1600w\" sizes=\"auto, (max-width: 1024px) 100vw, 1024px\" \/><\/figure>\n\n\n\n<figure class=\"wp-block-image size-large\"><img loading=\"lazy\" decoding=\"async\" width=\"1024\" height=\"768\" data-id=\"418\" src=\"https:\/\/compartiendoondas.com\/wp-content\/uploads\/2023\/06\/trabajo-FERNEL-2-1024x768.jpeg\" alt=\"\" class=\"wp-image-418\" srcset=\"https:\/\/compartiendoondas.com\/wp-content\/uploads\/2023\/06\/trabajo-FERNEL-2-1024x768.jpeg 1024w, https:\/\/compartiendoondas.com\/wp-content\/uploads\/2023\/06\/trabajo-FERNEL-2-300x225.jpeg 300w, https:\/\/compartiendoondas.com\/wp-content\/uploads\/2023\/06\/trabajo-FERNEL-2-768x576.jpeg 768w, https:\/\/compartiendoondas.com\/wp-content\/uploads\/2023\/06\/trabajo-FERNEL-2-1536x1152.jpeg 1536w, https:\/\/compartiendoondas.com\/wp-content\/uploads\/2023\/06\/trabajo-FERNEL-2.jpeg 1600w\" sizes=\"auto, (max-width: 1024px) 100vw, 1024px\" \/><\/figure>\n\n\n\n<figure class=\"wp-block-image size-large\"><img loading=\"lazy\" decoding=\"async\" width=\"1024\" height=\"768\" data-id=\"419\" src=\"https:\/\/compartiendoondas.com\/wp-content\/uploads\/2023\/06\/trabajo-FERNEL-3-1024x768.jpeg\" alt=\"\" class=\"wp-image-419\" srcset=\"https:\/\/compartiendoondas.com\/wp-content\/uploads\/2023\/06\/trabajo-FERNEL-3-1024x768.jpeg 1024w, https:\/\/compartiendoondas.com\/wp-content\/uploads\/2023\/06\/trabajo-FERNEL-3-300x225.jpeg 300w, https:\/\/compartiendoondas.com\/wp-content\/uploads\/2023\/06\/trabajo-FERNEL-3-768x576.jpeg 768w, https:\/\/compartiendoondas.com\/wp-content\/uploads\/2023\/06\/trabajo-FERNEL-3-1536x1152.jpeg 1536w, https:\/\/compartiendoondas.com\/wp-content\/uploads\/2023\/06\/trabajo-FERNEL-3.jpeg 1600w\" sizes=\"auto, (max-width: 1024px) 100vw, 1024px\" \/><\/figure>\n<\/figure>\n\n\n\n<div style=\"height:20px\" aria-hidden=\"true\" class=\"wp-block-spacer\"><\/div>\n\n\n\n<p>En Valencia, aunque no lo queramos reconocer, un hombre tiene mejores puestos de trabajo, mejores sueldos y m\u00e1s privilegios que las mujeres no tenemos.&nbsp;Fernel,&nbsp;Mayerlisen vuestras comunidades sociales, \u00bftienen las mujeres y los hombres las mismas condiciones, puesto de trabajo y sueldo?<\/p>\n\n\n\n<p>Si&nbsp;un hombre y una mujer desempe\u00f1an determinado trabajo y hacen lo mismo, deben de recibir el mismo sueldo. Desafortunadamente, en Colombia y en otros pa\u00edses del mundo, los hombres tienen m\u00e1s oportunidades, tanto en trabajo y en sueldo que las mujeres, pero ellas juiciosamente, est\u00e1n dando su esfuerzo para que la Igualdad sea para todas las personas.<\/p>\n\n\n\n<p>Desde Valencia os agradecemos vuestra participaci\u00f3n, ya que nos ayuda a continuar la reivindicaci\u00f3n&nbsp;de la dignidad de las personas en los entornos de las actividades laborales de Valencia. Y por ello os queremos enviar todo nuestro apoyo al proyecto J\u00f3venes Rurales de Colombia, porque nos unimos desde muchas comunidades desde la Justicia Social, para que el mundo cambie y mejore.<\/p>\n\n\n\n<figure class=\"wp-block-image alignleft size-large\"><img loading=\"lazy\" decoding=\"async\" width=\"1024\" height=\"299\" src=\"https:\/\/compartiendoondas.com\/wp-content\/uploads\/2024\/03\/C02-Logos-v2-1024x299.jpg\" alt=\"\" class=\"wp-image-602\" srcset=\"https:\/\/compartiendoondas.com\/wp-content\/uploads\/2024\/03\/C02-Logos-v2-1024x299.jpg 1024w, https:\/\/compartiendoondas.com\/wp-content\/uploads\/2024\/03\/C02-Logos-v2-300x87.jpg 300w, https:\/\/compartiendoondas.com\/wp-content\/uploads\/2024\/03\/C02-Logos-v2-768x224.jpg 768w, https:\/\/compartiendoondas.com\/wp-content\/uploads\/2024\/03\/C02-Logos-v2.jpg 1310w\" sizes=\"auto, (max-width: 1024px) 100vw, 1024px\" \/><\/figure>\n","protected":false},"excerpt":{"rendered":"<p>COMPARTIENDO ONDAS 2 Derecho al trabajo digno. FEM COMBOI es un proyecto social destinado a las personas que viven en casa caridad. Ofrecemos un contexto seguro&nbsp;de trabajo, adaptado a las necesidades de las personas que participan. Creamos objetos artesanales, que ofrecemos a cambio de donativos, pero el objetivo final no es la venta&nbsp;masiva&nbsp;sino que las &hellip; <\/p>\n<p class=\"link-more\"><a href=\"https:\/\/compartiendoondas.com\/?page_id=293\" class=\"more-link\">Leer m\u00e1s<span class=\"screen-reader-text\"> \u00abCOMPARTIENDO ONDAS 2\u00bb<\/span><\/a><\/p>\n","protected":false},"author":2,"featured_media":0,"parent":2,"menu_order":2,"comment_status":"closed","ping_status":"closed","template":"page-templates\/no-title.php","meta":{"om_disable_all_campaigns":false,"_monsterinsights_skip_tracking":false,"_monsterinsights_sitenote_active":false,"_monsterinsights_sitenote_note":"","_monsterinsights_sitenote_category":0,"footnotes":""},"class_list":["post-293","page","type-page","status-publish","hentry"],"aioseo_notices":[],"_links":{"self":[{"href":"https:\/\/compartiendoondas.com\/index.php?rest_route=\/wp\/v2\/pages\/293","targetHints":{"allow":["GET"]}}],"collection":[{"href":"https:\/\/compartiendoondas.com\/index.php?rest_route=\/wp\/v2\/pages"}],"about":[{"href":"https:\/\/compartiendoondas.com\/index.php?rest_route=\/wp\/v2\/types\/page"}],"author":[{"embeddable":true,"href":"https:\/\/compartiendoondas.com\/index.php?rest_route=\/wp\/v2\/users\/2"}],"replies":[{"embeddable":true,"href":"https:\/\/compartiendoondas.com\/index.php?rest_route=%2Fwp%2Fv2%2Fcomments&post=293"}],"version-history":[{"count":33,"href":"https:\/\/compartiendoondas.com\/index.php?rest_route=\/wp\/v2\/pages\/293\/revisions"}],"predecessor-version":[{"id":603,"href":"https:\/\/compartiendoondas.com\/index.php?rest_route=\/wp\/v2\/pages\/293\/revisions\/603"}],"up":[{"embeddable":true,"href":"https:\/\/compartiendoondas.com\/index.php?rest_route=\/wp\/v2\/pages\/2"}],"wp:attachment":[{"href":"https:\/\/compartiendoondas.com\/index.php?rest_route=%2Fwp%2Fv2%2Fmedia&parent=293"}],"curies":[{"name":"wp","href":"https:\/\/api.w.org\/{rel}","templated":true}]}}