{"id":377,"date":"2023-10-24T06:59:05","date_gmt":"2023-10-24T06:59:05","guid":{"rendered":"https:\/\/compartiendoondas.com\/?page_id=377"},"modified":"2023-10-27T07:11:30","modified_gmt":"2023-10-27T07:11:30","slug":"compartiendo-ondas-5","status":"publish","type":"page","link":"https:\/\/compartiendoondas.com\/?page_id=377","title":{"rendered":"COMPARTIENDO ONDAS 5"},"content":{"rendered":"\n<div style=\"height:70px\" aria-hidden=\"true\" class=\"wp-block-spacer\"><\/div>\n\n\n\n<p class=\"has-text-align-center has-vivid-cyan-blue-color has-text-color has-x-large-font-size\"><strong>COMPARTIENDO ONDAS 5<\/strong><\/p>\n\n\n\n<div style=\"height:30px\" aria-hidden=\"true\" class=\"wp-block-spacer\"><\/div>\n\n\n\n<p class=\"has-text-align-center has-medium-font-size\"><strong>Derecho a la vida digna<\/strong>.<\/p>\n\n\n\n<div style=\"height:30px\" aria-hidden=\"true\" class=\"wp-block-spacer\"><\/div>\n\n\n\n<p class=\"has-vivid-cyan-blue-color has-text-color\"><strong>PARTICIPANTES<\/strong><\/p>\n\n\n\n<p><strong>Grupo de personas de Proyecto Hombre d\u2019Ontinyent.<\/strong><\/p>\n\n\n\n<p><strong>Equipo jur\u00eddico de la Fundaci\u00f3n Forjando Futuros de Colombia<\/strong>, participante en el proyecto \u201cJ\u00f3venes Rurales Colombia\u201d.<\/p>\n\n\n\n<figure class=\"wp-block-image size-large\"><img loading=\"lazy\" decoding=\"async\" width=\"2560\" height=\"1920\" src=\"https:\/\/compartiendoondas.com\/wp-content\/uploads\/2023\/10\/1689249115724-edited-scaled.jpg\" alt=\"\" class=\"wp-image-546\" srcset=\"https:\/\/compartiendoondas.com\/wp-content\/uploads\/2023\/10\/1689249115724-edited-scaled.jpg 2560w, https:\/\/compartiendoondas.com\/wp-content\/uploads\/2023\/10\/1689249115724-edited-300x225.jpg 300w, https:\/\/compartiendoondas.com\/wp-content\/uploads\/2023\/10\/1689249115724-edited-1024x768.jpg 1024w, https:\/\/compartiendoondas.com\/wp-content\/uploads\/2023\/10\/1689249115724-edited-768x576.jpg 768w, https:\/\/compartiendoondas.com\/wp-content\/uploads\/2023\/10\/1689249115724-edited-1536x1152.jpg 1536w, https:\/\/compartiendoondas.com\/wp-content\/uploads\/2023\/10\/1689249115724-edited-2048x1536.jpg 2048w, https:\/\/compartiendoondas.com\/wp-content\/uploads\/2023\/10\/1689249115724-edited-2000x1500.jpg 2000w\" sizes=\"auto, (max-width: 2560px) 100vw, 2560px\" \/><\/figure>\n\n\n\n<p>La vida digna comienza con las necesidades cubiertas, comenzando por las b\u00e1sicas, y poco a poco responder a diferentes necesidades.<\/p>\n\n\n\n<p>Una persona para tener vida digna necesita tener moral, seguridad familiar, descanso y recursos.&nbsp;<\/p>\n\n\n\n<p>La moral tiene una relaci\u00f3n directa con el derecho a la vida digna, ya que es el comportamiento que tenemos las personas en una comunidad social, nuestra forma de compartir y de participar y tambi\u00e9n de aprender y de aportar.<\/p>\n\n\n\n<p>La seguridad que te ofrece la familia es muy importante ya que te ayuda a superar complicaciones y el resultado es la confianza entre nosotras mismas, como personas y con las dem\u00e1s personas.<\/p>\n\n\n\n<p>El descanso es una necesidad b\u00e1sica, en el que nuestro cuerpo se carga de energ\u00eda,&nbsp;para poder afrontar las adversidades del d\u00eda a d\u00eda.<\/p>\n\n\n\n<p>Y los Derechos Humanos tienen una relaci\u00f3n muy directa con el derecho a la vida digna: Derechos civiles y derechos pol\u00edticos as\u00ed como los derechos econ\u00f3micos, derechos sociales y derechos culturales.&nbsp;La verdad es que los Derechos Humanos dan una respuesta a c\u00f3mo las personas pueden hacer realidad el derecho a la vida digna.<\/p>\n\n\n\n<p>El valor de la tranquilidad, de la Paz y del equilibrio, para as\u00ed poder desarrollar con m\u00e1s alegr\u00eda los acontecimientos de la vida.<\/p>\n\n\n\n<p>Secciones que vamos a escuchar: entrevista al colectivo de j\u00f3venes rurales de Sur de Bol\u00edvar en Colombia que nos aportar\u00e1n su experiencia sobre los valores de los Derechos Humanos, el Rinc\u00f3n de la Historia y personas del pasado que aportaron el principio de Igualdad, saldremos a la calle con la encuesta y sus preguntas sobre la Paz,&nbsp;el testimonio nos hablar\u00e1 del derecho al trabajo digno, el rinc\u00f3n de la salud y unas recomendaciones muy sencillas que nos aportar\u00e1n bienestar, y para finalizar unas recomendaciones para el tiempo libre con cine y recorrido cultural.<\/p>\n\n\n\n<div style=\"height:20px\" aria-hidden=\"true\" class=\"wp-block-spacer\"><\/div>\n\n\n\n<figure class=\"wp-block-audio\"><audio controls src=\"https:\/\/compartiendoondas.com\/wp-content\/uploads\/2023\/10\/1-compartiendo-ondas-5.mp3\"><\/audio><figcaption class=\"wp-element-caption\"><strong>Dale al play para escuchar&#8230;<\/strong><\/figcaption><\/figure>\n\n\n\n<div style=\"height:20px\" aria-hidden=\"true\" class=\"wp-block-spacer\"><\/div>\n\n\n\n<p>Los derechos Humanos y sus valores son fundamentales en la vida del planeta y para ello os ofrecemos esta entrevista en la que escucharemos a Jahson Andrei Taborda y Karen Paola Barrera, ambos del equipo de abogac\u00eda de la Fundaci\u00f3n Forjando Futuros de Colombia, que participan activamente en el proyecto J\u00f3venes Rurales en el Sur de Bol\u00edvar en Colombia.<\/p>\n\n\n\n<p>Karen en la actualidad \u00bfSe est\u00e1n cumpliendo los Derechos Humanos en vuestra comunidad?<\/p>\n\n\n\n<div class=\"wp-block-columns is-layout-flex wp-container-core-columns-is-layout-28f84493 wp-block-columns-is-layout-flex\">\n<div class=\"wp-block-column is-vertically-aligned-center is-layout-flow wp-block-column-is-layout-flow\">\n<p><em>En la actualidad este es un tema sensible, y mucho m\u00e1s para las personas que participan en el proyecto. Las zonas rurales, en Colombia, han estado sometidas hist\u00f3ricamente al abandono estatal y a la violencia generalizada, siendo todo ello ha generado que las personas vivan en condiciones precarias, con baja calidad de vida, sin v\u00eda de acceso o ausencia de servicios p\u00fablicos domiciliarios, entre otro muchos.<\/em><\/p>\n\n\n\n<p><em>Si bien el acceso a tierras es considerado un derecho fundamental, existe una estrecha relaci\u00f3n entre este derecho y la implementaci\u00f3n de actividades que materialicen los Derechos Humanos. Por ello el acercamiento y el trabajo que estamos realizando con las comunidades, nos permite concluir que este proyecto es un gran avance para fortalecer el desarrollo de estas comunidades rurales, a trav\u00e9s de la formalizaci\u00f3n de estas tierras.<\/em><\/p>\n<\/div>\n\n\n\n<div class=\"wp-block-column is-layout-flow wp-block-column-is-layout-flow\">\n<figure class=\"wp-block-image size-large\"><img loading=\"lazy\" decoding=\"async\" width=\"731\" height=\"1024\" src=\"https:\/\/compartiendoondas.com\/wp-content\/uploads\/2023\/10\/Karen-Paola-Barrera-Sanchez-Abogada-FFF-copy-731x1024.jpg\" alt=\"\" class=\"wp-image-536\" srcset=\"https:\/\/compartiendoondas.com\/wp-content\/uploads\/2023\/10\/Karen-Paola-Barrera-Sanchez-Abogada-FFF-copy-731x1024.jpg 731w, https:\/\/compartiendoondas.com\/wp-content\/uploads\/2023\/10\/Karen-Paola-Barrera-Sanchez-Abogada-FFF-copy-214x300.jpg 214w, https:\/\/compartiendoondas.com\/wp-content\/uploads\/2023\/10\/Karen-Paola-Barrera-Sanchez-Abogada-FFF-copy-768x1075.jpg 768w, https:\/\/compartiendoondas.com\/wp-content\/uploads\/2023\/10\/Karen-Paola-Barrera-Sanchez-Abogada-FFF-copy-1097x1536.jpg 1097w, https:\/\/compartiendoondas.com\/wp-content\/uploads\/2023\/10\/Karen-Paola-Barrera-Sanchez-Abogada-FFF-copy-1463x2048.jpg 1463w, https:\/\/compartiendoondas.com\/wp-content\/uploads\/2023\/10\/Karen-Paola-Barrera-Sanchez-Abogada-FFF-copy.jpg 1568w\" sizes=\"auto, (max-width: 731px) 100vw, 731px\" \/><figcaption class=\"wp-element-caption\"><strong>Karen Paola Barrera. Abogada de\u00a0\u00a0Fundaci\u00f3n Forjando Futuros<\/strong><\/figcaption><\/figure>\n<\/div>\n<\/div>\n\n\n\n<p><\/p>\n\n\n\n<p>Y cu\u00e9ntanos Jahson, \u00bfqu\u00e9 logros hab\u00e9is conseguido?&nbsp;<\/p>\n\n\n\n<p><em>Actualmente la Fundaci\u00f3n Forjando Futuros, con 20 a\u00f1os de recorrido, ha desarrollado diferentes programas en b\u00fasqueda de la protecci\u00f3n y representaci\u00f3n de v\u00edctimas en el pa\u00eds. Los datos son:&nbsp;<\/em><\/p>\n\n\n\n<ul class=\"wp-block-list\">\n<li><em>M\u00e1s de 20.000 v\u00edctimas asesoradas e informadas sobre la <\/em><strong><em>Ley Justicia (9\/75 de 2005) y Paz y la Ley de Restituci\u00f3n de Tierras (14\/48 de 2011).&nbsp;<\/em><\/strong><\/li>\n\n\n\n<li><em>Alrededor de 650 personas han sido representadas en procesos administrativos o judiciales en procesos de restituci\u00f3n de tierras.<\/em><\/li>\n\n\n\n<li><em>M\u00e1s de 50.000 personas han recibido servicio de atenci\u00f3n psicosocial.<\/em><\/li>\n\n\n\n<li><em>Alrededor de 350 v\u00edctimas han sido representadas judicialmente en la especialidad de Justicia y Paz.<\/em><\/li>\n\n\n\n<li><em>Cerca de 800 familias han sido atendidas en tr\u00e1mites de formalizaci\u00f3n de tierras ante la Agencia Nacional de Tierras.<\/em><\/li>\n\n\n\n<li><em>M\u00e1s de 2.206 familias han sido beneficiarias de los programas para la mejora de la vivienda y agua potable.<\/em><\/li>\n<\/ul>\n\n\n\n<p><em>En la actualidad, representamos a 243 personas ante la Justicia Especial para la Paz (JEP), en los casos 03 conocidos como falsos positivos , 04 que son situaci\u00f3n territorial del Urab\u00e1 &nbsp; y 06 exterminio de la Uni\u00f3n Patri\u00f3tica, a quienes se les ha brindado una atenci\u00f3n psicojur\u00eddica en b\u00fasqueda de la verdad de los hechos ocurridos.<\/em><\/p>\n\n\n\n<p>Seguimos contigo Jahson, \u00bfen qu\u00e9 momento se encuentra vuestro proceso?<\/p>\n\n\n\n<div class=\"wp-block-columns is-layout-flex wp-container-core-columns-is-layout-28f84493 wp-block-columns-is-layout-flex\">\n<div class=\"wp-block-column is-layout-flow wp-block-column-is-layout-flow\">\n<figure class=\"wp-block-image size-large\"><img loading=\"lazy\" decoding=\"async\" width=\"732\" height=\"1024\" src=\"http:\/\/compartiendoondas.com\/wp-content\/uploads\/2023\/10\/Jahson-Andrey-Taborda-Abogado-FFF-copy-732x1024.jpg\" alt=\"\" class=\"wp-image-537\" srcset=\"https:\/\/compartiendoondas.com\/wp-content\/uploads\/2023\/10\/Jahson-Andrey-Taborda-Abogado-FFF-copy-732x1024.jpg 732w, https:\/\/compartiendoondas.com\/wp-content\/uploads\/2023\/10\/Jahson-Andrey-Taborda-Abogado-FFF-copy-214x300.jpg 214w, https:\/\/compartiendoondas.com\/wp-content\/uploads\/2023\/10\/Jahson-Andrey-Taborda-Abogado-FFF-copy-768x1075.jpg 768w, https:\/\/compartiendoondas.com\/wp-content\/uploads\/2023\/10\/Jahson-Andrey-Taborda-Abogado-FFF-copy-1098x1536.jpg 1098w, https:\/\/compartiendoondas.com\/wp-content\/uploads\/2023\/10\/Jahson-Andrey-Taborda-Abogado-FFF-copy.jpg 1377w\" sizes=\"auto, (max-width: 732px) 100vw, 732px\" \/><figcaption class=\"wp-element-caption\"><strong>Jahson Andrei Taborda. Abogado de\u00a0Fundaci\u00f3n Forjando Futuros<\/strong><\/figcaption><\/figure>\n<\/div>\n\n\n\n<div class=\"wp-block-column is-vertically-aligned-center is-layout-flow wp-block-column-is-layout-flow\">\n<p><em>El proceso de Paz se encuentra en una fase de reactivaci\u00f3n, aunque desde su firma la implementaci\u00f3n ha sido lenta que ha provocado falta de credibilidad en la poblaci\u00f3n campesina, ya que, de una u otra forma, fueron los m\u00e1s afectados por el conflicto armado interno de Colombia. Por esto es importante que las Instituciones aceleren los procesos planteados como objetivos desde un inicio, que en el caso de tierras tenemos a la Agencia Estatal de Tierras, que es la m\u00e1xima autoridad de Tierras en el pa\u00eds, debe continuar trabajando por lograr que la Reforma Rural Integral sea una realidad. Por ello en la actualidad he ha avanzado en el prop\u00f3sito de entregar 3 millones de hect\u00e1reas para la poblaci\u00f3n que no tiene tierras o la tiene insuficiente, junto a la formalizaci\u00f3n de 7 millones de hect\u00e1reas m\u00e1s.<\/em><\/p>\n<\/div>\n<\/div>\n\n\n\n<p><em>El proceso de Paz se encuentra en una fase de reactivaci\u00f3n, aunque desde su firma la implementaci\u00f3n ha sido lenta que ha provocado falta de credibilidad en la poblaci\u00f3n campesina, ya que, de una u otra forma, fueron los m\u00e1s afectados por el conflicto armado interno de Colombia. Por esto es importante que las Instituciones aceleren los procesos planteados como objetivos desde un inicio, que en el caso de tierras tenemos a la Agencia Estatal de Tierras, que es la m\u00e1xima autoridad de Tierras en el pa\u00eds, debe continuar trabajando por lograr que la Reforma Rural Integral sea una realidad. Por ello en la actualidad he ha avanzado en el prop\u00f3sito de entregar 3 millones de hect\u00e1reas para la poblaci\u00f3n que no tiene tierras o la tiene insuficiente, junto a la formalizaci\u00f3n de 7 millones de hect\u00e1reas m\u00e1s.<\/em><\/p>\n\n\n\n<p>Para terminar Karen, \u00bfcrees que la situaci\u00f3n pol\u00edtica del pa\u00eds os puede ayudar al cumplimiento de los Derechos Humanos?&nbsp;<\/p>\n\n\n\n<p><em>Actualmente el pa\u00eds est\u00e1 viviendo una situaci\u00f3n pol\u00edtica de transici\u00f3n, con la llegada del presidente Gustravo Preto, la prioridad del Gobierno Nacional es la implementaci\u00f3n urgente de los acuerdos de paz firmados con las FARC en el 2016. Principalmente en el punto n\u00ba 1 relacionado con la Reforma Rural Integral. Pese a ello,&nbsp; la voluntad pol\u00edtica no ha sido suficiente ante la realidad de los territorios que tienen un hist\u00f3rico abandono estatal y que contin\u00faan atravesados por violencias en estos territorios.<\/em><\/p>\n\n\n\n<p><strong><em>Es fundamental el reconocimiento de la realidad geopol\u00edtica y la voluntad de cambio que se refleja en la creaci\u00f3n de pol\u00edticas p\u00fablicas que tienen como prioridad el desarrollo rural, la paz y el enfoque de g\u00e9nero, con la finalidad de suplir las necesidades b\u00e1sicas insatisfechas. Este ser\u00eda un paso importante que lograr\u00eda cumplir los Derechos Humanos en todo el territorio colombiano.<\/em><\/strong><\/p>\n\n\n\n<p>Gracias por vuestro compromiso por la Justicia Social, ya que escucharos son aprendizajes que nos anima a actuar por la defensa de los Derechos Humanos en nuestras realidades concretas.<\/p>\n\n\n\n<div style=\"height:20px\" aria-hidden=\"true\" class=\"wp-block-spacer\"><\/div>\n\n\n\n<hr class=\"wp-block-separator has-alpha-channel-opacity\"\/>\n\n\n\n<div style=\"height:20px\" aria-hidden=\"true\" class=\"wp-block-spacer\"><\/div>\n\n\n\n<figure class=\"wp-block-image size-large\"><img loading=\"lazy\" decoding=\"async\" width=\"1024\" height=\"324\" src=\"https:\/\/compartiendoondas.com\/wp-content\/uploads\/2023\/10\/Logos-CO5-copy-1024x324.jpg\" alt=\"\" class=\"wp-image-541\" srcset=\"https:\/\/compartiendoondas.com\/wp-content\/uploads\/2023\/10\/Logos-CO5-copy-1024x324.jpg 1024w, https:\/\/compartiendoondas.com\/wp-content\/uploads\/2023\/10\/Logos-CO5-copy-300x95.jpg 300w, https:\/\/compartiendoondas.com\/wp-content\/uploads\/2023\/10\/Logos-CO5-copy-768x243.jpg 768w, https:\/\/compartiendoondas.com\/wp-content\/uploads\/2023\/10\/Logos-CO5-copy.jpg 1436w\" sizes=\"auto, (max-width: 1024px) 100vw, 1024px\" \/><\/figure>\n","protected":false},"excerpt":{"rendered":"<p>COMPARTIENDO ONDAS 5 Derecho a la vida digna. PARTICIPANTES Grupo de personas de Proyecto Hombre d\u2019Ontinyent. Equipo jur\u00eddico de la Fundaci\u00f3n Forjando Futuros de Colombia, participante en el proyecto \u201cJ\u00f3venes Rurales Colombia\u201d. La vida digna comienza con las necesidades cubiertas, comenzando por las b\u00e1sicas, y poco a poco responder a diferentes necesidades. Una persona para &hellip; <\/p>\n<p class=\"link-more\"><a href=\"https:\/\/compartiendoondas.com\/?page_id=377\" class=\"more-link\">Leer m\u00e1s<span class=\"screen-reader-text\"> \u00abCOMPARTIENDO ONDAS 5\u00bb<\/span><\/a><\/p>\n","protected":false},"author":2,"featured_media":0,"parent":2,"menu_order":5,"comment_status":"closed","ping_status":"closed","template":"page-templates\/no-title.php","meta":{"om_disable_all_campaigns":false,"_monsterinsights_skip_tracking":false,"_monsterinsights_sitenote_active":false,"_monsterinsights_sitenote_note":"","_monsterinsights_sitenote_category":0,"footnotes":""},"class_list":["post-377","page","type-page","status-publish","hentry"],"aioseo_notices":[],"_links":{"self":[{"href":"https:\/\/compartiendoondas.com\/index.php?rest_route=\/wp\/v2\/pages\/377","targetHints":{"allow":["GET"]}}],"collection":[{"href":"https:\/\/compartiendoondas.com\/index.php?rest_route=\/wp\/v2\/pages"}],"about":[{"href":"https:\/\/compartiendoondas.com\/index.php?rest_route=\/wp\/v2\/types\/page"}],"author":[{"embeddable":true,"href":"https:\/\/compartiendoondas.com\/index.php?rest_route=\/wp\/v2\/users\/2"}],"replies":[{"embeddable":true,"href":"https:\/\/compartiendoondas.com\/index.php?rest_route=%2Fwp%2Fv2%2Fcomments&post=377"}],"version-history":[{"count":12,"href":"https:\/\/compartiendoondas.com\/index.php?rest_route=\/wp\/v2\/pages\/377\/revisions"}],"predecessor-version":[{"id":547,"href":"https:\/\/compartiendoondas.com\/index.php?rest_route=\/wp\/v2\/pages\/377\/revisions\/547"}],"up":[{"embeddable":true,"href":"https:\/\/compartiendoondas.com\/index.php?rest_route=\/wp\/v2\/pages\/2"}],"wp:attachment":[{"href":"https:\/\/compartiendoondas.com\/index.php?rest_route=%2Fwp%2Fv2%2Fmedia&parent=377"}],"curies":[{"name":"wp","href":"https:\/\/api.w.org\/{rel}","templated":true}]}}