{"id":379,"date":"2024-02-01T09:52:43","date_gmt":"2024-02-01T09:52:43","guid":{"rendered":"https:\/\/compartiendoondas.com\/?page_id=379"},"modified":"2024-02-03T11:26:08","modified_gmt":"2024-02-03T11:26:08","slug":"compartiendo-ondas-6","status":"publish","type":"page","link":"https:\/\/compartiendoondas.com\/?page_id=379","title":{"rendered":"COMPARTIENDO ONDAS 6"},"content":{"rendered":"\n<div style=\"height:70px\" aria-hidden=\"true\" class=\"wp-block-spacer\"><\/div>\n\n\n\n<p class=\"has-text-align-center has-vivid-cyan-blue-color has-text-color has-x-large-font-size\"><strong>COMPARTIENDO ONDAS 6<\/strong><\/p>\n\n\n\n<div style=\"height:30px\" aria-hidden=\"true\" class=\"wp-block-spacer\"><\/div>\n\n\n\n<p class=\"has-text-align-center has-medium-font-size\"><strong>\u00bfSomos ecodependientes e interdependientes?<\/strong><\/p>\n\n\n\n<div style=\"height:30px\" aria-hidden=\"true\" class=\"wp-block-spacer\"><\/div>\n\n\n\n<p class=\"has-vivid-cyan-blue-color has-text-color\"><strong>PARTICIPANTES<\/strong><\/p>\n\n\n\n<p><strong>Colectivo joven de la Unidad Ind\u00edgena del Pueblo Aw\u00e0. Colombia<\/strong><\/p>\n\n\n\n<p><strong>Colectivo joven del Centro Municipal de Juventut Trinitat. Valencia<\/strong><\/p>\n\n\n\n<div style=\"height:30px\" aria-hidden=\"true\" class=\"wp-block-spacer\"><\/div>\n\n\n\n<figure class=\"wp-block-image size-large\"><img loading=\"lazy\" decoding=\"async\" width=\"1024\" height=\"972\" src=\"https:\/\/compartiendoondas.com\/wp-content\/uploads\/2024\/02\/C06-fotos-grupo-1024x972.jpg\" alt=\"\" class=\"wp-image-592\" srcset=\"https:\/\/compartiendoondas.com\/wp-content\/uploads\/2024\/02\/C06-fotos-grupo-1024x972.jpg 1024w, https:\/\/compartiendoondas.com\/wp-content\/uploads\/2024\/02\/C06-fotos-grupo-300x285.jpg 300w, https:\/\/compartiendoondas.com\/wp-content\/uploads\/2024\/02\/C06-fotos-grupo-768x729.jpg 768w, https:\/\/compartiendoondas.com\/wp-content\/uploads\/2024\/02\/C06-fotos-grupo.jpg 1438w\" sizes=\"auto, (max-width: 1024px) 100vw, 1024px\" \/><figcaption class=\"wp-element-caption\"><strong>Grupo de chicas y chicos participantes en el Centro Municipal de Juventud Trinitat en la ciudad de Valencia: Javi, M\u00aa Jes\u00fas, V\u00edctor, \u00c1ngel, Bea, <strong>Rokhaya<\/strong> y Lara.<\/strong><\/figcaption><\/figure>\n\n\n\n<div style=\"height:30px\" aria-hidden=\"true\" class=\"wp-block-spacer\"><\/div>\n\n\n\n<p>Compartimos un nuevo programa radiof\u00f3nico con las voces e ideas j\u00f3venes de Valencia y Colombia, que nos ayuda a reflexionar sobre nuestra relaci\u00f3n con la Naturaleza y con las personas con las que convivimos.<\/p>\n\n\n\n<div style=\"height:30px\" aria-hidden=\"true\" class=\"wp-block-spacer\"><\/div>\n\n\n\n<figure class=\"wp-block-audio\"><audio controls src=\"http:\/\/compartiendoondas.com\/wp-content\/uploads\/2024\/02\/COMPARTIENDO-ONDAS-6.mp3\"><\/audio><figcaption class=\"wp-element-caption\"><strong>Dale al play y conoce mucho m\u00e1s\u2026<\/strong><\/figcaption><\/figure>\n\n\n\n<div style=\"height:30px\" aria-hidden=\"true\" class=\"wp-block-spacer\"><\/div>\n\n\n\n<p>Saludamos al grupo joven de la Unidad Ind\u00edgena del Pueblo Aw\u00e1. La cultura Aw\u00e1 es ancestral y lleva mucho a\u00f1os con la defensa de sus comunidades.<\/p>\n\n\n\n<p>Los valores que m\u00e1s preocupan al colectivo joven aw\u00e1 son: el cuidado de los recursos naturales y la vida sin violencia en el territorio.<\/p>\n\n\n\n<p>Y para conocer un poco m\u00e1s, nos gustar\u00eda lanzar a Eulicer tres preguntas que nos permita conocer y compartir las ideas:<\/p>\n\n\n\n<p><strong>\u00bfQu\u00e9 significa el cuidado de la naturaleza para la cultura Aw\u00e1 y para vosotros como j\u00f3venes?<\/strong><\/p>\n\n\n\n<div style=\"height:10px\" aria-hidden=\"true\" class=\"wp-block-spacer\"><\/div>\n\n\n\n<div class=\"wp-block-columns are-vertically-aligned-center is-layout-flex wp-container-core-columns-is-layout-28f84493 wp-block-columns-is-layout-flex\">\n<div class=\"wp-block-column is-vertically-aligned-center is-layout-flow wp-block-column-is-layout-flow\" style=\"flex-basis:33.33%\">\n<figure class=\"wp-block-image size-full\"><img loading=\"lazy\" decoding=\"async\" width=\"768\" height=\"1024\" src=\"http:\/\/compartiendoondas.com\/wp-content\/uploads\/2024\/02\/Eulicer-Pascal-Pai.jpg\" alt=\"\" class=\"wp-image-573\" srcset=\"https:\/\/compartiendoondas.com\/wp-content\/uploads\/2024\/02\/Eulicer-Pascal-Pai.jpg 768w, https:\/\/compartiendoondas.com\/wp-content\/uploads\/2024\/02\/Eulicer-Pascal-Pai-225x300.jpg 225w\" sizes=\"auto, (max-width: 768px) 100vw, 768px\" \/><figcaption class=\"wp-element-caption\"><strong>Eul\u00edcer Pascal Pai<\/strong><\/figcaption><\/figure>\n<\/div>\n\n\n\n<div class=\"wp-block-column is-vertically-aligned-center is-layout-flow wp-block-column-is-layout-flow\" style=\"flex-basis:66.66%\">\n<p><em>Para la cultura ind\u00edgena aw\u00e1, la naturaleza est\u00e1 inmersa en nuestra vida cotidiana, donde se impulsa a sus j\u00f3venes y sus habitantes a cuidar. As\u00ed damos a conocer la importancia de ella a la misma sociedad.<\/em><\/p>\n\n\n\n<p><em>La naturaleza es un ecosistema viviente, que tiene conexi\u00f3n espiritual con la medicina tradicional y con los instrumentos musicales, como la marimba, la sonaja y el bombo, que el aw\u00e1 sabe interpretar.<\/em><\/p>\n\n\n\n<p><em>Tambi\u00e9n se trabaja y armoniza respetuosamente en el territorio, protegiendo los espacios espirituales y sagrados, donde conocemos esos espacios y recursos con el \u00fanico fin de proteger un bien com\u00fan. As\u00ed mismo heredar, a nuestras hijas e hijos, un territorio sano y libre de problem\u00e1ticas ambientales, asegurando las vidas futuras.<\/em><\/p>\n\n\n\n<p class=\"has-vivid-cyan-blue-color has-text-color\"><strong><em>Podemos decir que nuestra madre tierra nos presta la vida y la devolvemos cuid\u00e1ndola.<\/em><\/strong><\/p>\n<\/div>\n<\/div>\n\n\n\n<p>En el grupo hemos conocido, de forma muy sencilla, que el Katsa-Su es el territorio formado por los cuatro mundos. <strong>\u00bfPuedes contarnos un poco m\u00e1s c\u00f3mo cuid\u00e1is de la naturaleza con estos 4 mundos?<\/strong><\/p>\n\n\n\n<p><em>La cosmovisi\u00f3n aw\u00e1 est\u00e1 formada por los 4 mundo, que comenzando por el primer mundo es el lugar donde viven los seres que se alimentan del humo y cultivan ma\u00edz. En el segundo mundo habitan las familias aw\u00e1, el ser humano. El tercer mundo se encuentran las personas que han fallecido. En el cuarto mundo vive el creador y los ancestros convertidos en esp\u00edritus, los sabios.<\/em><\/p>\n\n\n\n<p><em>Los cuatro mundos conforman una forma de vida, que tiene que ver con la concepci\u00f3n que las mujeres y hombres aw\u00e1 tenemos de la vida, del universo, de lo comunitario y la relaci\u00f3n con la naturaleza misma. Esto le da sentido al pertenecer o ser parte de un todo y que somos complementarios.Y de aqu\u00ed viene el sentido de querer proteger, no solo a la naturaleza sino tambi\u00e9n a los sitios sagrados que tienen conexi\u00f3n con otros mundos.<\/em><\/p>\n\n\n\n<p class=\"has-vivid-cyan-blue-color has-text-color\"><strong><em>Si cuidamos nuestra Katsa-Su, no afectamos a los otros mundos, y hay un equilibrio arm\u00f3nico con todo. El proteger nuestras creencias y nuestra identidad es proteger nuestras vidas mismas y la de otros mundos.<\/em><\/strong><\/p>\n\n\n\n<p>Nos ha gustado mucho una idea aw\u00e1 que dice: \u201cEl modelo de vida aw\u00e1 se refleja en los consejos cotidianos: las personas aprendemos haciendo, observando, caminando y experimentado\u201d. Nos gusta porque se refleja c\u00f3mo las personas nos necesitamos entre nosotras, trabajando en equipo, y preocup\u00e1ndonos por el bienestar colectivo.<\/p>\n\n\n\n<p><strong>\u00bfQu\u00e9 recomendaciones nos pod\u00e9is ofrecer para mejorar la convivencia en el colectivo joven en Valencia?<\/strong><\/p>\n\n\n\n<p class=\"has-vivid-cyan-blue-color has-text-color\"><strong><em>Para mejorar la convivencia entre las personas, nuestras mayoras siempre nos han guiado con dos palabras: el consejo y el ejemplo.<\/em><\/strong><\/p>\n\n\n\n<p><em>Escuchar los consejos es vital para afrontar los obst\u00e1culos futuros y protegernos de lo que viene, anticiparnos.&nbsp;<\/em><\/p>\n\n\n\n<p><em>El seguir el ejemplo es seguir el ejemplo de los mayores, de las personas l\u00edderes, de los familiares. Si vives bien, compartes, trabajas, respetas, es un ejemplo ideal para seguir.<\/em><\/p>\n\n\n\n<p><em>Los j\u00f3venes siempre hemos seguido y lo hemos aceptado para formarnos y educarnos. Es as\u00ed como se consiguen personas respetuosas, amables, sinceras, y por ello la participaci\u00f3n de estas personas es de vital importancia por sus valores.<\/em><\/p>\n\n\n\n<p><em>Todo ello ha generado personas m\u00e1s aptas para representarnos culturalmente y protegernos y hacer ver nuestros derechos a la sociedad con gran impacto, mediante la ense\u00f1anza y el ejemplo, junto a los consejos.<\/em><\/p>\n\n\n\n<div style=\"height:30px\" aria-hidden=\"true\" class=\"wp-block-spacer\"><\/div>\n\n\n\n<div class=\"wp-block-columns are-vertically-aligned-center is-layout-flex wp-container-core-columns-is-layout-28f84493 wp-block-columns-is-layout-flex\">\n<div class=\"wp-block-column is-vertically-aligned-center is-layout-flow wp-block-column-is-layout-flow\" style=\"flex-basis:66.66%\">\n<p class=\"has-vivid-cyan-blue-color has-text-color\"><em><strong>POEMA de Lara y <strong>Rokhaya<\/strong><\/strong><\/em><\/p>\n\n\n\n<p class=\"has-vivid-cyan-blue-color has-text-color\"><em><strong>Qu\u00e9 es la ecodependencia. Qu\u00e9 es la interdependencia.<\/strong><\/em><\/p>\n\n\n\n<p class=\"has-vivid-cyan-blue-color has-text-color\"><em><strong>Es el todo y la nada.<\/strong><\/em><\/p>\n\n\n\n<p class=\"has-vivid-cyan-blue-color has-text-color\"><em><strong>No es nada m\u00e1s all\u00e1 que sentir a la madre naturaleza, recorriendo los poros de tu cuerpo, mientras caminas por un bosque despu\u00e9s de su ba\u00f1o con la lluvia.<\/strong><\/em><\/p>\n\n\n\n<p class=\"has-vivid-cyan-blue-color has-text-color\"><em><strong>Es el olor de un cambio de estaci\u00f3n.<\/strong><\/em><\/p>\n\n\n\n<p class=\"has-vivid-cyan-blue-color has-text-color\"><em><strong>Es el ox\u00edgeno en los \u00e1rboles, entrando y saliendo por tus pulmones.<\/strong><\/em><\/p>\n\n\n\n<p class=\"has-vivid-cyan-blue-color has-text-color\"><em><strong>Es mirar con profundidad a la naturaleza, pues en su interior alberga una gran belleza.<\/strong><\/em><\/p>\n\n\n\n<p class=\"has-vivid-cyan-blue-color has-text-color\"><em><strong>Felicidad hay en ella, es pureza eterna. Pero tan solo para quien sabe mirar en ella.<\/strong><\/em><\/p>\n\n\n\n<p class=\"has-vivid-cyan-blue-color has-text-color\"><em><strong>Las hojas contra el viento vuelan con fortaleza, sin saber lo que el destino querr\u00e1 hacer con ellas.<\/strong><\/em><\/p>\n\n\n\n<p class=\"has-vivid-cyan-blue-color has-text-color\"><em><strong>Ay pobre gente que no entienda ni quiera, la ecodependencia y la interdependencia.<\/strong><\/em><\/p>\n<\/div>\n\n\n\n<div class=\"wp-block-column is-vertically-aligned-center is-layout-flow wp-block-column-is-layout-flow\" style=\"flex-basis:33.33%\">\n<figure class=\"wp-block-image size-large\"><img loading=\"lazy\" decoding=\"async\" width=\"1024\" height=\"1024\" src=\"https:\/\/compartiendoondas.com\/wp-content\/uploads\/2024\/02\/C06-Rokaya-i-Lara-1024x1024.jpg\" alt=\"\" class=\"wp-image-586\" srcset=\"https:\/\/compartiendoondas.com\/wp-content\/uploads\/2024\/02\/C06-Rokaya-i-Lara-1024x1024.jpg 1024w, https:\/\/compartiendoondas.com\/wp-content\/uploads\/2024\/02\/C06-Rokaya-i-Lara-300x300.jpg 300w, https:\/\/compartiendoondas.com\/wp-content\/uploads\/2024\/02\/C06-Rokaya-i-Lara-150x150.jpg 150w, https:\/\/compartiendoondas.com\/wp-content\/uploads\/2024\/02\/C06-Rokaya-i-Lara-768x768.jpg 768w, https:\/\/compartiendoondas.com\/wp-content\/uploads\/2024\/02\/C06-Rokaya-i-Lara-1536x1536.jpg 1536w, https:\/\/compartiendoondas.com\/wp-content\/uploads\/2024\/02\/C06-Rokaya-i-Lara-2048x2048.jpg 2048w, https:\/\/compartiendoondas.com\/wp-content\/uploads\/2024\/02\/C06-Rokaya-i-Lara-2000x2000.jpg 2000w\" sizes=\"auto, (max-width: 1024px) 100vw, 1024px\" \/><figcaption class=\"wp-element-caption\"><em><strong>Lara y <strong>Rokhaya<\/strong><\/strong><\/em><\/figcaption><\/figure>\n<\/div>\n<\/div>\n\n\n\n<div style=\"height:20px\" aria-hidden=\"true\" class=\"wp-block-spacer\"><\/div>\n\n\n\n<hr class=\"wp-block-separator has-alpha-channel-opacity\"\/>\n\n\n\n<div style=\"height:20px\" aria-hidden=\"true\" class=\"wp-block-spacer\"><\/div>\n\n\n\n<figure class=\"wp-block-image size-large\"><img loading=\"lazy\" decoding=\"async\" width=\"1024\" height=\"921\" src=\"https:\/\/compartiendoondas.com\/wp-content\/uploads\/2024\/02\/Logos-CO6c-1024x921.jpg\" alt=\"\" class=\"wp-image-599\" srcset=\"https:\/\/compartiendoondas.com\/wp-content\/uploads\/2024\/02\/Logos-CO6c-1024x921.jpg 1024w, https:\/\/compartiendoondas.com\/wp-content\/uploads\/2024\/02\/Logos-CO6c-300x270.jpg 300w, https:\/\/compartiendoondas.com\/wp-content\/uploads\/2024\/02\/Logos-CO6c-768x691.jpg 768w, https:\/\/compartiendoondas.com\/wp-content\/uploads\/2024\/02\/Logos-CO6c.jpg 1436w\" sizes=\"auto, (max-width: 1024px) 100vw, 1024px\" \/><\/figure>\n","protected":false},"excerpt":{"rendered":"<p>COMPARTIENDO ONDAS 6 \u00bfSomos ecodependientes e interdependientes? PARTICIPANTES Colectivo joven de la Unidad Ind\u00edgena del Pueblo Aw\u00e0. Colombia Colectivo joven del Centro Municipal de Juventut Trinitat. Valencia Compartimos un nuevo programa radiof\u00f3nico con las voces e ideas j\u00f3venes de Valencia y Colombia, que nos ayuda a reflexionar sobre nuestra relaci\u00f3n con la Naturaleza y con &hellip; <\/p>\n<p class=\"link-more\"><a href=\"https:\/\/compartiendoondas.com\/?page_id=379\" class=\"more-link\">Leer m\u00e1s<span class=\"screen-reader-text\"> \u00abCOMPARTIENDO ONDAS 6\u00bb<\/span><\/a><\/p>\n","protected":false},"author":2,"featured_media":0,"parent":2,"menu_order":6,"comment_status":"closed","ping_status":"closed","template":"page-templates\/no-title.php","meta":{"om_disable_all_campaigns":false,"_monsterinsights_skip_tracking":false,"_monsterinsights_sitenote_active":false,"_monsterinsights_sitenote_note":"","_monsterinsights_sitenote_category":0,"footnotes":""},"class_list":["post-379","page","type-page","status-publish","hentry"],"aioseo_notices":[],"_links":{"self":[{"href":"https:\/\/compartiendoondas.com\/index.php?rest_route=\/wp\/v2\/pages\/379","targetHints":{"allow":["GET"]}}],"collection":[{"href":"https:\/\/compartiendoondas.com\/index.php?rest_route=\/wp\/v2\/pages"}],"about":[{"href":"https:\/\/compartiendoondas.com\/index.php?rest_route=\/wp\/v2\/types\/page"}],"author":[{"embeddable":true,"href":"https:\/\/compartiendoondas.com\/index.php?rest_route=\/wp\/v2\/users\/2"}],"replies":[{"embeddable":true,"href":"https:\/\/compartiendoondas.com\/index.php?rest_route=%2Fwp%2Fv2%2Fcomments&post=379"}],"version-history":[{"count":25,"href":"https:\/\/compartiendoondas.com\/index.php?rest_route=\/wp\/v2\/pages\/379\/revisions"}],"predecessor-version":[{"id":600,"href":"https:\/\/compartiendoondas.com\/index.php?rest_route=\/wp\/v2\/pages\/379\/revisions\/600"}],"up":[{"embeddable":true,"href":"https:\/\/compartiendoondas.com\/index.php?rest_route=\/wp\/v2\/pages\/2"}],"wp:attachment":[{"href":"https:\/\/compartiendoondas.com\/index.php?rest_route=%2Fwp%2Fv2%2Fmedia&parent=379"}],"curies":[{"name":"wp","href":"https:\/\/api.w.org\/{rel}","templated":true}]}}