{"id":56,"date":"2023-03-25T07:38:53","date_gmt":"2023-03-25T07:38:53","guid":{"rendered":"https:\/\/compartiendoondas.com\/?page_id=56"},"modified":"2023-06-21T09:33:32","modified_gmt":"2023-06-21T09:33:32","slug":"compartiendo-ondas-1","status":"publish","type":"page","link":"https:\/\/compartiendoondas.com\/?page_id=56","title":{"rendered":"COMPARTIENDO ONDAS 1"},"content":{"rendered":"\n<div style=\"height:70px\" aria-hidden=\"true\" class=\"wp-block-spacer\"><\/div>\n\n\n\n<p class=\"has-text-align-center has-vivid-cyan-blue-color has-text-color has-x-large-font-size\"><strong>COMPARTIENDO ONDAS 1<\/strong><\/p>\n\n\n\n<div style=\"height:30px\" aria-hidden=\"true\" class=\"wp-block-spacer\"><\/div>\n\n\n\n<p class=\"has-text-align-center has-medium-font-size\"><strong>TEMA CENTRAL:&nbsp; Paz, dignidad, Igualdad y participaci\u00f3n juvenil en un planeta sano.<\/strong><\/p>\n\n\n\n<div style=\"height:30px\" aria-hidden=\"true\" class=\"wp-block-spacer\"><\/div>\n\n\n\n<p class=\"has-vivid-cyan-blue-color has-text-color\"><strong>PARTICIPANTES<\/strong><\/p>\n\n\n\n<p><strong>Colectivo joven de YMCA en Valencia<\/strong>, participante en el Programa Formativo de Cualificaci\u00f3n B\u00e1sica: Operaciones Auxiliares Administrativas y Generales.<\/p>\n\n\n\n<p><strong>Colectivo Joven en Sur de Bol\u00edvar en Colombia<\/strong>, participante en el proyecto de Cooperaci\u00f3n Internacional \u00abGobernanza y desarrollo local en el Sur de Bol\u00edvar\u00bb.<\/p>\n\n\n\n<div style=\"height:50px\" aria-hidden=\"true\" class=\"wp-block-spacer\"><\/div>\n\n\n\n<figure class=\"wp-block-gallery has-nested-images columns-3 is-cropped wp-block-gallery-1 is-layout-flex wp-block-gallery-is-layout-flex\">\n<figure class=\"wp-block-image size-large is-style-default\"><a href=\"https:\/\/compartiendoondas.com\/wp-content\/uploads\/2023\/03\/C01-F-001.jpg\" target=\"_blank\" rel=\"noopener\"><img loading=\"lazy\" decoding=\"async\" width=\"1024\" height=\"768\" data-id=\"70\" src=\"https:\/\/compartiendoondas.com\/wp-content\/uploads\/2023\/03\/C01-F-001.jpg\" alt=\"\" class=\"wp-image-70\" srcset=\"https:\/\/compartiendoondas.com\/wp-content\/uploads\/2023\/03\/C01-F-001.jpg 1024w, https:\/\/compartiendoondas.com\/wp-content\/uploads\/2023\/03\/C01-F-001-300x225.jpg 300w, https:\/\/compartiendoondas.com\/wp-content\/uploads\/2023\/03\/C01-F-001-768x576.jpg 768w\" sizes=\"auto, (max-width: 1024px) 100vw, 1024px\" \/><\/a><\/figure>\n\n\n\n<figure class=\"wp-block-image size-large\"><a href=\"https:\/\/compartiendoondas.com\/wp-content\/uploads\/2023\/03\/C01-F-002.jpg\" target=\"_blank\" rel=\"noopener\"><img loading=\"lazy\" decoding=\"async\" width=\"1024\" height=\"683\" data-id=\"77\" src=\"https:\/\/compartiendoondas.com\/wp-content\/uploads\/2023\/03\/C01-F-002.jpg\" alt=\"\" class=\"wp-image-77\" srcset=\"https:\/\/compartiendoondas.com\/wp-content\/uploads\/2023\/03\/C01-F-002.jpg 1024w, https:\/\/compartiendoondas.com\/wp-content\/uploads\/2023\/03\/C01-F-002-300x200.jpg 300w, https:\/\/compartiendoondas.com\/wp-content\/uploads\/2023\/03\/C01-F-002-768x512.jpg 768w\" sizes=\"auto, (max-width: 1024px) 100vw, 1024px\" \/><\/a><\/figure>\n\n\n\n<figure class=\"wp-block-image size-large\"><a href=\"https:\/\/compartiendoondas.com\/wp-content\/uploads\/2023\/03\/C01-F-003.jpg\" target=\"_blank\" rel=\"noopener\"><img loading=\"lazy\" decoding=\"async\" width=\"1024\" height=\"682\" data-id=\"78\" src=\"https:\/\/compartiendoondas.com\/wp-content\/uploads\/2023\/03\/C01-F-003.jpg\" alt=\"\" class=\"wp-image-78\" srcset=\"https:\/\/compartiendoondas.com\/wp-content\/uploads\/2023\/03\/C01-F-003.jpg 1024w, https:\/\/compartiendoondas.com\/wp-content\/uploads\/2023\/03\/C01-F-003-300x200.jpg 300w, https:\/\/compartiendoondas.com\/wp-content\/uploads\/2023\/03\/C01-F-003-768x512.jpg 768w\" sizes=\"auto, (max-width: 1024px) 100vw, 1024px\" \/><\/a><\/figure>\n\n\n\n<figure class=\"wp-block-image size-large\"><a href=\"https:\/\/compartiendoondas.com\/wp-content\/uploads\/2023\/03\/C01-F-004.jpg\" target=\"_blank\" rel=\"noopener\"><img loading=\"lazy\" decoding=\"async\" width=\"1024\" height=\"768\" data-id=\"72\" src=\"https:\/\/compartiendoondas.com\/wp-content\/uploads\/2023\/03\/C01-F-004.jpg\" alt=\"\" class=\"wp-image-72\" srcset=\"https:\/\/compartiendoondas.com\/wp-content\/uploads\/2023\/03\/C01-F-004.jpg 1024w, https:\/\/compartiendoondas.com\/wp-content\/uploads\/2023\/03\/C01-F-004-300x225.jpg 300w, https:\/\/compartiendoondas.com\/wp-content\/uploads\/2023\/03\/C01-F-004-768x576.jpg 768w\" sizes=\"auto, (max-width: 1024px) 100vw, 1024px\" \/><\/a><\/figure>\n\n\n\n<figure class=\"wp-block-image size-large\"><a href=\"https:\/\/compartiendoondas.com\/wp-content\/uploads\/2023\/03\/C01-F-005.jpg\" target=\"_blank\" rel=\"noopener\"><img loading=\"lazy\" decoding=\"async\" width=\"1024\" height=\"683\" data-id=\"75\" src=\"https:\/\/compartiendoondas.com\/wp-content\/uploads\/2023\/03\/C01-F-005.jpg\" alt=\"\" class=\"wp-image-75\" srcset=\"https:\/\/compartiendoondas.com\/wp-content\/uploads\/2023\/03\/C01-F-005.jpg 1024w, https:\/\/compartiendoondas.com\/wp-content\/uploads\/2023\/03\/C01-F-005-300x200.jpg 300w, https:\/\/compartiendoondas.com\/wp-content\/uploads\/2023\/03\/C01-F-005-768x512.jpg 768w\" sizes=\"auto, (max-width: 1024px) 100vw, 1024px\" \/><\/a><\/figure>\n\n\n\n<figure class=\"wp-block-image size-large\"><a href=\"https:\/\/compartiendoondas.com\/wp-content\/uploads\/2023\/03\/C01-F-006.jpg\" target=\"_blank\" rel=\"noopener\"><img loading=\"lazy\" decoding=\"async\" width=\"1024\" height=\"683\" data-id=\"73\" src=\"https:\/\/compartiendoondas.com\/wp-content\/uploads\/2023\/03\/C01-F-006.jpg\" alt=\"\" class=\"wp-image-73\" srcset=\"https:\/\/compartiendoondas.com\/wp-content\/uploads\/2023\/03\/C01-F-006.jpg 1024w, https:\/\/compartiendoondas.com\/wp-content\/uploads\/2023\/03\/C01-F-006-300x200.jpg 300w, https:\/\/compartiendoondas.com\/wp-content\/uploads\/2023\/03\/C01-F-006-768x512.jpg 768w\" sizes=\"auto, (max-width: 1024px) 100vw, 1024px\" \/><\/a><\/figure>\n\n\n\n<figure class=\"wp-block-image size-large\"><a href=\"https:\/\/compartiendoondas.com\/wp-content\/uploads\/2023\/03\/C01-F-007.jpg\" target=\"_blank\" rel=\"noopener\"><img loading=\"lazy\" decoding=\"async\" width=\"1024\" height=\"682\" data-id=\"71\" src=\"https:\/\/compartiendoondas.com\/wp-content\/uploads\/2023\/03\/C01-F-007.jpg\" alt=\"\" class=\"wp-image-71\" srcset=\"https:\/\/compartiendoondas.com\/wp-content\/uploads\/2023\/03\/C01-F-007.jpg 1024w, https:\/\/compartiendoondas.com\/wp-content\/uploads\/2023\/03\/C01-F-007-300x200.jpg 300w, https:\/\/compartiendoondas.com\/wp-content\/uploads\/2023\/03\/C01-F-007-768x512.jpg 768w\" sizes=\"auto, (max-width: 1024px) 100vw, 1024px\" \/><\/a><\/figure>\n\n\n\n<figure class=\"wp-block-image size-large\"><a href=\"https:\/\/compartiendoondas.com\/wp-content\/uploads\/2023\/03\/C01-F-008.jpg\" target=\"_blank\" rel=\"noopener\"><img loading=\"lazy\" decoding=\"async\" width=\"1024\" height=\"682\" data-id=\"76\" src=\"https:\/\/compartiendoondas.com\/wp-content\/uploads\/2023\/03\/C01-F-008.jpg\" alt=\"\" class=\"wp-image-76\" srcset=\"https:\/\/compartiendoondas.com\/wp-content\/uploads\/2023\/03\/C01-F-008.jpg 1024w, https:\/\/compartiendoondas.com\/wp-content\/uploads\/2023\/03\/C01-F-008-300x200.jpg 300w, https:\/\/compartiendoondas.com\/wp-content\/uploads\/2023\/03\/C01-F-008-768x512.jpg 768w\" sizes=\"auto, (max-width: 1024px) 100vw, 1024px\" \/><\/a><\/figure>\n\n\n\n<figure class=\"wp-block-image size-large\"><a href=\"https:\/\/compartiendoondas.com\/wp-content\/uploads\/2023\/03\/C01-F-009.jpg\" target=\"_blank\" rel=\"noopener\"><img loading=\"lazy\" decoding=\"async\" width=\"1024\" height=\"682\" data-id=\"74\" src=\"https:\/\/compartiendoondas.com\/wp-content\/uploads\/2023\/03\/C01-F-009.jpg\" alt=\"\" class=\"wp-image-74\" srcset=\"https:\/\/compartiendoondas.com\/wp-content\/uploads\/2023\/03\/C01-F-009.jpg 1024w, https:\/\/compartiendoondas.com\/wp-content\/uploads\/2023\/03\/C01-F-009-300x200.jpg 300w, https:\/\/compartiendoondas.com\/wp-content\/uploads\/2023\/03\/C01-F-009-768x512.jpg 768w\" sizes=\"auto, (max-width: 1024px) 100vw, 1024px\" \/><\/a><\/figure>\n<figcaption class=\"blocks-gallery-caption wp-element-caption\"><strong>Grupo de j\u00f3venes YMCA Valencia<\/strong><br><strong>J\u00e9nifer, Tom\u00e1s, Marcos, Adrey, T\u00e1rek, Paula, Pamela, \u00c9rik, Melisa, Nicole, Manuel y Vanesa.&nbsp;<\/strong><\/figcaption><\/figure>\n\n\n\n<div style=\"height:50px\" aria-hidden=\"true\" class=\"wp-block-spacer\"><\/div>\n\n\n\n<figure class=\"wp-block-image size-large\"><img loading=\"lazy\" decoding=\"async\" width=\"1024\" height=\"299\" src=\"https:\/\/compartiendoondas.com\/wp-content\/uploads\/2023\/05\/C01-Logos-1-1024x299.jpg\" alt=\"\" class=\"wp-image-360\" srcset=\"https:\/\/compartiendoondas.com\/wp-content\/uploads\/2023\/05\/C01-Logos-1-1024x299.jpg 1024w, https:\/\/compartiendoondas.com\/wp-content\/uploads\/2023\/05\/C01-Logos-1-300x87.jpg 300w, https:\/\/compartiendoondas.com\/wp-content\/uploads\/2023\/05\/C01-Logos-1-768x224.jpg 768w, https:\/\/compartiendoondas.com\/wp-content\/uploads\/2023\/05\/C01-Logos-1.jpg 1310w\" sizes=\"auto, (max-width: 1024px) 100vw, 1024px\" \/><\/figure>\n\n\n\n<div style=\"height:20px\" aria-hidden=\"true\" class=\"wp-block-spacer\"><\/div>\n\n\n\n<p>Os animamos a escuchar el programa radiof\u00f3nico, realizando un recorrido por diferentes espacios de noticias, testimonio e Historia, leyendas, recomendaciones de lectura y pel\u00edculas, y la entrevista con el colectivo de j\u00f3venes Rurales Sur de Bol\u00edvar.&nbsp;<\/p>\n\n\n\n<p>En la entrevista contamos con dos personas, Aldair y Yuri que son dos j\u00f3venes colombianos, que nos van a compartir sus experiencias reales de participaci\u00f3n juvenil, y por tanto, son experiencias de construcci\u00f3n de Paz.<\/p>\n\n\n\n<div style=\"height:20px\" aria-hidden=\"true\" class=\"wp-block-spacer\"><\/div>\n\n\n\n<figure class=\"wp-block-audio\"><audio controls src=\"https:\/\/compartiendoondas.com\/wp-content\/uploads\/2023\/05\/COMPARTIENDO-ONDAS-YMCA-1.mp3\"><\/audio><figcaption class=\"wp-element-caption\"><strong>Dale al play para escuchar a los grupos j\u00f3venes de Valencia y Colombia<\/strong><\/figcaption><\/figure>\n\n\n\n<div style=\"height:20px\" aria-hidden=\"true\" class=\"wp-block-spacer\"><\/div>\n\n\n\n<p>Aldair P\u00e1ez es artista, l\u00edder juvenil y concejal m\u00e1s j\u00f3ven del municipio de San Pablo. Aldair apoya la creaci\u00f3n y el impulso de muchas organizaciones juveniles, y nos va a contar la experiencia participativa en las jornadas de Memorias en el Olvido del pasado Noviembre 2022.<\/p>\n\n\n\n<p>Yuri es una joven lideresa que est\u00e1 participando desde la acci\u00f3n de la veedur\u00eda, para controlar que realmente las promesas de los ayuntamientos para el apoyo al colectivo joven se cumplen.<\/p>\n\n\n\n<div style=\"height:50px\" aria-hidden=\"true\" class=\"wp-block-spacer\"><\/div>\n\n\n\n<hr class=\"wp-block-separator has-alpha-channel-opacity\"\/>\n\n\n\n<div style=\"height:50px\" aria-hidden=\"true\" class=\"wp-block-spacer\"><\/div>\n\n\n\n<div class=\"wp-block-columns is-layout-flex wp-container-core-columns-is-layout-28f84493 wp-block-columns-is-layout-flex\">\n<div class=\"wp-block-column is-layout-flow wp-block-column-is-layout-flow\">\n<div class=\"wp-block-cover has-custom-content-position is-position-bottom-center\"><span aria-hidden=\"true\" class=\"wp-block-cover__background has-background-dim-0 has-background-dim\"><\/span><img loading=\"lazy\" decoding=\"async\" width=\"800\" height=\"800\" class=\"wp-block-cover__image-background wp-image-261\" alt=\"\" src=\"https:\/\/compartiendoondas.com\/wp-content\/uploads\/2023\/05\/C01-aldair-edited.jpg\" style=\"object-position:50% 83%\" data-object-fit=\"cover\" data-object-position=\"50% 83%\" srcset=\"https:\/\/compartiendoondas.com\/wp-content\/uploads\/2023\/05\/C01-aldair-edited.jpg 800w, https:\/\/compartiendoondas.com\/wp-content\/uploads\/2023\/05\/C01-aldair-edited-300x300.jpg 300w, https:\/\/compartiendoondas.com\/wp-content\/uploads\/2023\/05\/C01-aldair-edited-150x150.jpg 150w, https:\/\/compartiendoondas.com\/wp-content\/uploads\/2023\/05\/C01-aldair-edited-768x768.jpg 768w\" sizes=\"auto, (max-width: 800px) 100vw, 800px\" \/><div class=\"wp-block-cover__inner-container is-layout-flow wp-block-cover-is-layout-flow\">\n<p class=\"has-text-align-left has-medium-font-size\">Aldair P\u00e1ez, joven l\u00edder del municipio de San Pablo. Departamento Sur de Bol\u00edvar. Colombia.<\/p>\n<\/div><\/div>\n<\/div>\n\n\n\n<div class=\"wp-block-column is-vertically-aligned-center is-layout-flow wp-block-column-is-layout-flow\">\n<p>Hola a todos, mi nombre es Aldair P\u00e1ez, un joven l\u00edder del municipio de San Pablo ubicado en el Sur del departamento de Bol\u00edvar y en el pa\u00eds Colombia.<\/p>\n\n\n\n<p>Un joven sudamericano, que ha sido l\u00edder social en este l\u00edder territorio el cual es rodeado de agua ba\u00f1ado sus pies por el r\u00edo grande de la Magdalena.<\/p>\n\n\n\n<p>Agradezco la invitaci\u00f3n a este espacio radial Compartiendo Ondas, saludo a todos ustedes a los chicos y j\u00f3venes de Val\u00e8ncia y a todos los chicos de todas las ciudades y pa\u00edses que nos pueden escuchar.<\/p>\n<\/div>\n<\/div>\n\n\n\n<p>El d\u00eda 25 y 26 de noviembre se llev\u00f3 a cabo en el municipio de San Pablo un hermoso festival llamado \u201cMemorias en el olvido\u201d, un festival art\u00edstico y cultural urbano que se realiza en el marco de recuperar la memoria y la historia de nuestro territorio desde las pr\u00e1cticas alternativas como es el arte, la cultura, honrando a nuestros ancestros, a nuestro r\u00edo, a nuestra flora, a nuestra fauna \u2026 quienes han sido protagonistas reales de la construcci\u00f3n de nuestra identidad cultural y social en todos los \u00e1mbitos de nuestro territorio. Apostando que este proyecto, nace con la necesidad de que todas esas personas y todas vivencias que se han perpetrado en nuestro municipio no se pierdan en ese olvido y que las memorias de nuestros ancestros nos representan desde las nuevas pr\u00e1cticas juveniles con una intenci\u00f3n clara de redignificar nuestra historia, de poder fomentar la construcci\u00f3n de una identidad y una cultura enfocada en la paz en un territorio que realmente ha sido v\u00edctima del conflicto armado a lo largo de su historia.<\/p>\n\n\n\n<p>Este proyecto es una muestra de la resiliencia por so\u00f1ar por un territorio alternativo deseante de paz y que nuestra historia no se pueda olvidar teniendo presente los aportes que nos han dado nuestros ancestros. Que nos han dado todas esas personas y todo ese entorno natural hermoso que nos rodea y que nos ha podido brindar el destino y especialmente la vida.<\/p>\n\n\n\n<p>Hay que agradecerle a la Generalitat Valenciana porque gracias a ustedes, gracias a su apoyo pudimos lograr, efectivamente la realizaci\u00f3n de este proyecto. Un proyecto hermoso, una actividad que fue muy amena que se llev\u00f3 a cabo gracias a las fuerzas vivas de la comunidad de este territorio. Muchos se pusieron a la tarea de poder realizar este festival de gran medida.<\/p>\n\n\n\n<p>Agradecemos a todas esas entidades que se sumaron, que creyeron en nosotros los j\u00f3venes, que pudieron apostar por nosotros para dar a cabo un festival netamente hermoso. Un festival que queremos institucionalizar, que queremos hacer todos los a\u00f1os .Queremos que este festival sea el encuentro de los j\u00f3venes en pro de la construcci\u00f3n de paz y en pro de nuestra identidad cultural.<\/p>\n\n\n\n<p>Es necesario resaltar que los j\u00f3venes somos l\u00edderes por naturaleza, que los incentivamos por luchar por lo que nos gusta, luchar por lo que nos fomenta paz en nuestro interior. Es necesario reconocer que todos los j\u00f3venes en todos los territorios a nivel mundial debemos enfocarnos por propiciar la construcci\u00f3n de nuestro territorio, desde&nbsp; la armon\u00eda, desde la paz y desde la resiliencia.<\/p>\n\n\n\n<p>Hemos sido j\u00f3venes que , de una u otra manera hemos conocido el rigor de la violencia, hemos sentido el rigor de la guerra y es ah\u00ed donde nosotros debemos participar activamente por cambiar nuestra realidad,&nbsp; por brindarle un nuevo mundo a nuestras nuevas generaciones pero un mundo no rodeado de olvido, no rodeado de dolor, no rodeado de la violencia, si no rodeado de una historia fomentada de la paz, fomentada en nuevas pr\u00e1cticas, fomentada en que nosotros somos el cambio, que nosotros somos el presente, que somos los part\u00edcipes del futuro y que nuestros territorios, nuestras comunidades , nuestros municipios , nuestros pueblos, requieren de j\u00f3venes activos, j\u00f3venes con ideales transparentes y que seamos nosotros quienes apostemos por un sue\u00f1o de cambio. Un sue\u00f1o de protecci\u00f3n, de protecci\u00f3n a nuestro medio ambiente, protecci\u00f3n a nuestro entorno, protecci\u00f3n a nuestra ni\u00f1ez y protecci\u00f3n ante todo a aquello que nos fortalece y que es lo que nos fortalece nuestro esp\u00edritu. Y eso es algo que debemos cuidar nosotros como j\u00f3venes, debemos proteger ante todo como j\u00f3venes el esp\u00edritu que nos motiva a crear todos estos cambios.&nbsp;<\/p>\n\n\n\n<p>Es un punto de partida donde invito a todos los j\u00f3venes del mundo de que debemos unirnos por transformar nuestra realidad social en cada uno de nuestros territorios.<\/p>\n\n\n\n<figure class=\"wp-block-gallery has-nested-images columns-default is-cropped wp-block-gallery-2 is-layout-flex wp-block-gallery-is-layout-flex\">\n<figure class=\"wp-block-image size-large\"><a href=\"https:\/\/compartiendoondas.com\/wp-content\/uploads\/2023\/05\/C01-316428385_563218545811185_5045510949479956821_n-edited.jpg\" target=\"_blank\" rel=\"noopener\"><img loading=\"lazy\" decoding=\"async\" width=\"1024\" height=\"576\" data-id=\"274\" src=\"https:\/\/compartiendoondas.com\/wp-content\/uploads\/2023\/05\/C01-316428385_563218545811185_5045510949479956821_n-edited-1024x576.jpg\" alt=\"\" class=\"wp-image-274\" srcset=\"https:\/\/compartiendoondas.com\/wp-content\/uploads\/2023\/05\/C01-316428385_563218545811185_5045510949479956821_n-edited-1024x576.jpg 1024w, https:\/\/compartiendoondas.com\/wp-content\/uploads\/2023\/05\/C01-316428385_563218545811185_5045510949479956821_n-edited-300x169.jpg 300w, https:\/\/compartiendoondas.com\/wp-content\/uploads\/2023\/05\/C01-316428385_563218545811185_5045510949479956821_n-edited-768x432.jpg 768w, https:\/\/compartiendoondas.com\/wp-content\/uploads\/2023\/05\/C01-316428385_563218545811185_5045510949479956821_n-edited.jpg 1280w\" sizes=\"auto, (max-width: 1024px) 100vw, 1024px\" \/><\/a><\/figure>\n\n\n\n<figure class=\"wp-block-image size-large\"><a href=\"https:\/\/compartiendoondas.com\/wp-content\/uploads\/2023\/05\/C01-316412087_563201995812840_7086597542799564697_n-edited.jpg\" target=\"_blank\" rel=\"noopener\"><img loading=\"lazy\" decoding=\"async\" width=\"1024\" height=\"576\" data-id=\"273\" src=\"https:\/\/compartiendoondas.com\/wp-content\/uploads\/2023\/05\/C01-316412087_563201995812840_7086597542799564697_n-edited-1024x576.jpg\" alt=\"\" class=\"wp-image-273\" srcset=\"https:\/\/compartiendoondas.com\/wp-content\/uploads\/2023\/05\/C01-316412087_563201995812840_7086597542799564697_n-edited-1024x576.jpg 1024w, https:\/\/compartiendoondas.com\/wp-content\/uploads\/2023\/05\/C01-316412087_563201995812840_7086597542799564697_n-edited-300x169.jpg 300w, https:\/\/compartiendoondas.com\/wp-content\/uploads\/2023\/05\/C01-316412087_563201995812840_7086597542799564697_n-edited-768x432.jpg 768w, https:\/\/compartiendoondas.com\/wp-content\/uploads\/2023\/05\/C01-316412087_563201995812840_7086597542799564697_n-edited.jpg 1280w\" sizes=\"auto, (max-width: 1024px) 100vw, 1024px\" \/><\/a><\/figure>\n\n\n\n<figure class=\"wp-block-image size-large\"><a href=\"https:\/\/compartiendoondas.com\/wp-content\/uploads\/2023\/05\/C01-316236484_563219005811139_6213536872169871426_n-edited.jpg\" target=\"_blank\" rel=\"noopener\"><img loading=\"lazy\" decoding=\"async\" width=\"1024\" height=\"576\" data-id=\"271\" src=\"https:\/\/compartiendoondas.com\/wp-content\/uploads\/2023\/05\/C01-316236484_563219005811139_6213536872169871426_n-edited-1024x576.jpg\" alt=\"\" class=\"wp-image-271\" srcset=\"https:\/\/compartiendoondas.com\/wp-content\/uploads\/2023\/05\/C01-316236484_563219005811139_6213536872169871426_n-edited-1024x576.jpg 1024w, https:\/\/compartiendoondas.com\/wp-content\/uploads\/2023\/05\/C01-316236484_563219005811139_6213536872169871426_n-edited-300x169.jpg 300w, https:\/\/compartiendoondas.com\/wp-content\/uploads\/2023\/05\/C01-316236484_563219005811139_6213536872169871426_n-edited-768x432.jpg 768w, https:\/\/compartiendoondas.com\/wp-content\/uploads\/2023\/05\/C01-316236484_563219005811139_6213536872169871426_n-edited.jpg 1280w\" sizes=\"auto, (max-width: 1024px) 100vw, 1024px\" \/><\/a><\/figure>\n<figcaption class=\"blocks-gallery-caption wp-element-caption\">I Festival de Arte y Cultura Urbana Memorias en el Olvido en las calles de San Pablo, Sur de Bol\u00edvar. Noviembre 2022 Colombia.<\/figcaption><\/figure>\n\n\n\n<div style=\"height:50px\" aria-hidden=\"true\" class=\"wp-block-spacer\"><\/div>\n\n\n\n<hr class=\"wp-block-separator has-alpha-channel-opacity\"\/>\n\n\n\n<div style=\"height:50px\" aria-hidden=\"true\" class=\"wp-block-spacer\"><\/div>\n\n\n\n<div class=\"wp-block-columns is-layout-flex wp-container-core-columns-is-layout-28f84493 wp-block-columns-is-layout-flex\">\n<div class=\"wp-block-column is-vertically-aligned-center is-layout-flow wp-block-column-is-layout-flow\">\n<p>Hola a todos, mi nombre es Yuri Marim\u00f3n. Mucho gusto compartir con ustedes en este maravilloso programa radial desde Colombia. Les env\u00edo un saludo fraternal a todas las personas que nos escuchan.<\/p>\n\n\n\n<p>Hoy les vengo a compartir un poco de mi experiencia&nbsp;como joven y mujer l\u00edder, dando a conocer c\u00f3mo es el proceso de participaci\u00f3n juvenil en nuestro territorio.<\/p>\n<\/div>\n\n\n\n<div class=\"wp-block-column is-layout-flow wp-block-column-is-layout-flow\">\n<div class=\"wp-block-cover has-custom-content-position is-position-bottom-center has-medium-font-size\"><span aria-hidden=\"true\" class=\"wp-block-cover__background has-background-dim-0 has-background-dim\"><\/span><img loading=\"lazy\" decoding=\"async\" width=\"800\" height=\"800\" class=\"wp-block-cover__image-background wp-image-260\" alt=\"\" src=\"https:\/\/compartiendoondas.com\/wp-content\/uploads\/2023\/05\/C01-Yuri-edited.jpg\" data-object-fit=\"cover\" srcset=\"https:\/\/compartiendoondas.com\/wp-content\/uploads\/2023\/05\/C01-Yuri-edited.jpg 800w, https:\/\/compartiendoondas.com\/wp-content\/uploads\/2023\/05\/C01-Yuri-edited-300x300.jpg 300w, https:\/\/compartiendoondas.com\/wp-content\/uploads\/2023\/05\/C01-Yuri-edited-150x150.jpg 150w, https:\/\/compartiendoondas.com\/wp-content\/uploads\/2023\/05\/C01-Yuri-edited-768x768.jpg 768w\" sizes=\"auto, (max-width: 800px) 100vw, 800px\" \/><div class=\"wp-block-cover__inner-container is-layout-flow wp-block-cover-is-layout-flow\">\n<p class=\"has-medium-font-size\">Yuri Marim\u00f3n, joven lideresa en el Consejo de Juventud para la realizaci\u00f3n de la veeduria. Sur de Bol\u00edvar. Colombia.<\/p>\n<\/div><\/div>\n<\/div>\n<\/div>\n\n\n\n<p><\/p>\n\n\n\n<p>Desde el Consejo de Juventud hemos venido realizando \u201cveedur\u00eda\u201d y control a las diferentes entidades p\u00fablicas, por supuesto, no ha sido una tarea f\u00e1cil, ya que conocemos que estamos en un territorio donde los j\u00f3venes nos encontramos expuestos a muchos riesgos, pero es importante que en un territorio como el nuestro estemos logrando que otros j\u00f3venes se interesen por conocer las necesidades y podamos hacer el seguimiento y \u201cveedur\u00eda\u201d a los recursos que son destinados para nosotros los j\u00f3venes. Sabemos que la \u201cveedur\u00eda\u201d es un mecanismo de control social mediante el cual los ciudadanos vigilan y controlan las diferentes entidades p\u00fablicas, privadas, organizaciones no gubernamentales en las que se emplean recursos p\u00fablicos.<\/p>\n\n\n\n<p>Nosotros como j\u00f3venes conocemos la situaci\u00f3n de nuestro territorio, por esa raz\u00f3n es de gran importancia la participaci\u00f3n juvenil y el ser&nbsp; veedores de nuestro recursos. Me llena de orgullo saber que en nuestro territorio&nbsp; existen j\u00f3venes transformadores de paz, transformadores que luchan por sus ideales, j\u00f3venes que sue\u00f1an por ver un Bol\u00edvar mejor, lleno de oportunidades a\u00fan en medio de tantas dificultades. Somos j\u00f3venes resilientes que trabajamos por ser parte del cambio, que queremos para nuestro territorio lo mejor.&nbsp;<\/p>\n\n\n\n<p>Mi mensaje en esta hora es que somos parte del cambio, y la participaci\u00f3n es el camino por el cual todos los j\u00f3venes podemos incidir en nuestro entorno. Porque en el sur de Bol\u00edvar, todos somos constructores de paz.<\/p>\n","protected":false},"excerpt":{"rendered":"<p>COMPARTIENDO ONDAS 1 TEMA CENTRAL:&nbsp; Paz, dignidad, Igualdad y participaci\u00f3n juvenil en un planeta sano. PARTICIPANTES Colectivo joven de YMCA en Valencia, participante en el Programa Formativo de Cualificaci\u00f3n B\u00e1sica: Operaciones Auxiliares Administrativas y Generales. Colectivo Joven en Sur de Bol\u00edvar en Colombia, participante en el proyecto de Cooperaci\u00f3n Internacional \u00abGobernanza y desarrollo local en &hellip; <\/p>\n<p class=\"link-more\"><a href=\"https:\/\/compartiendoondas.com\/?page_id=56\" class=\"more-link\">Leer m\u00e1s<span class=\"screen-reader-text\"> \u00abCOMPARTIENDO ONDAS 1\u00bb<\/span><\/a><\/p>\n","protected":false},"author":2,"featured_media":0,"parent":2,"menu_order":1,"comment_status":"closed","ping_status":"closed","template":"page-templates\/no-title.php","meta":{"om_disable_all_campaigns":false,"_monsterinsights_skip_tracking":false,"_monsterinsights_sitenote_active":false,"_monsterinsights_sitenote_note":"","_monsterinsights_sitenote_category":0,"footnotes":""},"class_list":["post-56","page","type-page","status-publish","hentry"],"aioseo_notices":[],"_links":{"self":[{"href":"https:\/\/compartiendoondas.com\/index.php?rest_route=\/wp\/v2\/pages\/56","targetHints":{"allow":["GET"]}}],"collection":[{"href":"https:\/\/compartiendoondas.com\/index.php?rest_route=\/wp\/v2\/pages"}],"about":[{"href":"https:\/\/compartiendoondas.com\/index.php?rest_route=\/wp\/v2\/types\/page"}],"author":[{"embeddable":true,"href":"https:\/\/compartiendoondas.com\/index.php?rest_route=\/wp\/v2\/users\/2"}],"replies":[{"embeddable":true,"href":"https:\/\/compartiendoondas.com\/index.php?rest_route=%2Fwp%2Fv2%2Fcomments&post=56"}],"version-history":[{"count":45,"href":"https:\/\/compartiendoondas.com\/index.php?rest_route=\/wp\/v2\/pages\/56\/revisions"}],"predecessor-version":[{"id":461,"href":"https:\/\/compartiendoondas.com\/index.php?rest_route=\/wp\/v2\/pages\/56\/revisions\/461"}],"up":[{"embeddable":true,"href":"https:\/\/compartiendoondas.com\/index.php?rest_route=\/wp\/v2\/pages\/2"}],"wp:attachment":[{"href":"https:\/\/compartiendoondas.com\/index.php?rest_route=%2Fwp%2Fv2%2Fmedia&parent=56"}],"curies":[{"name":"wp","href":"https:\/\/api.w.org\/{rel}","templated":true}]}}