{"id":610,"date":"2024-04-24T07:54:11","date_gmt":"2024-04-24T07:54:11","guid":{"rendered":"https:\/\/compartiendoondas.com\/?page_id=610"},"modified":"2024-05-14T08:31:02","modified_gmt":"2024-05-14T08:31:02","slug":"compartiendo-ondas-7","status":"publish","type":"page","link":"https:\/\/compartiendoondas.com\/?page_id=610","title":{"rendered":"COMPARTIENDO ONDAS 7"},"content":{"rendered":"\n<p class=\"has-text-align-center has-vivid-cyan-blue-color has-text-color has-x-large-font-size\"><strong>COMPARTIENDO ONDAS 7<\/strong><\/p>\n\n\n\n<div style=\"height:30px\" aria-hidden=\"true\" class=\"wp-block-spacer\"><\/div>\n\n\n\n<p class=\"has-text-align-center has-medium-font-size\"><strong>IES POU CLAR<\/strong><\/p>\n\n\n\n<div class=\"wp-block-columns is-layout-flex wp-container-core-columns-is-layout-28f84493 wp-block-columns-is-layout-flex\">\n<div class=\"wp-block-column is-layout-flow wp-block-column-is-layout-flow\"><\/div>\n\n\n\n<div class=\"wp-block-column is-layout-flow wp-block-column-is-layout-flow\">\n<figure class=\"wp-block-image size-full\"><img loading=\"lazy\" decoding=\"async\" width=\"876\" height=\"584\" src=\"https:\/\/compartiendoondas.com\/wp-content\/uploads\/2024\/04\/IES-Por-Clar-1.png\" alt=\"\" class=\"wp-image-627\" srcset=\"https:\/\/compartiendoondas.com\/wp-content\/uploads\/2024\/04\/IES-Por-Clar-1.png 876w, https:\/\/compartiendoondas.com\/wp-content\/uploads\/2024\/04\/IES-Por-Clar-1-300x200.png 300w, https:\/\/compartiendoondas.com\/wp-content\/uploads\/2024\/04\/IES-Por-Clar-1-768x512.png 768w\" sizes=\"auto, (max-width: 876px) 100vw, 876px\" \/><\/figure>\n<\/div>\n\n\n\n<div class=\"wp-block-column is-layout-flow wp-block-column-is-layout-flow\"><\/div>\n<\/div>\n\n\n\n<div style=\"height:30px\" aria-hidden=\"true\" class=\"wp-block-spacer\"><\/div>\n\n\n\n<p class=\"has-text-align-center has-medium-font-size\"><strong>GRUPO<\/strong> <strong>1\u00ba FP B\u00c1SICA ACTIVIDADES DOM\u00c9STICAS Y LIMPIEZA DE EDIFICIOS<\/strong><\/p>\n\n\n\n<p class=\"has-vivid-cyan-blue-color has-text-color\"><strong>TEMA CENTRAL<\/strong><\/p>\n\n\n\n<p><strong>Somos personas de paz.<\/strong><\/p>\n\n\n\n<p class=\"has-vivid-cyan-blue-color has-text-color\"><strong>PARTICIPANTES<\/strong><\/p>\n\n\n\n<p><strong>Zahira, Johan, Soumia, Ivonne y Neus.<\/strong><\/p>\n\n\n\n<div style=\"height:30px\" aria-hidden=\"true\" class=\"wp-block-spacer\"><\/div>\n\n\n\n<p>Neus y Ivonne son las presentadoras, que nos invitan a conocer c\u00f3mo las personas podemos convivir en Paz.<\/p>\n\n\n\n<p>Esta comunicaci\u00f3n de ideas y experiencias sobre la Paz, se har\u00e1n con el personaje hist\u00f3rico, un testimonio real y un relato corto.&nbsp;<\/p>\n\n\n\n<figure class=\"wp-block-audio\"><audio controls src=\"https:\/\/compartiendoondas.com\/wp-content\/uploads\/2024\/04\/programa-1.mp3\"><\/audio><figcaption class=\"wp-element-caption\"><strong>Pincha y escucha todo el programa&nbsp;<\/strong><\/figcaption><\/figure>\n\n\n\n<p>&nbsp;<\/p>\n\n\n\n<p>Johan nos da a conocer el personaje hist\u00f3rico: RIGOBERTA MENCH\u00da.<\/p>\n\n\n\n<div class=\"wp-block-columns are-vertically-aligned-center is-layout-flex wp-container-core-columns-is-layout-28f84493 wp-block-columns-is-layout-flex\">\n<div class=\"wp-block-column is-vertically-aligned-center is-layout-flow wp-block-column-is-layout-flow\">\n<figure class=\"wp-block-image size-large\"><img loading=\"lazy\" decoding=\"async\" width=\"683\" height=\"1024\" src=\"https:\/\/compartiendoondas.com\/wp-content\/uploads\/2024\/04\/FOTO-2-683x1024.jpg\" alt=\"\" class=\"wp-image-613\" srcset=\"https:\/\/compartiendoondas.com\/wp-content\/uploads\/2024\/04\/FOTO-2-683x1024.jpg 683w, https:\/\/compartiendoondas.com\/wp-content\/uploads\/2024\/04\/FOTO-2-200x300.jpg 200w, https:\/\/compartiendoondas.com\/wp-content\/uploads\/2024\/04\/FOTO-2-768x1152.jpg 768w, https:\/\/compartiendoondas.com\/wp-content\/uploads\/2024\/04\/FOTO-2.jpg 1000w\" sizes=\"auto, (max-width: 683px) 100vw, 683px\" \/><\/figure>\n<\/div>\n\n\n\n<div class=\"wp-block-column is-vertically-aligned-center is-layout-flow wp-block-column-is-layout-flow\">\n<p><em>\u201cRigoberta Mench\u00fa Tum, nac\u00edo el 9 de enero de 1959, en la localidad rural Uspant\u00e1n de Quich\u00e9 en Guatemala. Actualmente tiene 65 a\u00f1os.<\/em><\/p>\n\n\n\n<p><em>Ella es l\u00edder ind\u00edgena, activista guatemalteca, miembro de la comunidad Maya Quich\u00e9 y defensora de los Derechos Humanos.<\/em><\/p>\n\n\n\n<p><em>Durante su infancia y juventud sufri\u00f3 pobreza y racismo, y con el tiempo cre\u00f3 la fundaci\u00f3n llamada Vicente Mench\u00fa, con la finalidad de contribuir, recuperar y enriquecer los valores humanos para la construcci\u00f3n de una \u00e9tica de paz, mediante la diversidad \u00e9tnica.<\/em><\/p>\n\n\n\n<p><em>Ha denunciado las situaciones de violencia del ej\u00e9rcito y tambi\u00e9n la defensa de los recursos naturales. Y por todo ello ha ganado el Premio Nobel de la Paz en 1992 y el premio Pr\u00edncipe de Asturias de Cooperaci\u00f3n Internacional en 1998.<\/em><\/p>\n<\/div>\n<\/div>\n\n\n\n<p class=\"has-black-color has-text-color\"><em>Terminado con una frase de Rigoberta: <strong>\u201cESTE MUNDO NO VA A CAMBIAR A MENOS QUE ESTEMOS DISPUESTOS A CAMBIAR NOSOTROS MISMOS\u201d<\/strong>.<\/em><\/p>\n\n\n\n<div class=\"wp-block-columns are-vertically-aligned-center is-layout-flex wp-container-core-columns-is-layout-28f84493 wp-block-columns-is-layout-flex\">\n<div class=\"wp-block-column is-vertically-aligned-center is-layout-flow wp-block-column-is-layout-flow\">\n<p>Soumia nos acerca a la experiencia vital y real de una chica que quiere la Paz, para terminar con la violencia estructural: La guerra<strong>.<\/strong><\/p>\n\n\n\n<p><em>\u201cEl testimonio es de Haztjar, no es su nombre real, lo hago por su privacidad.&nbsp;<\/em><\/p>\n<\/div>\n\n\n\n<div class=\"wp-block-column is-vertically-aligned-center is-layout-flow wp-block-column-is-layout-flow\">\n<figure class=\"wp-block-image size-large\"><img loading=\"lazy\" decoding=\"async\" width=\"1024\" height=\"576\" src=\"https:\/\/compartiendoondas.com\/wp-content\/uploads\/2024\/04\/FOTO-2-B-1024x576.jpeg\" alt=\"\" class=\"wp-image-616\" srcset=\"https:\/\/compartiendoondas.com\/wp-content\/uploads\/2024\/04\/FOTO-2-B-1024x576.jpeg 1024w, https:\/\/compartiendoondas.com\/wp-content\/uploads\/2024\/04\/FOTO-2-B-300x169.jpeg 300w, https:\/\/compartiendoondas.com\/wp-content\/uploads\/2024\/04\/FOTO-2-B-768x432.jpeg 768w, https:\/\/compartiendoondas.com\/wp-content\/uploads\/2024\/04\/FOTO-2-B-1536x864.jpeg 1536w, https:\/\/compartiendoondas.com\/wp-content\/uploads\/2024\/04\/FOTO-2-B-2048x1152.jpeg 2048w, https:\/\/compartiendoondas.com\/wp-content\/uploads\/2024\/04\/FOTO-2-B-2000x1125.jpeg 2000w\" sizes=\"auto, (max-width: 1024px) 100vw, 1024px\" \/><\/figure>\n<\/div>\n<\/div>\n\n\n\n<p><\/p>\n\n\n\n<p><em>Haztjar es una chica de 20 a\u00f1os que huy\u00f3 de la guerra en Palestina , con un familiar suyo. Ella naci\u00f3 en Gaza y creci\u00f3 con miedo, escuchando cada d\u00eda bombardeos. Cada d\u00eda mataban a alguien que ella conoc\u00eda o a un familiar suyo.&nbsp;<\/em><\/p>\n\n\n\n<p><em>Un d\u00eda se despert\u00f3 con una noticia muy mala: hab\u00edan bombardeado su escuela donde ella estudiaba. Cada d\u00eda secuestraban a personas de su alrededor, hasta que un d\u00eda entraron a su casa, rompiendo la puerta y secuestraron a sus padres y ya no supo m\u00e1s de ellos. Desde ese d\u00eda se fueron a vivir con su t\u00eda y all\u00ed crecieron, con miedo.<\/em><\/p>\n\n\n\n<p><em>A los 18 a\u00f1os, su t\u00eda y su hermano mayor decidieron ir a otro pa\u00eds. Lo hicieron por la noche, y estaban cruzando la frontera con Egipto, cuando comenzaron a dispararles. Su t\u00eda fue alcanzada y no pudieron detenerse a ayudarla, ya que les iban a disparar. Al final lograron cruzar la frontera, pero sin su t\u00eda.<\/em><\/p>\n\n\n\n<p><em>Se quedaron unos meses, se quedaron unos meses en Egipto, ella y su hermano, se buscaron la vida y se vinieron a Espa\u00f1a.<\/em><\/p>\n\n\n\n<p><em>Os voy a transmitir la realidad de esta guerra. Muchas personas piensan que esta guerra comenz\u00f3 el 10 de Octubre 2023, pero esta guerra lleva m\u00e1s de 75 a\u00f1os sufriendo este genocidio. Los medios de comunicaci\u00f3n nos ponen una venda en los ojos, y no vemos la realidad de las cosas. \u00bfQu\u00e9 sentir\u00edais vosotros si vivierais en un pa\u00eds que est\u00e1 sufriendo, no d\u00e1ndole voz y call\u00e1ndole, mantando a vuestros seres queridos durante muchos a\u00f1os, y cuando os defend\u00e9is os llaman terroristas?&nbsp;<\/em><\/p>\n\n\n\n<p><em>Hatjat despu\u00e9s de lo que ha vivido se siente muy triste, depencionada y sin energ\u00eda y con miedo. Ahora ella en Espa\u00f1a, se siente c\u00f3moda f\u00edsicamente, pero mentalmente est\u00e1 sufriendo por las personas de su tierra que a\u00fan contin\u00faa sufriendo, y ella sin poder hacer nada, escuchando cosas que no son verdades de su pa\u00eds.<\/em><\/p>\n\n\n\n<p><em>Ella desear\u00eda ver a sus familiares solo una vez. Ella desear\u00eda que se viera la realidad y que parase esta guerra y todas las guerras del mundo\u201d.<\/em><\/p>\n\n\n\n<p>Y para finalizar Zahira nos va a contar un genial relato corto \u201cSi junt\u00e1semos todas las camas del mundo\u201d: <\/p>\n\n\n\n<div class=\"wp-block-columns are-vertically-aligned-center is-layout-flex wp-container-core-columns-is-layout-28f84493 wp-block-columns-is-layout-flex\">\n<div class=\"wp-block-column is-vertically-aligned-center is-layout-flow wp-block-column-is-layout-flow\">\n<figure class=\"wp-block-image size-large\"><img loading=\"lazy\" decoding=\"async\" width=\"1024\" height=\"771\" src=\"https:\/\/compartiendoondas.com\/wp-content\/uploads\/2024\/04\/FOTO-3-A-1024x771.jpg\" alt=\"\" class=\"wp-image-640\" srcset=\"https:\/\/compartiendoondas.com\/wp-content\/uploads\/2024\/04\/FOTO-3-A-1024x771.jpg 1024w, https:\/\/compartiendoondas.com\/wp-content\/uploads\/2024\/04\/FOTO-3-A-300x226.jpg 300w, https:\/\/compartiendoondas.com\/wp-content\/uploads\/2024\/04\/FOTO-3-A-768x578.jpg 768w, https:\/\/compartiendoondas.com\/wp-content\/uploads\/2024\/04\/FOTO-3-A-1536x1157.jpg 1536w, https:\/\/compartiendoondas.com\/wp-content\/uploads\/2024\/04\/FOTO-3-A-2048x1542.jpg 2048w, https:\/\/compartiendoondas.com\/wp-content\/uploads\/2024\/04\/FOTO-3-A-2000x1506.jpg 2000w\" sizes=\"auto, (max-width: 1024px) 100vw, 1024px\" \/><\/figure>\n<\/div>\n\n\n\n<div class=\"wp-block-column is-vertically-aligned-center is-layout-flow wp-block-column-is-layout-flow\">\n<p><em>\u201c \u00bfQu\u00e9 ocurrir\u00eda si junt\u00e1ramos todas las camas del mundo? , pero no las de un pueblo, o un pa\u00eds entero, \u00a1\u00a1\u00a1\u00a1 sino todas las camas que hay en el mundo !!!. Pues se montar\u00eda enseguida una gran guerra, Primera Guerra Mundial de Almohadones.&nbsp;<\/em><\/p>\n\n\n\n<p><em>Lo bueno de la guerra de almohadones es que no hacen da\u00f1o a nadie\u2026 \u00a1\u00a1\u00a1 siempre que no haya cremalleras, claro !!!!<\/em><\/p>\n<\/div>\n<\/div>\n\n\n\n<p><\/p>\n\n\n\n<p><em>Y cuando se nos pase las ganas de jugar, y nos cans\u00e1ramos, y nos vi\u00e9ramos rodeados de camas, de millones y millones de camas por todas partes, entonces nos dar\u00edamos cuenta que\u2026. hay camas gordas como una nube gorda de primavera, y otras delgadas, tan delgadas como un cart\u00f3n. Y hay otras altas, tan altas como la de los antiguos cuentos, y otras bajas como las de debajo de un puente.<\/em><\/p>\n\n\n\n<div class=\"wp-block-columns are-vertically-aligned-center is-layout-flex wp-container-core-columns-is-layout-28f84493 wp-block-columns-is-layout-flex\">\n<div class=\"wp-block-column is-vertically-aligned-center is-layout-flow wp-block-column-is-layout-flow\" style=\"flex-basis:66.66%\">\n<p><\/p>\n\n\n\n<p><em>Hay camas blandas como los brazos de una mami, y las hay que son duras como el suelo de una calle. Hay camas tan grandes en la que uno se pierde y otras muy peque\u00f1as en las que todas las noches se intentan dormir 7. Unas son calientes como las del abuelo, y otras son fr\u00edas como las de un hospital.&nbsp;<\/em><\/p>\n\n\n\n<p><em>Pero lo mejor, lo mejor que junt\u00e1ramos todas las camas del mundo, ser\u00eda que por lo menos esa noche toda la gente del mundo podr\u00eda dormir sobre una cama, y descansar y so\u00f1ar tranquilamente\u201d.<\/em><\/p>\n<\/div>\n\n\n\n<div class=\"wp-block-column is-vertically-aligned-center is-layout-flow wp-block-column-is-layout-flow\" style=\"flex-basis:33.33%\">\n<figure class=\"wp-block-image size-large\"><img loading=\"lazy\" decoding=\"async\" width=\"771\" height=\"1024\" src=\"https:\/\/compartiendoondas.com\/wp-content\/uploads\/2024\/04\/FOTO-3-B-771x1024.jpg\" alt=\"\" class=\"wp-image-641\" srcset=\"https:\/\/compartiendoondas.com\/wp-content\/uploads\/2024\/04\/FOTO-3-B-771x1024.jpg 771w, https:\/\/compartiendoondas.com\/wp-content\/uploads\/2024\/04\/FOTO-3-B-226x300.jpg 226w, https:\/\/compartiendoondas.com\/wp-content\/uploads\/2024\/04\/FOTO-3-B-768x1020.jpg 768w, https:\/\/compartiendoondas.com\/wp-content\/uploads\/2024\/04\/FOTO-3-B-1157x1536.jpg 1157w, https:\/\/compartiendoondas.com\/wp-content\/uploads\/2024\/04\/FOTO-3-B-1542x2048.jpg 1542w, https:\/\/compartiendoondas.com\/wp-content\/uploads\/2024\/04\/FOTO-3-B-2000x2656.jpg 2000w, https:\/\/compartiendoondas.com\/wp-content\/uploads\/2024\/04\/FOTO-3-B-scaled.jpg 1928w\" sizes=\"auto, (max-width: 771px) 100vw, 771px\" \/><\/figure>\n<\/div>\n<\/div>\n\n\n\n<p><\/p>\n\n\n\n<div style=\"height:30px\" aria-hidden=\"true\" class=\"wp-block-spacer\"><\/div>\n\n\n\n<hr class=\"wp-block-separator has-alpha-channel-opacity\"\/>\n\n\n\n<div style=\"height:30px\" aria-hidden=\"true\" class=\"wp-block-spacer\"><\/div>\n\n\n\n<p class=\"has-text-align-center has-medium-font-size\"><strong>GRUPO<\/strong>\u00a0 <strong>1\u00ba FP B\u00c1SICA FABRICACI\u00d3N Y MONTAJE<\/strong><\/p>\n\n\n\n<p class=\"has-vivid-cyan-blue-color has-text-color\"><strong>TEMA CENTRAL<\/strong><\/p>\n\n\n\n<p><strong>El f\u00fatbol y sus valores.<\/strong><\/p>\n\n\n\n<p class=\"has-vivid-cyan-blue-color has-text-color\"><strong>PARTICIPANTES<\/strong><\/p>\n\n\n\n<p><strong>Nerea, Nuhayla, Kalum, Nathan, Mario, Iker, Jonathan, Cruz y Julio.<\/strong><\/p>\n\n\n\n<div style=\"height:30px\" aria-hidden=\"true\" class=\"wp-block-spacer\"><\/div>\n\n\n\n<figure class=\"wp-block-audio\"><audio controls src=\"https:\/\/compartiendoondas.com\/wp-content\/uploads\/2024\/04\/programa-2-1.mp3\"><\/audio><figcaption class=\"wp-element-caption\"><strong>Para escucharnos pincha en el audio<\/strong><\/figcaption><\/figure>\n\n\n\n<div style=\"height:30px\" aria-hidden=\"true\" class=\"wp-block-spacer\"><\/div>\n\n\n\n<p>Nerea y Nuhayla somos las presentadoras y agradecemos a todo el equipo su trabajo en la elaboraci\u00f3n de estas informaciones:&nbsp;<\/p>\n\n\n\n<p>El Noticiero Expr\u00e9s, con Kalum y Nathan, aportan la reflexi\u00f3n sobre el pasado campeonato mundial de F\u00fatbol celebrado en Qatar, que vulnera los Derechos Humanos:<\/p>\n\n\n\n<p><em><strong>INCREIBLE CIFRA DE TRABAJADORES MUERTOS EN LAS OBRAS DE LOS ESTADIOS DE F\u00daTBOL DE QATAR.<\/strong><\/em><\/p>\n\n\n\n<p><em>La Fundaci\u00f3n Democr\u00e1tica Internacional denunci\u00f3 las situaciones de exclavitud en las construcciones de los estadios, con un total de 6500 personas muertas, y el desplazamiento de trabajadores de los pa\u00edses de la India Pakistan, Nepal, Bangladesh y Filipinas, desarrollando jornadas laborales de 16 a 18 horas diarias, los 7 d\u00edas de la semana, soportando temperaturas de 50 grados.<\/em><\/p>\n\n\n\n<p><em><strong>PARA ELIMINAR LA VIOLENCIA DEL F\u00daTBOL ES NECESARIO COMENZAR POR LAS ESCUELAS DEPORTIVAS DE BASE.<\/strong><\/em><\/p>\n\n\n\n<p><em>Las peleas entre los padres en los partidos de f\u00fatbol de categor\u00eda infantil, no protegen la finalidad de las escuelas deportivas, ya que estas son espacios de aprendizaje y de compa\u00f1erismo. \u00a1 No a la violencia !<\/em><\/p>\n\n\n\n<p>Mario, Iker, Jonathan, nos acercan al personaje hist\u00f3rico: Edson Arantes do Nascimiento, PEL\u00c9.<\/p>\n\n\n\n<p><em>\u201cPel\u00e9 fue futbolista profesional brasile\u00f1o que jug\u00f3 como delantero. Naci\u00f3 en una localidad brasile\u00f1a de Tres Corazones en Minas Gerais, en 1940. Su actividad deportiva se inici\u00f3 en las calles de Brasil, con sus compa\u00f1eros y amigos de barrio, y en su club local de f\u00fatbol comenz\u00f3 a los 13 a\u00f1os.<\/em><\/p>\n\n\n\n<p><em>Su familia no ten\u00eda recursos econ\u00f3micos, por lo que su actividad deportiva fue dif\u00edcil.<\/em><\/p>\n\n\n\n<p><em>Pel\u00e9 ten\u00eda muchos valores, humanos y deportivos que es resumen en esta frase: <strong>EL \u00c9XITO NO ES UN ACCIDENTE. ES UN TRABAJO, CONSTANCIA, APRENDIZAJE, ESTUDIO, SACRIFICIO Y SOBRETODO AMOR POR LO QUE HACES O APRENDES A HACER \u201c.<\/strong><\/em><\/p>\n\n\n\n<p>En el espacio de la entrevista de Julio, escucharemos el testimonio de Cruz y su experiencia de jugador desde infantil:<\/p>\n\n\n\n<div class=\"wp-block-columns are-vertically-aligned-center is-layout-flex wp-container-core-columns-is-layout-28f84493 wp-block-columns-is-layout-flex\">\n<div class=\"wp-block-column is-vertically-aligned-center is-layout-flow wp-block-column-is-layout-flow\" style=\"flex-basis:66.66%\">\n<p>\u00bfQu\u00e9 es para ti el f\u00fatbol? <em>\u201cEs una actividad muy importante, ya que es mi deporte favorito, y me lo ense\u00f1\u00f3 mi abuelo!\u201d.<\/em><\/p>\n\n\n\n<p>\u00bfD\u00f3nde comenzaste? <em>\u201cComenc\u00e9 en la escuela de base de f\u00fatbol de Agullent, con 5 a\u00f1os.\u201d&nbsp;<\/em><\/p>\n\n\n\n<p>\u00bfQu\u00e9 te aport\u00f3 la escuela deportiva<em>? \u201cLas escuelas de base son muy importantes, ya que creas amigos, creas equipo, aprendes t\u00e9cnica, y vives nuevas experiencias\u201d.&nbsp;<\/em><\/p>\n\n\n\n<p>\u00bfQu\u00e9 has aprendido en tu actividad deportiva? <em>\u201dHe mejorado t\u00e9cnica y he aprendido que a veces se gana, y otras veces se pierde\u2026 y hay que gestionar la derrota, y puede ser complicado \u201c.<\/em><\/p>\n\n\n\n<p>\u00bfAnimar\u00edas a practicar deporte? <em>\u201cEl deporte en general es bueno para todas las personas tanto para su salud como para sentirse bien en general\u201d.<\/em><\/p>\n<\/div>\n\n\n\n<div class=\"wp-block-column is-vertically-aligned-center is-layout-flow wp-block-column-is-layout-flow\" style=\"flex-basis:33.33%\">\n<figure class=\"wp-block-image size-large\"><img loading=\"lazy\" decoding=\"async\" width=\"771\" height=\"1024\" src=\"https:\/\/compartiendoondas.com\/wp-content\/uploads\/2024\/04\/FOTO-8-1-771x1024.jpg\" alt=\"\" class=\"wp-image-661\" srcset=\"https:\/\/compartiendoondas.com\/wp-content\/uploads\/2024\/04\/FOTO-8-1-771x1024.jpg 771w, https:\/\/compartiendoondas.com\/wp-content\/uploads\/2024\/04\/FOTO-8-1-226x300.jpg 226w, https:\/\/compartiendoondas.com\/wp-content\/uploads\/2024\/04\/FOTO-8-1-768x1020.jpg 768w, https:\/\/compartiendoondas.com\/wp-content\/uploads\/2024\/04\/FOTO-8-1-1157x1536.jpg 1157w, https:\/\/compartiendoondas.com\/wp-content\/uploads\/2024\/04\/FOTO-8-1-1542x2048.jpg 1542w, https:\/\/compartiendoondas.com\/wp-content\/uploads\/2024\/04\/FOTO-8-1-2000x2656.jpg 2000w, https:\/\/compartiendoondas.com\/wp-content\/uploads\/2024\/04\/FOTO-8-1-scaled.jpg 1928w\" sizes=\"auto, (max-width: 771px) 100vw, 771px\" \/><\/figure>\n<\/div>\n<\/div>\n\n\n\n<div style=\"height:30px\" aria-hidden=\"true\" class=\"wp-block-spacer\"><\/div>\n\n\n\n<hr class=\"wp-block-separator has-alpha-channel-opacity\"\/>\n\n\n\n<div style=\"height:30px\" aria-hidden=\"true\" class=\"wp-block-spacer\"><\/div>\n\n\n\n<p class=\"has-text-align-center has-medium-font-size\"><strong>GRUPO<\/strong> <strong>2\u00ba <strong>FP B\u00c1SICA FABRICACI\u00d3N Y MONTAJE<\/strong>\u00a0<\/strong><\/p>\n\n\n\n<p class=\"has-vivid-cyan-blue-color has-text-color\"><strong>TEMA CENTRAL<\/strong><\/p>\n\n\n\n<p><strong>LOS VALORES DE LA VOLUNTAD Y EL TRABAJO EN EQUIPO.<\/strong><\/p>\n\n\n\n<p class=\"has-vivid-cyan-blue-color has-text-color\"><strong>PARTICIPANTES<\/strong><\/p>\n\n\n\n<p><strong>Alejandro, Miguel, Felipe, Hugo y Sergi.<\/strong><\/p>\n\n\n\n<div style=\"height:30px\" aria-hidden=\"true\" class=\"wp-block-spacer\"><\/div>\n\n\n\n<figure class=\"wp-block-audio\"><audio controls src=\"https:\/\/compartiendoondas.com\/wp-content\/uploads\/2024\/04\/programa-3-1.mp3\"><\/audio><figcaption class=\"wp-element-caption\"><strong>Puedes escucharnos aqu\u00ed.&nbsp;<\/strong><\/figcaption><\/figure>\n\n\n\n<div style=\"height:30px\" aria-hidden=\"true\" class=\"wp-block-spacer\"><\/div>\n\n\n\n<p>Alejando nos presenta esta rueda de entrevistas, en la que compartiremos ideas y experiencias muy interesantes.<\/p>\n\n\n\n<p>Miguel y Felipe tratan el valor de la capacidad humana de la VOLUNTAD, vinculada a la actividad personal que se realiza en el gimnasio.&nbsp;<\/p>\n\n\n\n<figure class=\"wp-block-image size-large\"><img loading=\"lazy\" decoding=\"async\" width=\"1024\" height=\"683\" src=\"https:\/\/compartiendoondas.com\/wp-content\/uploads\/2024\/04\/img_9552-1024x683.jpg\" alt=\"\" class=\"wp-image-685\" srcset=\"https:\/\/compartiendoondas.com\/wp-content\/uploads\/2024\/04\/img_9552-1024x683.jpg 1024w, https:\/\/compartiendoondas.com\/wp-content\/uploads\/2024\/04\/img_9552-300x200.jpg 300w, https:\/\/compartiendoondas.com\/wp-content\/uploads\/2024\/04\/img_9552-768x512.jpg 768w, https:\/\/compartiendoondas.com\/wp-content\/uploads\/2024\/04\/img_9552.jpg 1200w\" sizes=\"auto, (max-width: 1024px) 100vw, 1024px\" \/><\/figure>\n\n\n\n<p>\u00bfCu\u00e1l fue el motivo de apuntarte al gimnasio?: <em>\u201cQuer\u00eda dar un cambio en mi vida, tanto f\u00edsicamente como de opci\u00f3n para el tiempo libre tras el instituto\u201d.<\/em><\/p>\n\n\n\n<p>\u00bfQu\u00e9 cambios has notado?: <em>\u201cHubo muchos cambios en los 3 primeros meses\u201d.<\/em><\/p>\n\n\n\n<p>\u00bfHas tenido dificultades?<em> \u201cLo m\u00e1s dif\u00edcil es mantener una constancia, ya que hay d\u00edas que no tengo motivaci\u00f3n para poder ir, y tengo que esforzarme por continuar\u201d<\/em><\/p>\n\n\n\n<p>\u00bfY qu\u00e9 tal con el dolor f\u00edsico?: <em>\u201cEsto es una de las peores cosas, pero te da a entender que has trabajado bien ese d\u00eda en el gym\u201d.<\/em><\/p>\n\n\n\n<p>\u00bfRecomendar\u00edas esta actividad?: <em>\u201cTotalmente, ya que es una experiencia que ayuda en el d\u00eda a d\u00eda, f\u00edsicamente y mentalmente. Nos ayuda a liberar, a quitar el estr\u00e9s de ese d\u00eda, despejando mente y enfocando en lo f\u00edsico\u201d.&nbsp;<\/em><\/p>\n\n\n\n<p>\u00bfHasta qu\u00e9 edad lo recomendar\u00edas?:&nbsp;<em> Seg\u00fan estudios, se indica que en todas las edades es bueno, incluyendo a las personas de edad avanzada pues mantiene constante las articulaciones, previniendo la atrofia\u201d.<\/em><\/p>\n\n\n\n<p>Hugo y Sergi nos aportan su an\u00e1lisis sobre el TRABAJO EN EQUIPO.<\/p>\n\n\n\n<p>\u00bfQu\u00e9 es para ti el trabajo en equipo?: <em>\u201cEs un trabajo realizado por un grupo de personas, donde todas tienen un objetivo en com\u00fan\u201d.<\/em><\/p>\n\n\n\n<p>\u00bfTienes prop\u00f3sito de trabajo en equipo?: <em>\u201cPara m\u00ed el trabajo en equipo facilita el cumplimiento de los objetivos marcados, incrementa la motivaci\u00f3n, la creatividad, y favorece las habilidades sociales de cada persona\u201d.<\/em><\/p>\n\n\n\n<p>\u00bfPiensas que se podr\u00eda mejorar?: <em>\u201cClaro, y mejorando la relaci\u00f3n, organizando el trabajo y solucionando los problemas dialogando\u201d.<\/em><\/p>\n\n\n\n<p><em>Todo esto que nos dices, \u00bfpiensas que las empresas lo valorar\u00edan en positivo?: \u201cS\u00ed ya que se avanza m\u00e1s, y el equipo es m\u00e1s productivo, mejora las capacidades en el grupo y las capacidades de uno mismo, y mucho m\u00e1s\u201d.<\/em><\/p>\n\n\n\n<div style=\"height:30px\" aria-hidden=\"true\" class=\"wp-block-spacer\"><\/div>\n","protected":false},"excerpt":{"rendered":"<p>COMPARTIENDO ONDAS 7 IES POU CLAR GRUPO 1\u00ba FP B\u00c1SICA ACTIVIDADES DOM\u00c9STICAS Y LIMPIEZA DE EDIFICIOS TEMA CENTRAL Somos personas de paz. PARTICIPANTES Zahira, Johan, Soumia, Ivonne y Neus. Neus y Ivonne son las presentadoras, que nos invitan a conocer c\u00f3mo las personas podemos convivir en Paz. Esta comunicaci\u00f3n de ideas y experiencias sobre la &hellip; <\/p>\n<p class=\"link-more\"><a href=\"https:\/\/compartiendoondas.com\/?page_id=610\" class=\"more-link\">Leer m\u00e1s<span class=\"screen-reader-text\"> \u00abCOMPARTIENDO ONDAS 7\u00bb<\/span><\/a><\/p>\n","protected":false},"author":2,"featured_media":0,"parent":2,"menu_order":7,"comment_status":"closed","ping_status":"closed","template":"page-templates\/no-title.php","meta":{"om_disable_all_campaigns":false,"_monsterinsights_skip_tracking":false,"_monsterinsights_sitenote_active":false,"_monsterinsights_sitenote_note":"","_monsterinsights_sitenote_category":0,"footnotes":""},"class_list":["post-610","page","type-page","status-publish","hentry"],"aioseo_notices":[],"_links":{"self":[{"href":"https:\/\/compartiendoondas.com\/index.php?rest_route=\/wp\/v2\/pages\/610","targetHints":{"allow":["GET"]}}],"collection":[{"href":"https:\/\/compartiendoondas.com\/index.php?rest_route=\/wp\/v2\/pages"}],"about":[{"href":"https:\/\/compartiendoondas.com\/index.php?rest_route=\/wp\/v2\/types\/page"}],"author":[{"embeddable":true,"href":"https:\/\/compartiendoondas.com\/index.php?rest_route=\/wp\/v2\/users\/2"}],"replies":[{"embeddable":true,"href":"https:\/\/compartiendoondas.com\/index.php?rest_route=%2Fwp%2Fv2%2Fcomments&post=610"}],"version-history":[{"count":29,"href":"https:\/\/compartiendoondas.com\/index.php?rest_route=\/wp\/v2\/pages\/610\/revisions"}],"predecessor-version":[{"id":711,"href":"https:\/\/compartiendoondas.com\/index.php?rest_route=\/wp\/v2\/pages\/610\/revisions\/711"}],"up":[{"embeddable":true,"href":"https:\/\/compartiendoondas.com\/index.php?rest_route=\/wp\/v2\/pages\/2"}],"wp:attachment":[{"href":"https:\/\/compartiendoondas.com\/index.php?rest_route=%2Fwp%2Fv2%2Fmedia&parent=610"}],"curies":[{"name":"wp","href":"https:\/\/api.w.org\/{rel}","templated":true}]}}