{"id":648,"date":"2024-04-25T06:45:24","date_gmt":"2024-04-25T06:45:24","guid":{"rendered":"https:\/\/compartiendoondas.com\/?page_id=648"},"modified":"2025-05-26T16:09:37","modified_gmt":"2025-05-26T16:09:37","slug":"compartiendo-ondas-8","status":"publish","type":"page","link":"https:\/\/compartiendoondas.com\/?page_id=648","title":{"rendered":"COMPARTIENDO ONDAS 8"},"content":{"rendered":"\n<p class=\"has-text-align-center has-vivid-cyan-blue-color has-text-color has-x-large-font-size\"><strong>COMPARTIENDO ONDAS 8<\/strong><\/p>\n\n\n\n<div style=\"height:30px\" aria-hidden=\"true\" class=\"wp-block-spacer\"><\/div>\n\n\n\n<p class=\"has-text-align-center has-medium-font-size\"><strong>SOMOS RAZA HUMANA<\/strong><\/p>\n\n\n\n<div style=\"height:30px\" aria-hidden=\"true\" class=\"wp-block-spacer\"><\/div>\n\n\n\n<p class=\"has-vivid-cyan-blue-color has-text-color\"><strong>PARTICIPANTES<\/strong><\/p>\n\n\n\n<p>Nelly, Abimael, Camilly, Teresa, Malak, Ilyana, Carlos, Iker, Alisson, Juan Jos\u00e9 y Luisao.<\/p>\n\n\n\n<p>El tema central <strong>\u201cSomos raza humana\u201d<\/strong>, es un dilema para muchas personas, y est\u00e1 muy claro para otras. A veces nos hacemos estas preguntas: \u00bfHay razas diferentes o solo una evoluci\u00f3n? \u00bfHay etiquetas sobre las personas?&#8230;<\/p>\n\n\n\n<p>Para dar respuestas a estas preguntas y muchas m\u00e1s, tenemos un equipo estupendo que ha preparado estos espacios radiof\u00f3nicos: <\/p>\n\n\n\n<ul class=\"wp-block-list\">\n<li>La entrevista a Isabelle Mamadou Blanco, activista defensora de DDHH y representante del Decenio Afrodescendiente en Espa\u00f1a. Coordinadora de la delegaci\u00f3n de Movimiento por la Paz en la Comunidad Valenciana.<\/li>\n\n\n\n<li>El relato corto \u201cEl sembrador\u201d de la autora cubana Nitza G\u00f3mez, sobre la diversidad cultural.<\/li>\n\n\n\n<li>La encuesta en la calle sobre el concepto prejuicio y estereotipo.<\/li>\n\n\n\n<li>El personaje hist\u00f3rico vinculado a DDHH: Malala y su defensa activa por el derecho a la Educaci\u00f3n de las ni\u00f1as y las mujeres.<\/li>\n\n\n\n<li>El misterio de la personificaci\u00f3n, que nos dar\u00e1 pistas para saber de qui\u00e9n se trata.<\/li>\n\n\n\n<li>Las recomendaciones para el tiempo libre:&nbsp; las pelis \u201cInvictus\u201d y \u201cPlaneta 51\u201d y el libro \u201c\u00bfC\u00f3mo ser antirracista?\u201d.<\/li>\n<\/ul>\n\n\n\n<div style=\"height:30px\" aria-hidden=\"true\" class=\"wp-block-spacer\"><\/div>\n\n\n\n<figure class=\"wp-block-audio\"><audio controls src=\"https:\/\/compartiendoondas.com\/wp-content\/uploads\/2024\/04\/YMCA-OK.mp3\"><\/audio><figcaption class=\"wp-element-caption\"><strong>Play y escucha nuestro programa<\/strong><\/figcaption><\/figure>\n\n\n\n<div style=\"height:30px\" aria-hidden=\"true\" class=\"wp-block-spacer\"><\/div>\n\n\n\n<div class=\"wp-block-columns is-layout-flex wp-container-core-columns-is-layout-28f84493 wp-block-columns-is-layout-flex\">\n<div class=\"wp-block-column is-layout-flow wp-block-column-is-layout-flow\">\n<figure class=\"wp-block-image size-full\"><img loading=\"lazy\" decoding=\"async\" width=\"500\" height=\"333\" src=\"https:\/\/compartiendoondas.com\/wp-content\/uploads\/2024\/04\/CO8-2.jpg\" alt=\"\" class=\"wp-image-663\" srcset=\"https:\/\/compartiendoondas.com\/wp-content\/uploads\/2024\/04\/CO8-2.jpg 500w, https:\/\/compartiendoondas.com\/wp-content\/uploads\/2024\/04\/CO8-2-300x200.jpg 300w\" sizes=\"auto, (max-width: 500px) 100vw, 500px\" \/><\/figure>\n\n\n\n<figure class=\"wp-block-image size-full\"><img loading=\"lazy\" decoding=\"async\" width=\"500\" height=\"333\" src=\"https:\/\/compartiendoondas.com\/wp-content\/uploads\/2024\/04\/CO8-5.jpg\" alt=\"\" class=\"wp-image-666\" srcset=\"https:\/\/compartiendoondas.com\/wp-content\/uploads\/2024\/04\/CO8-5.jpg 500w, https:\/\/compartiendoondas.com\/wp-content\/uploads\/2024\/04\/CO8-5-300x200.jpg 300w\" sizes=\"auto, (max-width: 500px) 100vw, 500px\" \/><\/figure>\n<\/div>\n\n\n\n<div class=\"wp-block-column is-layout-flow wp-block-column-is-layout-flow\">\n<figure class=\"wp-block-image size-full\"><img loading=\"lazy\" decoding=\"async\" width=\"500\" height=\"333\" src=\"https:\/\/compartiendoondas.com\/wp-content\/uploads\/2024\/04\/CO8-3.jpg\" alt=\"\" class=\"wp-image-664\" srcset=\"https:\/\/compartiendoondas.com\/wp-content\/uploads\/2024\/04\/CO8-3.jpg 500w, https:\/\/compartiendoondas.com\/wp-content\/uploads\/2024\/04\/CO8-3-300x200.jpg 300w\" sizes=\"auto, (max-width: 500px) 100vw, 500px\" \/><\/figure>\n\n\n\n<figure class=\"wp-block-image size-full\"><img loading=\"lazy\" decoding=\"async\" width=\"500\" height=\"333\" src=\"https:\/\/compartiendoondas.com\/wp-content\/uploads\/2024\/04\/CO8-6.jpg\" alt=\"\" class=\"wp-image-667\" srcset=\"https:\/\/compartiendoondas.com\/wp-content\/uploads\/2024\/04\/CO8-6.jpg 500w, https:\/\/compartiendoondas.com\/wp-content\/uploads\/2024\/04\/CO8-6-300x200.jpg 300w\" sizes=\"auto, (max-width: 500px) 100vw, 500px\" \/><\/figure>\n<\/div>\n\n\n\n<div class=\"wp-block-column is-layout-flow wp-block-column-is-layout-flow\">\n<figure class=\"wp-block-image size-full\"><img loading=\"lazy\" decoding=\"async\" width=\"500\" height=\"333\" src=\"https:\/\/compartiendoondas.com\/wp-content\/uploads\/2024\/04\/CO8-4.jpg\" alt=\"\" class=\"wp-image-665\" srcset=\"https:\/\/compartiendoondas.com\/wp-content\/uploads\/2024\/04\/CO8-4.jpg 500w, https:\/\/compartiendoondas.com\/wp-content\/uploads\/2024\/04\/CO8-4-300x200.jpg 300w\" sizes=\"auto, (max-width: 500px) 100vw, 500px\" \/><\/figure>\n\n\n\n<figure class=\"wp-block-image size-full\"><img loading=\"lazy\" decoding=\"async\" width=\"500\" height=\"333\" src=\"https:\/\/compartiendoondas.com\/wp-content\/uploads\/2024\/04\/CO8-7.jpg\" alt=\"\" class=\"wp-image-668\" srcset=\"https:\/\/compartiendoondas.com\/wp-content\/uploads\/2024\/04\/CO8-7.jpg 500w, https:\/\/compartiendoondas.com\/wp-content\/uploads\/2024\/04\/CO8-7-300x200.jpg 300w\" sizes=\"auto, (max-width: 500px) 100vw, 500px\" \/><\/figure>\n<\/div>\n<\/div>\n\n\n\n<figure class=\"wp-block-image size-large\"><img loading=\"lazy\" decoding=\"async\" width=\"1024\" height=\"683\" src=\"https:\/\/compartiendoondas.com\/wp-content\/uploads\/2024\/04\/CO8-3A-1024x683.jpg\" alt=\"\" class=\"wp-image-669\" srcset=\"https:\/\/compartiendoondas.com\/wp-content\/uploads\/2024\/04\/CO8-3A-1024x683.jpg 1024w, https:\/\/compartiendoondas.com\/wp-content\/uploads\/2024\/04\/CO8-3A-300x200.jpg 300w, https:\/\/compartiendoondas.com\/wp-content\/uploads\/2024\/04\/CO8-3A-768x512.jpg 768w, https:\/\/compartiendoondas.com\/wp-content\/uploads\/2024\/04\/CO8-3A-1536x1024.jpg 1536w, https:\/\/compartiendoondas.com\/wp-content\/uploads\/2024\/04\/CO8-3A-2048x1365.jpg 2048w, https:\/\/compartiendoondas.com\/wp-content\/uploads\/2024\/04\/CO8-3A-2000x1333.jpg 2000w\" sizes=\"auto, (max-width: 1024px) 100vw, 1024px\" \/><figcaption class=\"wp-element-caption\"><strong>Grupo joven YMCA Valencia<\/strong><\/figcaption><\/figure>\n\n\n\n<p><\/p>\n\n\n\n<p>Espacio de la entrevista a Isabelle Mamadou Blanco responsable de Movimiento por la Paz \u2013 MPDL en Valencia y l\u00edder Afrodescendiente, por Camilly&nbsp; y Teresa.<\/p>\n\n\n\n<p><strong><em>\u201cCuando hablamos de la raza humana, se nos viene la situaci\u00f3n hist\u00f3rica negativa de la esclavitud. Surge en el SXV, \u00bfqu\u00e9 hac\u00edan esas personas africanas convertidos en esclavos? \u00bfPor qu\u00e9 miedos pasaban?&nbsp;<\/em><\/strong><\/p>\n\n\n\n<p><strong><em>Hay situaciones de esclavitud actual que trabajan por dos euros en el campo, en el cuidado de los hogares, en la clandestinidad.<\/em><\/strong><\/p>\n\n\n\n<p><strong><em>Isabelle, \u00bfQu\u00e9 es una persona afrodescendiente?:<\/em><\/strong><em> \u201cEs una persona que guarda alg\u00fan tipo de relaci\u00f3n con \u00c1frica, porque sus padres, abuelos, o antepasados eran africanos. Pero la palabra afrodescendiente no es solo que visiblemente seamos personas negras o biraciales, sino que es una palabra que va mucho m\u00e1s all\u00e1 del tono de la piel, la textura del pelo, o los rasgos f\u00edsicos. Por ejemplo en mi caso, soy hija de madre blanca europea y de padre negro africano, pero a pesar de haber crecido en Valencia, me identifico mucho m\u00e1s con mi identidad cultural africana, porque los platos que cocino, la m\u00fasica que escucho, y mis valores familiares, guardan una relaci\u00f3n mucho m\u00e1s estrecha con \u00c1frica en general, que con Europa. Y las personas que nos autoidentificamos como afrodescendientes, somos un grupo muy diverso, que venimos de muchas partes del mundo, pero lo que tenemos en com\u00fan es que todas nosotras sufrimos las consecuencias del racismo y la discriminaci\u00f3n racial. <\/em><\/p>\n\n\n\n<figure class=\"wp-block-image size-full\"><img loading=\"lazy\" decoding=\"async\" width=\"1000\" height=\"667\" src=\"https:\/\/compartiendoondas.com\/wp-content\/uploads\/2024\/04\/CO8-8.jpg\" alt=\"\" class=\"wp-image-672\" srcset=\"https:\/\/compartiendoondas.com\/wp-content\/uploads\/2024\/04\/CO8-8.jpg 1000w, https:\/\/compartiendoondas.com\/wp-content\/uploads\/2024\/04\/CO8-8-300x200.jpg 300w, https:\/\/compartiendoondas.com\/wp-content\/uploads\/2024\/04\/CO8-8-768x512.jpg 768w\" sizes=\"auto, (max-width: 1000px) 100vw, 1000px\" \/><\/figure>\n\n\n\n<p><strong><em>Isabelle, \u00bfTe has sentido discriminada alguna vez, y si es as\u00ed c\u00f3mo te sentiste?: <\/em><\/strong><em>\u201cS\u00ed, efectivamente me he sentido discriminada por mi color de piel, pero no solo en Espa\u00f1a, tambi\u00e9n en varios pa\u00edses. Desde gestos, miradas, insultos, e incluso sufr\u00ed una agresi\u00f3n f\u00edsica que me dej\u00f3 una herida emocional y psicol\u00f3gica, durante mucho tiempo. Por eso convert\u00ed la lucha contra el racismo en una parte esencial de mi vida, siendo defensora de Derechos Humanos.&nbsp;<\/em><\/p>\n\n\n\n<p><strong><em>En esta tercera pregunta, queremos saber m\u00e1s del Decenio Afrodescendiente: <\/em><\/strong><em>\u201cEl Decenio Internacional para las personas afrodescendientes es un periodo de tiempo de 10 a\u00f1os, que comenz\u00f3 en el 2025 y que finalizar\u00e1 en este 2024. Fue proclamado por la Asamblea General de las Naciones Unidas (ONU), para que sus 193 estados miembros, que son todos los pa\u00edses del mundo a excepci\u00f3n del Vaticano, adoptaran a lo largo de estos 10 a\u00f1os, tanto medidas como leyes y nuevas acciones para concienciar y visibilizar la discriminaci\u00f3n que sufrimos las personas de ascendencia africana.<\/em><\/p>\n\n\n\n<p><em>Unos ejemplos de ello son la adopci\u00f3n de leyes contra el racismo, la celebraci\u00f3n de d\u00edas internacionales en recuerdo de las personas v\u00edctimas de la esclavitud, o incluyendo en los libros de texto de las escuelas tem\u00e1ticas espec\u00edficas sobre la realidad del comercio de personas esclavizadas y sus consecuencias actuales.<\/em><\/p>\n\n\n\n<p><em>El decenio es una estrategia de la ONU que busca que las comunidades reflexionemos qu\u00e9 podemos hacer y de qu\u00e9 manera podemos contribuir al antirracismo en nuestras vidas cotidianas\u201d<\/em><\/p>\n\n\n\n<figure class=\"wp-block-image size-large\"><img loading=\"lazy\" decoding=\"async\" width=\"1024\" height=\"410\" src=\"https:\/\/compartiendoondas.com\/wp-content\/uploads\/2024\/04\/CO8-9-10j-1024x410.jpg\" alt=\"\" class=\"wp-image-678\" srcset=\"https:\/\/compartiendoondas.com\/wp-content\/uploads\/2024\/04\/CO8-9-10j-1024x410.jpg 1024w, https:\/\/compartiendoondas.com\/wp-content\/uploads\/2024\/04\/CO8-9-10j-300x120.jpg 300w, https:\/\/compartiendoondas.com\/wp-content\/uploads\/2024\/04\/CO8-9-10j-768x307.jpg 768w, https:\/\/compartiendoondas.com\/wp-content\/uploads\/2024\/04\/CO8-9-10j-1536x615.jpg 1536w, https:\/\/compartiendoondas.com\/wp-content\/uploads\/2024\/04\/CO8-9-10j.jpg 1919w\" sizes=\"auto, (max-width: 1024px) 100vw, 1024px\" \/><\/figure>\n\n\n\n<div class=\"wp-block-columns is-layout-flex wp-container-core-columns-is-layout-28f84493 wp-block-columns-is-layout-flex\">\n<div class=\"wp-block-column is-layout-flow wp-block-column-is-layout-flow\" style=\"flex-basis:100%\">\n<figure class=\"wp-block-image size-full\"><img loading=\"lazy\" decoding=\"async\" width=\"1000\" height=\"486\" src=\"https:\/\/compartiendoondas.com\/wp-content\/uploads\/2024\/04\/CO8-11.jpg\" alt=\"\" class=\"wp-image-674\" srcset=\"https:\/\/compartiendoondas.com\/wp-content\/uploads\/2024\/04\/CO8-11.jpg 1000w, https:\/\/compartiendoondas.com\/wp-content\/uploads\/2024\/04\/CO8-11-300x146.jpg 300w, https:\/\/compartiendoondas.com\/wp-content\/uploads\/2024\/04\/CO8-11-768x373.jpg 768w\" sizes=\"auto, (max-width: 1000px) 100vw, 1000px\" \/><\/figure>\n<\/div>\n<\/div>\n\n\n\n<p><\/p>\n\n\n\n<p><strong><em>\u00bfPiensas Isabelle, que a\u00fan hay esclavitud?: <\/em><\/strong><em>\u201cS\u00ed hay esclavitud y de muchas formas distintas. Hoy en d\u00eda hablamos de esclavitud moderna, y el \u00faltimo informe de la ONU de 2021 habla de 50 millones de personas que actualmente son esclavas en el mundo. Esta es una cifra muy, muy elevada.&nbsp;<\/em><\/p>\n\n\n\n<p><em>Situaciones de esclavitud moderna tenemos la esclavitud de trabajo infantil o la trata de personas que normalmente es con fines de explotaci\u00f3n sexual, siendo en su mayor\u00eda mujeres y ni\u00f1as y ni\u00f1os.&nbsp;<\/em><\/p>\n\n\n\n<p><em>Otro ejemplo son los trabajadores temporeros africanos que recogen la fruta en Andaluc\u00eda. No s\u00e9 si sab\u00e9is que Espa\u00f1a tiene los invernaderos m\u00e1s grandes del mundo, despu\u00e9s de China. Con la cosecha que realizan estas personas se abastece a toda Europa, y al igual que sus antepasados esclavizados, que recog\u00edan arroz, tabaco o algod\u00f3n, ellos trabajan y viven en situaciones de esclavitud actual: sueldos bajos, sin contratos y viven en \u201ccasas\u201d de cart\u00f3n y pl\u00e1stico, sin agua potable ni gesti\u00f3n de los residuos. Es una situaci\u00f3n muy preocupante.<\/em><\/p>\n\n\n\n<p><strong><em>\u00bfTe sientes orgullosa de ser afrodescendiente?: <\/em><\/strong><em>\u201cLa verdad que nunca me lo hab\u00eda planteado as\u00ed. Creo que me siento orgullosa de todas las aportaciones que han realizado otras personas afrodescendientes a la humanidad, incluso mucho antes de que yo naciera, y que nos han abierto puertas y nos han dado acceso a espacios a los que era imposible llegar hace 50 a\u00f1os, incluida en la esfera pol\u00edtica. En la actualidad de tenemos pocas personas negras en pol\u00edtica, pero es que hace diez a\u00f1os no ten\u00edamos a ninguna persona afrodescendiente en pol\u00edtica. Por ello siento que me inspiran todas estas personas afrodescendientes que sin miedo se rebelaron contra las injusticias y reclamaron el fin de las desigualdades. Lo identifico como un orgullo colectivo por las cosas que hemos conseguido, por los logros y por todos los obst\u00e1culos que hemos superado.<\/em><\/p>\n\n\n\n<div class=\"wp-block-columns are-vertically-aligned-center is-layout-flex wp-container-core-columns-is-layout-28f84493 wp-block-columns-is-layout-flex\">\n<div class=\"wp-block-column is-vertically-aligned-center is-layout-flow wp-block-column-is-layout-flow\">\n<figure class=\"wp-block-image size-full\"><img loading=\"lazy\" decoding=\"async\" width=\"458\" height=\"129\" src=\"https:\/\/compartiendoondas.com\/wp-content\/uploads\/2024\/04\/LOGO-YMCA-azul_-1.png\" alt=\"\" class=\"wp-image-680\" srcset=\"https:\/\/compartiendoondas.com\/wp-content\/uploads\/2024\/04\/LOGO-YMCA-azul_-1.png 458w, https:\/\/compartiendoondas.com\/wp-content\/uploads\/2024\/04\/LOGO-YMCA-azul_-1-300x84.png 300w\" sizes=\"auto, (max-width: 458px) 100vw, 458px\" \/><\/figure>\n<\/div>\n\n\n\n<div class=\"wp-block-column is-vertically-aligned-center is-layout-flow wp-block-column-is-layout-flow\">\n<figure class=\"wp-block-image size-full\"><img loading=\"lazy\" decoding=\"async\" width=\"537\" height=\"277\" src=\"https:\/\/compartiendoondas.com\/wp-content\/uploads\/2024\/04\/Africandescent-Logo.png\" alt=\"\" class=\"wp-image-681\" srcset=\"https:\/\/compartiendoondas.com\/wp-content\/uploads\/2024\/04\/Africandescent-Logo.png 537w, https:\/\/compartiendoondas.com\/wp-content\/uploads\/2024\/04\/Africandescent-Logo-300x155.png 300w\" sizes=\"auto, (max-width: 537px) 100vw, 537px\" \/><\/figure>\n<\/div>\n<\/div>\n","protected":false},"excerpt":{"rendered":"<p>COMPARTIENDO ONDAS 8 SOMOS RAZA HUMANA PARTICIPANTES Nelly, Abimael, Camilly, Teresa, Malak, Ilyana, Carlos, Iker, Alisson, Juan Jos\u00e9 y Luisao. El tema central \u201cSomos raza humana\u201d, es un dilema para muchas personas, y est\u00e1 muy claro para otras. A veces nos hacemos estas preguntas: \u00bfHay razas diferentes o solo una evoluci\u00f3n? \u00bfHay etiquetas sobre las &hellip; <\/p>\n<p class=\"link-more\"><a href=\"https:\/\/compartiendoondas.com\/?page_id=648\" class=\"more-link\">Leer m\u00e1s<span class=\"screen-reader-text\"> \u00abCOMPARTIENDO ONDAS 8\u00bb<\/span><\/a><\/p>\n","protected":false},"author":2,"featured_media":0,"parent":2,"menu_order":8,"comment_status":"closed","ping_status":"closed","template":"page-templates\/no-title.php","meta":{"om_disable_all_campaigns":false,"_monsterinsights_skip_tracking":false,"_monsterinsights_sitenote_active":false,"_monsterinsights_sitenote_note":"","_monsterinsights_sitenote_category":0,"footnotes":""},"class_list":["post-648","page","type-page","status-publish","hentry"],"aioseo_notices":[],"_links":{"self":[{"href":"https:\/\/compartiendoondas.com\/index.php?rest_route=\/wp\/v2\/pages\/648","targetHints":{"allow":["GET"]}}],"collection":[{"href":"https:\/\/compartiendoondas.com\/index.php?rest_route=\/wp\/v2\/pages"}],"about":[{"href":"https:\/\/compartiendoondas.com\/index.php?rest_route=\/wp\/v2\/types\/page"}],"author":[{"embeddable":true,"href":"https:\/\/compartiendoondas.com\/index.php?rest_route=\/wp\/v2\/users\/2"}],"replies":[{"embeddable":true,"href":"https:\/\/compartiendoondas.com\/index.php?rest_route=%2Fwp%2Fv2%2Fcomments&post=648"}],"version-history":[{"count":15,"href":"https:\/\/compartiendoondas.com\/index.php?rest_route=\/wp\/v2\/pages\/648\/revisions"}],"predecessor-version":[{"id":1757,"href":"https:\/\/compartiendoondas.com\/index.php?rest_route=\/wp\/v2\/pages\/648\/revisions\/1757"}],"up":[{"embeddable":true,"href":"https:\/\/compartiendoondas.com\/index.php?rest_route=\/wp\/v2\/pages\/2"}],"wp:attachment":[{"href":"https:\/\/compartiendoondas.com\/index.php?rest_route=%2Fwp%2Fv2%2Fmedia&parent=648"}],"curies":[{"name":"wp","href":"https:\/\/api.w.org\/{rel}","templated":true}]}}