{"id":923,"date":"2024-10-14T07:29:29","date_gmt":"2024-10-14T07:29:29","guid":{"rendered":"https:\/\/compartiendoondas.com\/?page_id=923"},"modified":"2025-05-26T16:35:23","modified_gmt":"2025-05-26T16:35:23","slug":"compartiendo-ondas-12","status":"publish","type":"page","link":"https:\/\/compartiendoondas.com\/?page_id=923","title":{"rendered":"COMPARTIENDO ONDAS 12"},"content":{"rendered":"\n<p class=\"has-text-align-center has-vivid-cyan-blue-color has-text-color has-link-color has-x-large-font-size wp-elements-bbe4050570c68377f53fcf66d5f37130\"><strong>COMPARTIENDO ONDAS 12<\/strong><\/p>\n\n\n\n<div style=\"height:30px\" aria-hidden=\"true\" class=\"wp-block-spacer\"><\/div>\n\n\n\n<p class=\"has-text-align-center has-medium-font-size\"><strong>MUJERES LIDERESAS EN LA PARTICIPACI\u00d3N SOCIAL<\/strong><\/p>\n\n\n\n<div style=\"height:30px\" aria-hidden=\"true\" class=\"wp-block-spacer\"><\/div>\n\n\n\n<p class=\"has-vivid-cyan-blue-color has-text-color has-link-color has-medium-font-size wp-elements-da2174d3951ce505ae50ae4ce504d754\"><strong>PARTICIPANTES DE VAL\u00c8NCIA <\/strong><\/p>\n\n\n\n<p class=\"has-medium-font-size\"><strong>Grupo de mujeres de apoyo mutuo. Xarxa d\u2019Escoletes Infantils de Casa Caridad.<\/strong><\/p>\n\n\n\n<p class=\"has-vivid-cyan-blue-color has-text-color has-link-color has-medium-font-size wp-elements-c20b9517ca88de79a6075d0a3f267915\"><strong>PARTICIPANTES DE COLOMBIA <\/strong><\/p>\n\n\n\n<p class=\"has-medium-font-size\"><strong>Norlis Judith Herrera Vald\u00e9s de la localidad de San Onofre y Rosina Mart\u00ednez Ochoa, de la localidad de San Bravo Bol\u00edvar.<\/strong><\/p>\n\n\n\n<div style=\"height:30px\" aria-hidden=\"true\" class=\"wp-block-spacer\"><\/div>\n\n\n\n<p>Compartiendo Ondas nos habla de mujeres importantes en nuestras vidas, mujeres que participan en la comunidad social, mujeres lideresas que defienden los Derechos de las Mujeres y por tanto los Derechos Humanos.<\/p>\n\n\n\n<div style=\"height:10px\" aria-hidden=\"true\" class=\"wp-block-spacer\"><\/div>\n\n\n\n<h3 class=\"wp-block-heading has-vivid-cyan-blue-color has-text-color has-link-color wp-elements-114c1ec47f9869b23a44e3c937316586\">LAS MUJERES LIDERESAS SOMOS TODAS, PORQUE COMPARTIMOS SEGURIDAD, CONFIANZA, ENERG\u00cdA Y GANAS.<\/h3>\n\n\n\n<div style=\"height:10px\" aria-hidden=\"true\" class=\"wp-block-spacer\"><\/div>\n\n\n\n<p>Agradecemos a todas estas mujeres valientes que se han expresado en Compartiendo Ondas, espacio de conexi\u00f3n con nosotras y con las otras:<\/p>\n\n\n\n<p><strong>Loveth<\/strong>, con su interpretaci\u00f3n de la canci\u00f3n Sweet Mother \u201cDulce Madre\u201d, apoyando en la traducci\u00f3n de <strong>Divine y Evelyn<\/strong>.<\/p>\n\n\n\n<p><strong>Safae y Joy<\/strong>, que nos aportan sus m\u00e1s grandes lideresas, sus madres. El espacio se llama Mi madre y yo.<\/p>\n\n\n\n<p>Las compa\u00f1eras de Colombia nos van a contar si experiencia como lideresas de Derechos Humanos, <strong>Rosina Mart\u00ednez y Norlis Herrera<\/strong>.<\/p>\n\n\n\n<p><strong>Jaspreet&nbsp;y&nbsp;Fatine<\/strong>, responden \u201c\u00bfQui\u00e9nes somos las mujeres? \u201c.<\/p>\n\n\n\n<p><strong>Luisa y Sandra<\/strong> nos hablar\u00e1 de Aguas Santas Oca\u00f1a Navarro.<\/p>\n\n\n\n<p><strong>Chahrazad&nbsp;y&nbsp;Salma<\/strong>&nbsp;nos aportar\u00e1n qui\u00e9n es Aixa Xena, trabajadora social en Marruecos.<\/p>\n\n\n\n<p><strong><mark style=\"background-color:rgba(0, 0, 0, 0)\" class=\"has-inline-color has-black-color\">Cheri<\/mark><\/strong> nos contar\u00e1 c\u00f3mo Concha, su maestra le ayud\u00f3 a cambiar y mejorar.<\/p>\n\n\n\n<p><strong>Laura<\/strong> nos acerca a la gran dimensi\u00f3n de una lideresa argentina: Hebe Bonafine.<\/p>\n\n\n\n<p>Y nosotras somos las presentadoras <strong>Hebe y Dalila<\/strong>, que os acompa\u00f1amos a lo largo del Compartiendo Ondas: <strong>MUJERES LIDERESAS EN LA PARTICIPACI\u00d3N SOCIAL<\/strong>.<\/p>\n\n\n\n<figure class=\"wp-block-image size-full\"><img loading=\"lazy\" decoding=\"async\" width=\"1024\" height=\"768\" src=\"https:\/\/compartiendoondas.com\/wp-content\/uploads\/2024\/10\/HebeDalila.jpg\" alt=\"\" class=\"wp-image-930\" srcset=\"https:\/\/compartiendoondas.com\/wp-content\/uploads\/2024\/10\/HebeDalila.jpg 1024w, https:\/\/compartiendoondas.com\/wp-content\/uploads\/2024\/10\/HebeDalila-300x225.jpg 300w, https:\/\/compartiendoondas.com\/wp-content\/uploads\/2024\/10\/HebeDalila-768x576.jpg 768w\" sizes=\"auto, (max-width: 1024px) 100vw, 1024px\" \/><\/figure>\n\n\n\n<div style=\"height:30px\" aria-hidden=\"true\" class=\"wp-block-spacer\"><\/div>\n\n\n\n<figure class=\"wp-block-audio\"><audio controls src=\"https:\/\/compartiendoondas.com\/wp-content\/uploads\/2024\/10\/Compartiendo-Ondas-12-APOYO-MUTUO.mp3\"><\/audio><figcaption class=\"wp-element-caption\"><strong>Play y compartiremos buenas ideas<\/strong><\/figcaption><\/figure>\n\n\n\n<p><\/p>\n\n\n\n<div style=\"height:30px\" aria-hidden=\"true\" class=\"wp-block-spacer\"><\/div>\n\n\n\n<figure class=\"wp-block-image size-full\"><img loading=\"lazy\" decoding=\"async\" width=\"1024\" height=\"768\" src=\"https:\/\/compartiendoondas.com\/wp-content\/uploads\/2024\/10\/LovethdivineEvelyn.jpg\" alt=\"\" class=\"wp-image-932\" srcset=\"https:\/\/compartiendoondas.com\/wp-content\/uploads\/2024\/10\/LovethdivineEvelyn.jpg 1024w, https:\/\/compartiendoondas.com\/wp-content\/uploads\/2024\/10\/LovethdivineEvelyn-300x225.jpg 300w, https:\/\/compartiendoondas.com\/wp-content\/uploads\/2024\/10\/LovethdivineEvelyn-768x576.jpg 768w\" sizes=\"auto, (max-width: 1024px) 100vw, 1024px\" \/><\/figure>\n\n\n\n<div style=\"height:30px\" aria-hidden=\"true\" class=\"wp-block-spacer\"><\/div>\n\n\n\n<p class=\"has-text-align-center has-vivid-cyan-blue-color has-text-color has-link-color has-medium-font-size wp-elements-1b495719e33b15a8e95cfbf17e0bdd30\"><strong>LAS CANCIONES NOS HABLAN DE PAZ<\/strong><\/p>\n\n\n\n<div style=\"height:30px\" aria-hidden=\"true\" class=\"wp-block-spacer\"><\/div>\n\n\n\n<p><em>Dulce madre, no voy a olvidarte, por el sufrimiento que tienes por m\u00ed.<\/em><\/p>\n\n\n\n<p><em>Cuando quiero dormir, mi madre me ayuda y me acompa\u00f1a a la cama. Ella me cubre, y me dice: duerme, duerme mi hija.<\/em><\/p>\n\n\n\n<p><em>Cuando estoy enferma mi madre llora, y quiere que me cure, y dice: yo morir\u00eda por ti.<\/em><\/p>\n\n\n\n<p><em>Cuando lloro, me acompa\u00f1a, y siempre est\u00e1 a mi lado, y me dice dulce: Calma, no llores m\u00e1s.<\/em><\/p>\n\n\n\n<p><em>Cuando tengo hambre, ella siempre encuentra algo para m\u00ed.<\/em><\/p>\n\n\n\n<p><em>Ella siempre me ayuda, para descansar, para comer, para so\u00f1ar\u2026&nbsp;<\/em><\/p>\n\n\n\n<p><em>Nunca podr\u00e9 olvidarte.&nbsp;<\/em><\/p>\n\n\n\n<p><em>Te quiero.&nbsp;<\/em><\/p>\n\n\n\n<div style=\"height:30px\" aria-hidden=\"true\" class=\"wp-block-spacer\"><\/div>\n\n\n\n<p class=\"has-text-align-center has-vivid-cyan-blue-color has-text-color has-link-color has-medium-font-size wp-elements-243e40219525afdac5439d4d0a0ec399\"><strong>NUESTRAS MADRES, GRANDES LIDERESAS<\/strong><\/p>\n\n\n\n<div style=\"height:30px\" aria-hidden=\"true\" class=\"wp-block-spacer\"><\/div>\n\n\n\n<p><em>De un pueblo peque\u00f1o sin opciones de trabajo ni estudios, mi madre ha sabido tener constancia y estudiar con muchas dificultades, hasta que ha conseguido un trabajo en el ayuntamiento de la ciudad, incluso comprar su propia casa y realizando toda la atenci\u00f3n a la familia.<\/em><\/p>\n\n\n\n<p><em>De ella he aprendido que hay que seguir, aprendiendo, no abandonando, y cada vez se va a m\u00e1s. Ahora tengo m\u00e1s energ\u00eda para reconocer las oportunidades que podemos encontrar participando en la asociaci\u00f3n.<\/em><\/p>\n\n\n\n<figure class=\"wp-block-image size-large\"><img loading=\"lazy\" decoding=\"async\" width=\"1024\" height=\"627\" src=\"https:\/\/compartiendoondas.com\/wp-content\/uploads\/2024\/10\/FOTO-5-1024x627.jpg\" alt=\"\" class=\"wp-image-1004\" srcset=\"https:\/\/compartiendoondas.com\/wp-content\/uploads\/2024\/10\/FOTO-5-1024x627.jpg 1024w, https:\/\/compartiendoondas.com\/wp-content\/uploads\/2024\/10\/FOTO-5-300x184.jpg 300w, https:\/\/compartiendoondas.com\/wp-content\/uploads\/2024\/10\/FOTO-5-768x470.jpg 768w, https:\/\/compartiendoondas.com\/wp-content\/uploads\/2024\/10\/FOTO-5-1536x940.jpg 1536w, https:\/\/compartiendoondas.com\/wp-content\/uploads\/2024\/10\/FOTO-5.jpg 1600w\" sizes=\"auto, (max-width: 1024px) 100vw, 1024px\" \/><\/figure>\n\n\n\n<p><em>Mi madre no lo tuvo f\u00e1cil. Solo pod\u00edan estudiar los hombres, y tuvo que ir a trabajar al campo. Es una mujer con mucha energ\u00eda y con mucha alegr\u00eda para hacer las cosas. Algunas veces iba con ella, y cultivamos cacahuete, yemba, coco y lentejas.<\/em><\/p>\n\n\n\n<p><em>Pero hoy mi madre no est\u00e1 conmigo, mi madre fue asesinada, y por ello hemos sufrido mucho. Yo soy la \u00fanica hija, junto a mis cinco hermanos. Ella muri\u00f3 con 55 a\u00f1os, y no ha podido ver c\u00f3mo nosotros hemos mejorado y estamos en Espa\u00f1a. La echo mucho de menos y me hubiera gustado mucho poder disfrutar juntas de todo lo conseguido.<\/em><\/p>\n\n\n\n<div style=\"height:30px\" aria-hidden=\"true\" class=\"wp-block-spacer\"><\/div>\n\n\n\n<p class=\"has-text-align-center has-vivid-cyan-blue-color has-text-color has-link-color has-medium-font-size wp-elements-50f8b7ef1d91ca5447ac6317b428d249\"><strong>NUESTRAS COMPA\u00d1ERAS LIDERESAS EN COLOMBIA<\/strong><\/p>\n\n\n\n<div style=\"height:30px\" aria-hidden=\"true\" class=\"wp-block-spacer\"><\/div>\n\n\n\n<p>Un saludo desde el municipio de San Onofre. Soy <strong>Norlis Judith Herrera Vald\u00e9s<\/strong>, y en relaci\u00f3n a las ideas fundamentales sobre la participaci\u00f3n social de las mujeres, somos las promotoras de los Derechos Humanos,&nbsp; y buscamos terminar con la violencia basada en g\u00e9nero.<\/p>\n\n\n\n<p>Por ello somos mujeres activistas y feministas, somos emprendedoras, h\u00e1biles y so\u00f1amos, so\u00f1amos de todo.<\/p>\n\n\n\n<p>Para nosotras no hay barreras, siempre estanos ah\u00ed, para resolver cualquier cosa que pueda pasar.<\/p>\n\n\n\n<p>En nuestro contexto de Colombia, se una mujer lideresa es ser una mujer \u201cverraca\u201d es decir una mujer que busca cambiar realidades y transformar. Siempre est\u00e1 gestionando y trabajando en equipo, con poder de convocatoria, y que es un referente para su comunidad.<\/p>\n\n\n\n<p>Su deseo es estar siempre en lo social, trabajando por los derechos de las mujeres y de las personas, con enfoque diferencial.<\/p>\n\n\n\n<p>Por ello la participaci\u00f3n social es la vocaci\u00f3n, la pasi\u00f3n, la transformaci\u00f3n y la inclusi\u00f3n, articulando la sociedad civil con la institucionalidad. Esta brecha es a veces complicada pero muchas y muchos estamos implicadas en ello.<\/p>\n\n\n\n<p><strong>Rosina Mart\u00ednez Ochoa, de San Bravo Bol\u00edvar<\/strong>.&nbsp; Es muy importante que resaltemos la participaci\u00f3n de las mujeres en cada uno de los espacios en el \u00e1mbito social, pol\u00edtico y privado, ya que es importante mantener la relaci\u00f3n de g\u00e9nero, la equidad de g\u00e9nero y las perspectivas que como mujeres podemos tener.&nbsp;<\/p>\n\n\n\n<p>Es muy importante para toda la comunidad tener el reconocimiento desde la perspectiva de g\u00e9nero, para poder ponernos en el zapato de la otra persona, para poder ver las necesidades expl\u00edcitas de las mujeres. Por ello nuestro compromiso como lideresas, se resarce la deuda hist\u00f3rica de tener en el olvido a las mujeres, y por ello es fundamental el reconocimiento del trabajo de las mujeres en la sociedad.<\/p>\n\n\n\n<p>En este sentido nuestro trabajo es que se cumplan los Derechos de las Mujeres, reconociendo como sujeto expl\u00edcito de derechos a las mujeres, tanto en la normativa nacional como internacional.<\/p>\n\n\n\n<p>Las mujeres hemos sido apartadas de los \u00e1mbitos, sociales, pol\u00edticos y privados, y las mujeres lideresas resaltan y restituyen el da\u00f1o que esto ha provocado, tanto en estigmas y etiquetas.<\/p>\n\n\n\n<p>Nosotras damos a conocer una de nuestras fortaleza que es el \u00e1mbito cultural que impregna toda la vida comunitaria, y se refleja en lo pol\u00edtico y social. As\u00ed se hace necesario participar socialmente para estar en los espacios de toma de decisiones para poder minimizar los riesgos y las vulnerabilidades de nosotras las mujeres, que las conocemos porque las vivimos.<\/p>\n\n\n\n<div style=\"height:30px\" aria-hidden=\"true\" class=\"wp-block-spacer\"><\/div>\n\n\n\n<p class=\"has-text-align-center has-vivid-cyan-blue-color has-text-color has-link-color has-medium-font-size wp-elements-72a668585f11b186a6bbc737a0893a28\"><strong>PENSAMIENTO POR LOS DERECHOS DE LAS MUJERES<\/strong><\/p>\n\n\n\n<div style=\"height:30px\" aria-hidden=\"true\" class=\"wp-block-spacer\"><\/div>\n\n\n\n<p><\/p>\n\n\n\n<div class=\"wp-block-columns are-vertically-aligned-center is-layout-flex wp-container-core-columns-is-layout-28f84493 wp-block-columns-is-layout-flex\">\n<div class=\"wp-block-column is-vertically-aligned-center is-layout-flow wp-block-column-is-layout-flow\">\n<figure class=\"wp-block-image size-large\"><img loading=\"lazy\" decoding=\"async\" width=\"1005\" height=\"1024\" src=\"https:\/\/compartiendoondas.com\/wp-content\/uploads\/2024\/10\/FOTO-6-1005x1024.jpg\" alt=\"\" class=\"wp-image-940\" srcset=\"https:\/\/compartiendoondas.com\/wp-content\/uploads\/2024\/10\/FOTO-6-1005x1024.jpg 1005w, https:\/\/compartiendoondas.com\/wp-content\/uploads\/2024\/10\/FOTO-6-295x300.jpg 295w, https:\/\/compartiendoondas.com\/wp-content\/uploads\/2024\/10\/FOTO-6-768x782.jpg 768w, https:\/\/compartiendoondas.com\/wp-content\/uploads\/2024\/10\/FOTO-6-1508x1536.jpg 1508w, https:\/\/compartiendoondas.com\/wp-content\/uploads\/2024\/10\/FOTO-6.jpg 1571w\" sizes=\"auto, (max-width: 1005px) 100vw, 1005px\" \/><\/figure>\n<\/div>\n\n\n\n<div class=\"wp-block-column is-vertically-aligned-center is-layout-flow wp-block-column-is-layout-flow\">\n<p>Las mujeres damos la vida<\/p>\n\n\n\n<p>Las mujeres somos grandes.<\/p>\n\n\n\n<p>Las mujeres somos trabajadoras y somos alegres.<\/p>\n\n\n\n<p>Las mujeres ense\u00f1amos, y jugamos, y participamos en la sociedad. Somos parte de la sociedad.<\/p>\n\n\n\n<p>Sin nosotras no habr\u00e1 Paz.<\/p>\n<\/div>\n\n\n\n<div class=\"wp-block-column is-vertically-aligned-center is-layout-flow wp-block-column-is-layout-flow\">\n<figure class=\"wp-block-image size-large\"><img loading=\"lazy\" decoding=\"async\" width=\"932\" height=\"1024\" src=\"https:\/\/compartiendoondas.com\/wp-content\/uploads\/2024\/10\/FOTO-7-932x1024.jpg\" alt=\"\" class=\"wp-image-941\" srcset=\"https:\/\/compartiendoondas.com\/wp-content\/uploads\/2024\/10\/FOTO-7-932x1024.jpg 932w, https:\/\/compartiendoondas.com\/wp-content\/uploads\/2024\/10\/FOTO-7-273x300.jpg 273w, https:\/\/compartiendoondas.com\/wp-content\/uploads\/2024\/10\/FOTO-7-768x843.jpg 768w, https:\/\/compartiendoondas.com\/wp-content\/uploads\/2024\/10\/FOTO-7-1399x1536.jpg 1399w, https:\/\/compartiendoondas.com\/wp-content\/uploads\/2024\/10\/FOTO-7.jpg 1457w\" sizes=\"auto, (max-width: 932px) 100vw, 932px\" \/><\/figure>\n<\/div>\n<\/div>\n\n\n\n<p><\/p>\n\n\n\n<div style=\"height:30px\" aria-hidden=\"true\" class=\"wp-block-spacer\"><\/div>\n\n\n\n<p class=\"has-text-align-center has-vivid-cyan-blue-color has-text-color has-link-color has-medium-font-size wp-elements-17e24805779f4cf5d30465b8f43b490f\"><strong>MUJERES LIDERESAS EN LA HISTORIA<\/strong><\/p>\n\n\n\n<div style=\"height:30px\" aria-hidden=\"true\" class=\"wp-block-spacer\"><\/div>\n\n\n\n<figure class=\"wp-block-image size-large\"><img loading=\"lazy\" decoding=\"async\" width=\"1024\" height=\"719\" src=\"https:\/\/compartiendoondas.com\/wp-content\/uploads\/2024\/10\/FOTO-8-1024x719.jpg\" alt=\"\" class=\"wp-image-943\" srcset=\"https:\/\/compartiendoondas.com\/wp-content\/uploads\/2024\/10\/FOTO-8-1024x719.jpg 1024w, https:\/\/compartiendoondas.com\/wp-content\/uploads\/2024\/10\/FOTO-8-300x211.jpg 300w, https:\/\/compartiendoondas.com\/wp-content\/uploads\/2024\/10\/FOTO-8-768x539.jpg 768w, https:\/\/compartiendoondas.com\/wp-content\/uploads\/2024\/10\/FOTO-8-1536x1078.jpg 1536w, https:\/\/compartiendoondas.com\/wp-content\/uploads\/2024\/10\/FOTO-8.jpg 1600w\" sizes=\"auto, (max-width: 1024px) 100vw, 1024px\" \/><\/figure>\n\n\n\n<p><strong>Aguas Oca\u00f1a, fue la primera dama en Honduras<\/strong>, ya que se cas\u00f3 con el presidente Ricardo Maduro. Su trabajo se caracteriz\u00f3 por su atenci\u00f3n al sistema de protecci\u00f3n de la infancia en Honduras. Logr\u00f3 cambiar las conciencias de la sociedad en Honduras ante la grave situaci\u00f3n de los ni\u00f1os y las ni\u00f1as en situaci\u00f3n de calle, sin familia.<\/p>\n\n\n\n<p><\/p>\n\n\n\n<div class=\"wp-block-columns is-layout-flex wp-container-core-columns-is-layout-28f84493 wp-block-columns-is-layout-flex\">\n<div class=\"wp-block-column is-vertically-aligned-center is-layout-flow wp-block-column-is-layout-flow\">\n<figure class=\"wp-block-image size-large\"><img loading=\"lazy\" decoding=\"async\" width=\"819\" height=\"1024\" src=\"https:\/\/compartiendoondas.com\/wp-content\/uploads\/2024\/10\/FOTO-10-copy-819x1024.jpg\" alt=\"\" class=\"wp-image-968\" srcset=\"https:\/\/compartiendoondas.com\/wp-content\/uploads\/2024\/10\/FOTO-10-copy-819x1024.jpg 819w, https:\/\/compartiendoondas.com\/wp-content\/uploads\/2024\/10\/FOTO-10-copy-240x300.jpg 240w, https:\/\/compartiendoondas.com\/wp-content\/uploads\/2024\/10\/FOTO-10-copy-768x960.jpg 768w, https:\/\/compartiendoondas.com\/wp-content\/uploads\/2024\/10\/FOTO-10-copy.jpg 1200w\" sizes=\"auto, (max-width: 819px) 100vw, 819px\" \/><\/figure>\n<\/div>\n\n\n\n<div class=\"wp-block-column is-layout-flow wp-block-column-is-layout-flow\">\n<p><strong>Aixa Xena es una trabajadora social, activista pro derechos de las mujeres en Marruecos<\/strong>. Se implic\u00f3 en eliminar el rechazo hacia las mujeres viudas, solteras y mujeres maltratadas, que en la mayor\u00eda de los casos se les quitaban a sus hijos e hijas.<\/p>\n\n\n\n<p>Ante esta realidad injusta, decidi\u00f3 crear en 1985 la asociaci\u00f3n que defendiera los derechos de estas mujeres y sus hijos. En el camino se encontr\u00f3 con gran parte de la sociedad rechazando la tarea de la asociaci\u00f3n, incluso con amenazas de muerte. El trabajo de la asociaci\u00f3n se consideraba inmoral.<\/p>\n\n\n\n<p>La finalidad era generar procesos de autonom\u00eda de las mujeres, tanto de formaci\u00f3n como de trabajo, mientras se ofrece la atenci\u00f3n a sus hijas e hijos.<\/p>\n\n\n\n<p>Poco a poco, su tarea y la de la asociaci\u00f3n ha ido cambiando la conciencia de la sociedad marroqu\u00ed, siendo premiada en diferentes pa\u00edses europeos, y finalmente en el 2002 en Marruecos.<\/p>\n<\/div>\n<\/div>\n\n\n\n<p>Aixa falleci\u00f3 en el 2022, y la asociaci\u00f3n Solidaridad Mujer de Marruecos ha continuado su compromiso por la defensa de los Derechos de las Mujeres y los Derechos de la Infancia.<\/p>\n\n\n\n<p>Tambi\u00e9n tenemos mujeres valientes entre nosotras, mujeres que ayudan a otras mujeres y quiero reconocer la ayuda de mi amiga y compa\u00f1era Zaradasade, que estuvo a mi lado en un momento complicado de mi vida.&nbsp;<\/p>\n\n\n\n<p>Siempre lo agradecer\u00e9.<\/p>\n\n\n\n<div style=\"height:30px\" aria-hidden=\"true\" class=\"wp-block-spacer\"><\/div>\n\n\n\n<p class=\"has-text-align-center has-vivid-cyan-blue-color has-text-color has-link-color has-medium-font-size wp-elements-bb4e15ea1db5e6924c5c9ab5b8ed2f2a\"><strong>MI MAESTRA, UNA MUJER LIDERESA EN EDUCACI\u00d3N<\/strong><\/p>\n\n\n\n<div style=\"height:30px\" aria-hidden=\"true\" class=\"wp-block-spacer\"><\/div>\n\n\n\n<p>Concha ha sido mi maestra, y gracias a su trabajo he podido superar dificultades, creer en mi misma, mejorar en los ex\u00e1menes, y alcanzar mis metas.<\/p>\n\n\n\n<p>Su paciencia y su motivaci\u00f3n son sus principales valores, que me ayudaron. Concha tiene mucho car\u00e1cter, es luchadora, y se pone en tu piel, que te escucha y comprende, sin juzgar.&nbsp;<\/p>\n\n\n\n<figure class=\"wp-block-image size-full\"><img loading=\"lazy\" decoding=\"async\" width=\"1329\" height=\"881\" src=\"https:\/\/compartiendoondas.com\/wp-content\/uploads\/2024\/10\/FOTO-11.jpg\" alt=\"\" class=\"wp-image-953\" srcset=\"https:\/\/compartiendoondas.com\/wp-content\/uploads\/2024\/10\/FOTO-11.jpg 1329w, https:\/\/compartiendoondas.com\/wp-content\/uploads\/2024\/10\/FOTO-11-300x199.jpg 300w, https:\/\/compartiendoondas.com\/wp-content\/uploads\/2024\/10\/FOTO-11-1024x679.jpg 1024w, https:\/\/compartiendoondas.com\/wp-content\/uploads\/2024\/10\/FOTO-11-768x509.jpg 768w\" sizes=\"auto, (max-width: 1329px) 100vw, 1329px\" \/><\/figure>\n\n\n\n<p>Concha es divertida, Concha es ella misma, en definitiva es un modelo a seguir y una fuente de inspiraci\u00f3n, para todas aquellas personas que nos hemos cruzado en su camino.<\/p>\n\n\n\n<div style=\"height:30px\" aria-hidden=\"true\" class=\"wp-block-spacer\"><\/div>\n\n\n\n<p class=\"has-text-align-center has-vivid-cyan-blue-color has-text-color has-link-color has-medium-font-size wp-elements-66e0984234ba51bb792bd5c340f5fe49\"><strong>HEBE BONAFINE, LIDERESA POR LOS DERECHOS HUMANOS&nbsp;<\/strong><\/p>\n\n\n\n<div style=\"height:30px\" aria-hidden=\"true\" class=\"wp-block-spacer\"><\/div>\n\n\n\n<p>Hebe Bonafine fue una activista argentina y cofundadora de la Asociaci\u00f3n Madres de la Plaza de Mayo, que son madres de personas detenidas y desaparecidas durante la \u00faltima dictadura c\u00edvico militar entre 1978 y 1983 en Argentina.&nbsp;<\/p>\n\n\n\n<p>En esos a\u00f1os las personas desaparec\u00edan por el plan de terror, secuestros, torturas, desapariciones forzadas y robo de beb\u00e9s. Claramente se atentaba contra los derechos humanos, y muchas de las madres de estas personas desaparecidas salieron a la plaza, y comenzaron a protestar pac\u00edficamente.<\/p>\n\n\n\n<p>Hebe ten\u00eda 3 hijos, siendo dos de ellos secuestrados, y su mundo de cuidado de la casa y los suyos, cambi\u00f3, decidiendo participar activamente, abriendo su visi\u00f3n a qu\u00e9 estaba pasando en Argentina, pidiendo respuestas.&nbsp;<\/p>\n\n\n\n<p>Se cre\u00f3 un colecto com\u00fan de mujeres, que sal\u00edan cada jueves, siendo su s\u00edmbolo el pa\u00f1uelo blanco en la cabeza. Tuvieron el respaldo de los medios de comunicaci\u00f3n extranjeros y su mensaje fue calando a nivel mundial. En Argentina su confrontaci\u00f3n pac\u00edfica molestaba mucho y sufrieron acoso de todo tipo, pero ellas continuaron.<\/p>\n\n\n\n<p>Claramente es el ejemplo de una mujer que toc\u00f3 un tema muy profundo y oscuro de la historia, y aprendemos que cada mujer tenemos que luchar pac\u00edficamente por algo en nuestra propia vida, por los derechos que no se tienen, por la voz en la sociedad que no se tiene, por un salario inferior, o simplemente por ser mujer, y todo ello es por la justicia social.&nbsp;<\/p>\n\n\n\n<p>Por todo ello seguimos luchando para escucharnos m\u00e1s fuerte!!!!<\/p>\n\n\n\n<div style=\"height:30px\" aria-hidden=\"true\" class=\"wp-block-spacer\"><\/div>\n\n\n\n<div style=\"height:30px\" aria-hidden=\"true\" class=\"wp-block-spacer\"><\/div>\n\n\n\n<div class=\"wp-block-columns is-layout-flex wp-container-core-columns-is-layout-28f84493 wp-block-columns-is-layout-flex\">\n<div class=\"wp-block-column is-vertically-aligned-center is-layout-flow wp-block-column-is-layout-flow\">\n<figure class=\"wp-block-image alignright size-full is-resized\"><img loading=\"lazy\" decoding=\"async\" width=\"914\" height=\"479\" src=\"https:\/\/compartiendoondas.com\/wp-content\/uploads\/2025\/05\/Vicepresidencia-2-i-Conselleria-de-Serveis-Socials-Igualtat-i-Habitatge-BN.png\" alt=\"\" class=\"wp-image-1764\" style=\"width:450px\" srcset=\"https:\/\/compartiendoondas.com\/wp-content\/uploads\/2025\/05\/Vicepresidencia-2-i-Conselleria-de-Serveis-Socials-Igualtat-i-Habitatge-BN.png 914w, https:\/\/compartiendoondas.com\/wp-content\/uploads\/2025\/05\/Vicepresidencia-2-i-Conselleria-de-Serveis-Socials-Igualtat-i-Habitatge-BN-300x157.png 300w\" sizes=\"auto, (max-width: 914px) 100vw, 914px\" \/><\/figure>\n<\/div>\n\n\n\n<div class=\"wp-block-column is-vertically-aligned-center is-layout-flow wp-block-column-is-layout-flow\">\n<figure class=\"wp-block-image alignleft size-full is-resized\"><img loading=\"lazy\" decoding=\"async\" width=\"589\" height=\"122\" src=\"https:\/\/compartiendoondas.com\/wp-content\/uploads\/2025\/05\/image001.jpg\" alt=\"\" class=\"wp-image-1763\" style=\"width:450px\" srcset=\"https:\/\/compartiendoondas.com\/wp-content\/uploads\/2025\/05\/image001.jpg 589w, https:\/\/compartiendoondas.com\/wp-content\/uploads\/2025\/05\/image001-300x62.jpg 300w\" sizes=\"auto, (max-width: 589px) 100vw, 589px\" \/><\/figure>\n<\/div>\n<\/div>\n","protected":false},"excerpt":{"rendered":"<p>COMPARTIENDO ONDAS 12 MUJERES LIDERESAS EN LA PARTICIPACI\u00d3N SOCIAL PARTICIPANTES DE VAL\u00c8NCIA Grupo de mujeres de apoyo mutuo. Xarxa d\u2019Escoletes Infantils de Casa Caridad. PARTICIPANTES DE COLOMBIA Norlis Judith Herrera Vald\u00e9s de la localidad de San Onofre y Rosina Mart\u00ednez Ochoa, de la localidad de San Bravo Bol\u00edvar. Compartiendo Ondas nos habla de mujeres importantes &hellip; <\/p>\n<p class=\"link-more\"><a href=\"https:\/\/compartiendoondas.com\/?page_id=923\" class=\"more-link\">Leer m\u00e1s<span class=\"screen-reader-text\"> \u00abCOMPARTIENDO ONDAS 12\u00bb<\/span><\/a><\/p>\n","protected":false},"author":2,"featured_media":0,"parent":2,"menu_order":12,"comment_status":"closed","ping_status":"closed","template":"page-templates\/no-title.php","meta":{"om_disable_all_campaigns":false,"_monsterinsights_skip_tracking":false,"_monsterinsights_sitenote_active":false,"_monsterinsights_sitenote_note":"","_monsterinsights_sitenote_category":0,"footnotes":""},"class_list":["post-923","page","type-page","status-publish","hentry"],"aioseo_notices":[],"_links":{"self":[{"href":"https:\/\/compartiendoondas.com\/index.php?rest_route=\/wp\/v2\/pages\/923","targetHints":{"allow":["GET"]}}],"collection":[{"href":"https:\/\/compartiendoondas.com\/index.php?rest_route=\/wp\/v2\/pages"}],"about":[{"href":"https:\/\/compartiendoondas.com\/index.php?rest_route=\/wp\/v2\/types\/page"}],"author":[{"embeddable":true,"href":"https:\/\/compartiendoondas.com\/index.php?rest_route=\/wp\/v2\/users\/2"}],"replies":[{"embeddable":true,"href":"https:\/\/compartiendoondas.com\/index.php?rest_route=%2Fwp%2Fv2%2Fcomments&post=923"}],"version-history":[{"count":25,"href":"https:\/\/compartiendoondas.com\/index.php?rest_route=\/wp\/v2\/pages\/923\/revisions"}],"predecessor-version":[{"id":1766,"href":"https:\/\/compartiendoondas.com\/index.php?rest_route=\/wp\/v2\/pages\/923\/revisions\/1766"}],"up":[{"embeddable":true,"href":"https:\/\/compartiendoondas.com\/index.php?rest_route=\/wp\/v2\/pages\/2"}],"wp:attachment":[{"href":"https:\/\/compartiendoondas.com\/index.php?rest_route=%2Fwp%2Fv2%2Fmedia&parent=923"}],"curies":[{"name":"wp","href":"https:\/\/api.w.org\/{rel}","templated":true}]}}